{"id":763676,"date":"2025-08-28T10:48:15","date_gmt":"2025-08-28T07:48:15","guid":{"rendered":"https:\/\/roveyayinevi.com.tr\/index.php\/urun\/karahan-kartal-terbiyecisi\/"},"modified":"2026-04-15T03:29:40","modified_gmt":"2026-04-15T00:29:40","slug":"karahan-kartal-terbiyecisi","status":"publish","type":"product","link":"https:\/\/roveyayinevi.com.tr\/index.php\/urun\/karahan-kartal-terbiyecisi\/","title":{"rendered":"Karahan &#8211; Kartal Terbiyecisi"},"content":{"rendered":"<p>Bask\u0131ndan kurtar\u0131lan be\u015f \u00e7ocuk\u2026 G\u00f6zlerden uzak, sakl\u0131 bir \u00e7iftlik evi\u2026 Ad\u0131n\u0131 tarihe yazd\u0131rm\u0131\u015f usta bir hafiye\u2026 Vatanlar\u0131n\u0131 savunmak i\u00e7in yeti\u015ftirilen, birbirinden farkl\u0131 yeteneklere sahip be\u015f arkada\u015f\u0131n casusluk maceralar\u0131\u2026Balkanlardaki k\u00f6y bask\u0131n\u0131nda, Karahan ve arkada\u015flar\u0131n\u0131n aileleri \u00f6ld\u00fcr\u00fcl\u00fcr. \u00d6ks\u00fcz ve yetim kalan \u00e7ocuklar, usta hafiye Ku\u015f\u00e7uba\u015f\u0131 taraf\u0131ndan kurtar\u0131larak gizli bir \u00e7iftlik evine getirilirler. Zaman\u0131n \u00fcst\u00fcnde teknolojilere sahip bu \u00e7iftlik evinde, yeteneklerine g\u00f6re e\u011fitilen \u00e7ocuklar, Melek Ana ve Zenci Musa\u2019n\u0131n g\u00f6zetiminde cesur birer hafiye olmalar\u0131 i\u00e7in yeti\u015ftirilirler. Ustalar\u0131 olan Ku\u015f\u00e7uba\u015f\u0131, Karahan\u2019\u0131 kartal terbiyecisi olarak se\u00e7mi\u015ftir. D\u00fc\u015fmana kar\u015f\u0131 amans\u0131z bir m\u00fccadelenin i\u00e7ine giren Karahan ve arkada\u015flar\u0131n\u0131, ekip ruhuyla hareket edecekleri, nefes kesen bir macera beklemektedir.<\/p>\n","protected":false},"excerpt":{"rendered":"<p>Bask\u0131ndan kurtar\u0131lan be\u015f \u00e7ocuk\u2026 G\u00f6zlerden uzak, sakl\u0131 bir \u00e7iftlik evi\u2026 Ad\u0131n\u0131 tarihe yazd\u0131rm\u0131\u015f usta bir hafiye\u2026 Vatanlar\u0131n\u0131 savunmak i\u00e7in yeti\u015ftirilen, birbirinden farkl\u0131 yeteneklere sahip be\u015f arkada\u015f\u0131n<span class=\"excerpt-hellip\"> [\u2026]<\/span><\/p>\n","protected":false},"featured_media":0,"template":"","meta":{"_monsterinsights_skip_tracking":false,"_monsterinsights_sitenote_active":false,"_monsterinsights_sitenote_note":"","_monsterinsights_sitenote_category":0},"product_brand":[],"product_cat":[12291,12711],"product_tag":[],"class_list":{"0":"post-763676","1":"product","2":"type-product","3":"status-publish","5":"product_cat-edebiyat","6":"product_cat-roman-oyku","7":"pa_cilt-ciltsiz","8":"pa_tur-kitap","9":"pa_yayinevi-carpe-diem-kitaplari","10":"pa_yazar-rabia-tunc","12":"first","13":"instock","14":"sale","15":"shipping-taxable","16":"purchasable","17":"product-type-simple"},"_links":{"self":[{"href":"https:\/\/roveyayinevi.com.tr\/index.php\/wp-json\/wp\/v2\/product\/763676","targetHints":{"allow":["GET"]}}],"collection":[{"href":"https:\/\/roveyayinevi.com.tr\/index.php\/wp-json\/wp\/v2\/product"}],"about":[{"href":"https:\/\/roveyayinevi.com.tr\/index.php\/wp-json\/wp\/v2\/types\/product"}],"wp:attachment":[{"href":"https:\/\/roveyayinevi.com.tr\/index.php\/wp-json\/wp\/v2\/media?parent=763676"}],"wp:term":[{"taxonomy":"product_brand","embeddable":true,"href":"https:\/\/roveyayinevi.com.tr\/index.php\/wp-json\/wp\/v2\/product_brand?post=763676"},{"taxonomy":"product_cat","embeddable":true,"href":"https:\/\/roveyayinevi.com.tr\/index.php\/wp-json\/wp\/v2\/product_cat?post=763676"},{"taxonomy":"product_tag","embeddable":true,"href":"https:\/\/roveyayinevi.com.tr\/index.php\/wp-json\/wp\/v2\/product_tag?post=763676"}],"curies":[{"name":"wp","href":"https:\/\/api.w.org\/{rel}","templated":true}]}}