{"id":763675,"date":"2025-08-28T10:48:13","date_gmt":"2025-08-28T07:48:13","guid":{"rendered":"https:\/\/roveyayinevi.com.tr\/index.php\/urun\/allaha-yonelis\/"},"modified":"2026-04-15T03:29:40","modified_gmt":"2026-04-15T00:29:40","slug":"allaha-yonelis","status":"publish","type":"product","link":"https:\/\/roveyayinevi.com.tr\/index.php\/urun\/allaha-yonelis\/","title":{"rendered":"Allah&#8217;a Y\u00f6neli\u015f"},"content":{"rendered":"<p>Kendi d\u00f6neminin \u00e2limlerinin de s\u00fbf\u00eelerinin de kutbu olan H\u00e2ris el-Muh\u00e2sib\u00ee, \u00fcnl\u00fc mutasavv\u0131f C\u00fcneyd-i Ba\u011fd\u00e2d\u00ee\u2019nin hocas\u0131yd\u0131. Bu kitap, onun verdi\u011fi bir \u00f6\u011f\u00fctler demetidir:Ak\u0131ll\u0131 ve takv\u00e2 sahibi kimselerden ba\u015fkas\u0131yla arkada\u015fl\u0131k etme!Yumu\u015fakl\u0131\u011f\u0131 dost, sabr\u0131 yolda\u015f edin!Ho\u015fg\u00f6r\u00fcl\u00fc ve ba\u011f\u0131\u015flay\u0131c\u0131 ol!Kimseye h\u00e2linden s\u0131zlan\u0131p yak\u0131nma!Dinini d\u00fcnya mal\u0131yla de\u011fi\u015f toku\u015f etmeye kalkma!Yaln\u0131z kalmak i\u00e7in kendine zaman ay\u0131r!Bu d\u00fcnya hayat\u0131n\u0131 \u00e2hiretin i\u00e7in bir binek yap!\u00c2hiret hayat\u0131n\u0131 as\u0131l yurdun, yuvan olarak g\u00f6r!Hasan-\u0131 Basr\u00ee hazretleri \u015f\u00f6yle der:Y\u00fcce Allah m\u00fcminler i\u00e7in cennetten ba\u015fka bir rahat ve huzur yeri yaratmam\u0131\u015ft\u0131r.<\/p>\n","protected":false},"excerpt":{"rendered":"<p>Kendi d\u00f6neminin \u00e2limlerinin de s\u00fbf\u00eelerinin de kutbu olan H\u00e2ris el-Muh\u00e2sib\u00ee, \u00fcnl\u00fc mutasavv\u0131f C\u00fcneyd-i Ba\u011fd\u00e2d\u00ee\u2019nin hocas\u0131yd\u0131. Bu kitap, onun verdi\u011fi bir \u00f6\u011f\u00fctler demetidir:Ak\u0131ll\u0131 ve takv\u00e2 sahibi kimselerden<span class=\"excerpt-hellip\"> [\u2026]<\/span><\/p>\n","protected":false},"featured_media":0,"template":"","meta":{"_monsterinsights_skip_tracking":false,"_monsterinsights_sitenote_active":false,"_monsterinsights_sitenote_note":"","_monsterinsights_sitenote_category":0},"product_brand":[],"product_cat":[12718,12719,15238],"product_tag":[],"class_list":{"0":"post-763675","1":"product","2":"type-product","3":"status-publish","5":"product_cat-din","6":"product_cat-islam","7":"product_cat-tasavvuf","8":"pa_cilt-ciltsiz","9":"pa_tur-kitap","10":"pa_yayinevi-sufi-kitap","11":"pa_yazar-haris-el-muhasibi","13":"first","14":"instock","15":"sale","16":"shipping-taxable","17":"purchasable","18":"product-type-simple"},"_links":{"self":[{"href":"https:\/\/roveyayinevi.com.tr\/index.php\/wp-json\/wp\/v2\/product\/763675","targetHints":{"allow":["GET"]}}],"collection":[{"href":"https:\/\/roveyayinevi.com.tr\/index.php\/wp-json\/wp\/v2\/product"}],"about":[{"href":"https:\/\/roveyayinevi.com.tr\/index.php\/wp-json\/wp\/v2\/types\/product"}],"wp:attachment":[{"href":"https:\/\/roveyayinevi.com.tr\/index.php\/wp-json\/wp\/v2\/media?parent=763675"}],"wp:term":[{"taxonomy":"product_brand","embeddable":true,"href":"https:\/\/roveyayinevi.com.tr\/index.php\/wp-json\/wp\/v2\/product_brand?post=763675"},{"taxonomy":"product_cat","embeddable":true,"href":"https:\/\/roveyayinevi.com.tr\/index.php\/wp-json\/wp\/v2\/product_cat?post=763675"},{"taxonomy":"product_tag","embeddable":true,"href":"https:\/\/roveyayinevi.com.tr\/index.php\/wp-json\/wp\/v2\/product_tag?post=763675"}],"curies":[{"name":"wp","href":"https:\/\/api.w.org\/{rel}","templated":true}]}}