{"id":763673,"date":"2025-08-28T10:48:10","date_gmt":"2025-08-28T07:48:10","guid":{"rendered":"https:\/\/roveyayinevi.com.tr\/index.php\/urun\/sultanlar-ve-imparatorlar-bir-bizanslinin-gozunden-osmanlilar\/"},"modified":"2026-04-15T03:29:40","modified_gmt":"2026-04-15T00:29:40","slug":"sultanlar-ve-imparatorlar-bir-bizanslinin-gozunden-osmanlilar","status":"publish","type":"product","link":"https:\/\/roveyayinevi.com.tr\/index.php\/urun\/sultanlar-ve-imparatorlar-bir-bizanslinin-gozunden-osmanlilar\/","title":{"rendered":"Sultanlar ve \u0130mparatorlar Bir Bizansl\u0131n\u0131n G\u00f6z\u00fcnden Osmanl\u0131lar"},"content":{"rendered":"<p>&#8220;D\u00fcnyan\u0131n en mutlu ve en m\u00fcreffeh \u015fehrinin ya\u011fma edilmesi kar\u015f\u0131s\u0131nda kim g\u00f6zya\u015f\u0131 d\u00f6k\u00fcp yas tutmaz ki? Hangi kalp ta\u015ftan yap\u0131lm\u0131\u015ft\u0131r da bu musibetin ac\u0131s\u0131n\u0131 hissetmez?\u201dDo\u011fu Roma \u0130mparatorlu\u011fu, daha iyi bilinen ismiyle Bizans, bizim i\u00e7in hep &#8220;\u00f6teki&#8221;dir. Osmanl\u0131&#8217;n\u0131n ezeli d\u00fc\u015fman\u0131, entrikalar\u0131n diyar\u0131, k\u00fcffar\u0131n ba\u015fkentidir Bizans. G\u00fcn\u00fcm\u00fczde bile uzant\u0131lar\u0131n\u0131 g\u00f6rebildi\u011fimiz bu rekabetin hatta husumetin sebebi nedir? \u0130stanbul gibi d\u00fcnyan\u0131n g\u00f6zbebe\u011fi bir \u015fehri payla\u015famamam\u0131zdan kaynakl\u0131d\u0131r belki bu durum. Ne de olsa onlar \u015fehrin eski sahipleridir, bizim &#8220;fetih&#8221; dedi\u011fimiz onlar i\u00e7in &#8220;i\u015fgal&#8221;dir. Ve iki k\u0131tay\u0131 birbirine ba\u011flayan bu e\u015fsiz \u015fehrin en \u00fcnl\u00fc yap\u0131s\u0131, Ayasofya, art\u0131k kilise de\u011fil camidir. Bu bizim i\u00e7in kutlu bir olayken, di\u011fer taraf i\u00e7in y\u0131k\u0131md\u0131r, i\u015flenen g\u00fcnahlardan dolay\u0131 Tanr\u0131&#8217;n\u0131n verdi\u011fi bir cezad\u0131r. Bu farkl\u0131 bak\u0131\u015f a\u00e7\u0131lar\u0131 g\u00f6steriyor ki madalyonun her zaman iki y\u00fcz\u00fc var. Tarihimizdeki zaferler bizleri gururland\u0131r\u0131rken d\u00fc\u015fmanlar\u0131m\u0131z ne hissetti? Hakk\u0131m\u0131zda neler d\u00fc\u015f\u00fcnd\u00fc, neler s\u00f6yledi? \u0130\u015fte elinizde tuttu\u011funuz kitap, bu sorulara tatmin edici cevaplar veriyor. Kimli\u011fi me\u00e7hul bir Bizansl\u0131n\u0131n g\u00f6z\u00fcyle Osmanl\u0131lara d\u0131\u015far\u0131dan bakma imk\u00e2n\u0131 sunan bu eser, H\u00fcseyin U\u00e7ar\u2019\u0131n titiz \u00e7evirisiyle dilimize kazand\u0131r\u0131ld\u0131.<\/p>\n","protected":false},"excerpt":{"rendered":"<p>&#8220;D\u00fcnyan\u0131n en mutlu ve en m\u00fcreffeh \u015fehrinin ya\u011fma edilmesi kar\u015f\u0131s\u0131nda kim g\u00f6zya\u015f\u0131 d\u00f6k\u00fcp yas tutmaz ki? Hangi kalp ta\u015ftan yap\u0131lm\u0131\u015ft\u0131r da bu musibetin ac\u0131s\u0131n\u0131 hissetmez?\u201dDo\u011fu Roma<span class=\"excerpt-hellip\"> [\u2026]<\/span><\/p>\n","protected":false},"featured_media":0,"template":"","meta":{"_monsterinsights_skip_tracking":false,"_monsterinsights_sitenote_active":false,"_monsterinsights_sitenote_note":"","_monsterinsights_sitenote_category":0},"product_brand":[],"product_cat":[13517,12304],"product_tag":[],"class_list":{"0":"post-763673","1":"product","2":"type-product","3":"status-publish","5":"product_cat-osmanli-tarihi","6":"product_cat-tarih","7":"pa_cilt-ciltsiz","8":"pa_tur-kitap","9":"pa_yayinevi-timas-yayinlari","10":"pa_yazar-huseyin-ucar","12":"first","13":"instock","14":"sale","15":"shipping-taxable","16":"purchasable","17":"product-type-simple"},"_links":{"self":[{"href":"https:\/\/roveyayinevi.com.tr\/index.php\/wp-json\/wp\/v2\/product\/763673","targetHints":{"allow":["GET"]}}],"collection":[{"href":"https:\/\/roveyayinevi.com.tr\/index.php\/wp-json\/wp\/v2\/product"}],"about":[{"href":"https:\/\/roveyayinevi.com.tr\/index.php\/wp-json\/wp\/v2\/types\/product"}],"wp:attachment":[{"href":"https:\/\/roveyayinevi.com.tr\/index.php\/wp-json\/wp\/v2\/media?parent=763673"}],"wp:term":[{"taxonomy":"product_brand","embeddable":true,"href":"https:\/\/roveyayinevi.com.tr\/index.php\/wp-json\/wp\/v2\/product_brand?post=763673"},{"taxonomy":"product_cat","embeddable":true,"href":"https:\/\/roveyayinevi.com.tr\/index.php\/wp-json\/wp\/v2\/product_cat?post=763673"},{"taxonomy":"product_tag","embeddable":true,"href":"https:\/\/roveyayinevi.com.tr\/index.php\/wp-json\/wp\/v2\/product_tag?post=763673"}],"curies":[{"name":"wp","href":"https:\/\/api.w.org\/{rel}","templated":true}]}}