{"id":763671,"date":"2025-08-28T10:48:06","date_gmt":"2025-08-28T07:48:06","guid":{"rendered":"https:\/\/roveyayinevi.com.tr\/index.php\/urun\/kaygili-cocuga-ebeveynlik-etmek\/"},"modified":"2026-04-11T14:31:58","modified_gmt":"2026-04-11T11:31:58","slug":"kaygili-cocuga-ebeveynlik-etmek","status":"publish","type":"product","link":"https:\/\/roveyayinevi.com.tr\/index.php\/urun\/kaygili-cocuga-ebeveynlik-etmek\/","title":{"rendered":"Kayg\u0131l\u0131 \u00c7ocu\u011fa Ebeveynlik Etmek"},"content":{"rendered":"<p>\u00c7ocu\u011funuz yata\u011f\u0131nda tek ba\u015f\u0131na uyumuyor, geceleri yan\u0131n\u0131za m\u0131 geliyor? Evcil hayvanlarla ilgili korkular\u0131 m\u0131 var?Sizden ayr\u0131l\u0131rken a\u011fl\u0131yor mu?Okula gidece\u011fi zaman ba\u015f\u0131 ya da karn\u0131 a\u011fr\u0131yor mu?Tan\u0131mad\u0131\u011f\u0131 insanlarla konu\u015fmaya utan\u0131yor mu?Ba\u015far\u0131s\u0131z olaca\u011f\u0131 korkusuyla yeni durumlardan ka\u00e7\u0131n\u0131yor mu?  Her ya\u015ftan \u00e7ocu\u011fun zaman zaman korku ve endi\u015fe ya\u015famas\u0131 normal olsa da e\u011fer kayg\u0131 \u00e7ocu\u011fun g\u00fcnl\u00fck ya\u015fam\u0131n\u0131 etkiliyorsa ona yard\u0131m etmek i\u00e7in bir \u015feyler yapman\u0131z\u0131n zaman\u0131 gelmi\u015f demektir. Kayg\u0131l\u0131 \u00c7ocuklara Ebeveynlik Etmek, \u00e7ocu\u011funuz i\u00e7in de\u011fil sizin i\u00e7in yaz\u0131lm\u0131\u015ft\u0131r. Anne baba olarak ona terapi yapman\u0131z gerekmiyor, bu ger\u00e7ek\u00e7i de de\u011fil, ama baz\u0131 ebeveynlik teknikleriyle \u00e7ocu\u011funuzun kayg\u0131s\u0131n\u0131 yenmesine yard\u0131mc\u0131 olacak uygulanabilir ad\u0131mlar atabilirsiniz. Uzun y\u0131llard\u0131r \u00e7ocuk ve ergenlerde kayg\u0131 konusunda uzmanla\u015fan Regine Galanti, klinik olarak kan\u0131tlanm\u0131\u015f Bili\u015fsel Davran\u0131\u015f\u00e7\u0131 Terapi tekniklerini kullanarak ebeveynlere, \u00e7ocuklar\u0131n\u0131n dayan\u0131kl\u0131, ba\u011f\u0131ms\u0131z ve sa\u011fl\u0131kl\u0131 yeti\u015fkinlere d\u00f6n\u00fc\u015fmelerine yard\u0131mc\u0131 olma konusunda rehberlik ediyor. Kayg\u0131l\u0131 \u00c7ocuklara Ebeveynlik Etmek, hepimiz i\u00e7in kayg\u0131 ve korkular\u0131n\u0131n artt\u0131\u011f\u0131 bir d\u00fcnyada sahip olunmas\u0131 gereken ebeveynlik ara\u00e7lar\u0131n\u0131 bir arada sunan g\u00fc\u00e7l\u00fc bir alet \u00e7antas\u0131. &#8220;\u00d6zellikle gen\u00e7lerde kayg\u0131 salg\u0131n d\u00fczeyinde artarken, bu k\u0131lavuz \u00e7ocuklar\u0131na engel olmak yerine onlara yard\u0131mc\u0131 olman\u0131n yolunu arayan ebeveynlere fayda sa\u011flayacak.&#8221; \u2015 Library Journal\u201cBu pratik ve eri\u015filebilir kitap, \u00e7ocuklar\u0131n\u0131n ba\u011f\u0131ms\u0131zla\u015fmas\u0131na yard\u0131mc\u0131 olmaya \u00e7al\u0131\u015fan ebeveynlerin \u00e7ok ho\u015funa gidecek.&#8221; &#8211; Booklist&#8221;Bu kitap ebeveynler i\u00e7in inan\u0131lmaz bir hediye. Regine Galanti, neler ya\u015fad\u0131\u011f\u0131n\u0131z\u0131 ve \u00e7ocuklar\u0131n\u0131za nas\u0131l yard\u0131mc\u0131 olabilece\u011fini bilen biri olarak yaz\u0131yor. Kayg\u0131l\u0131 bir \u00e7ocu\u011fu olan her ebeveyn okumal\u0131.&#8221; \u2015 Dr. Seth Gillihan, The CBT Flip Chart for Kids kitab\u0131n\u0131n yazar\u0131&#8221;\u0130yi yaz\u0131lm\u0131\u015f ve ger\u00e7ek\u00e7i bir nas\u0131l yap\u0131l\u0131r k\u0131lavuzu. Her ya\u015f grubu i\u00e7in farkl\u0131 kayg\u0131lar\u0131 tan\u0131mlamas\u0131 \u00f6zellikle faydal\u0131. Sundu\u011fu somut BDT stratejileri, \u00f6zellikle ebeveynlere \u00e7ocuklar\u0131n\u0131n kayg\u0131lar\u0131n\u0131 beslememe konusunda verdi\u011fi \u00f6neri \u00e7ok \u00f6nemli. \u2015 Dr. Thomas W. Phelan, 1-2-3 Magic ve The Best Moms Don&#8217;t Do it All kitaplar\u0131n\u0131n \u00e7ok satan yazar\u0131<\/p>\n","protected":false},"excerpt":{"rendered":"<p>\u00c7ocu\u011funuz yata\u011f\u0131nda tek ba\u015f\u0131na uyumuyor, geceleri yan\u0131n\u0131za m\u0131 geliyor? Evcil hayvanlarla ilgili korkular\u0131 m\u0131 var?Sizden ayr\u0131l\u0131rken a\u011fl\u0131yor mu?Okula gidece\u011fi zaman ba\u015f\u0131 ya da karn\u0131 a\u011fr\u0131yor mu?Tan\u0131mad\u0131\u011f\u0131<span class=\"excerpt-hellip\"> [\u2026]<\/span><\/p>\n","protected":false},"featured_media":0,"template":"","meta":{"_monsterinsights_skip_tracking":false,"_monsterinsights_sitenote_active":false,"_monsterinsights_sitenote_note":"","_monsterinsights_sitenote_category":0},"product_brand":[],"product_cat":[12364,12376],"product_tag":[],"class_list":{"0":"post-763671","1":"product","2":"type-product","3":"status-publish","5":"product_cat-genel-konular","6":"product_cat-kisisel-gelisim","7":"pa_cilt-ciltsiz","8":"pa_tur-kitap","9":"pa_yayinevi-timas-yayinlari","10":"pa_yazar-regine-galanti","12":"first","13":"instock","14":"sale","15":"shipping-taxable","16":"purchasable","17":"product-type-simple"},"_links":{"self":[{"href":"https:\/\/roveyayinevi.com.tr\/index.php\/wp-json\/wp\/v2\/product\/763671","targetHints":{"allow":["GET"]}}],"collection":[{"href":"https:\/\/roveyayinevi.com.tr\/index.php\/wp-json\/wp\/v2\/product"}],"about":[{"href":"https:\/\/roveyayinevi.com.tr\/index.php\/wp-json\/wp\/v2\/types\/product"}],"wp:attachment":[{"href":"https:\/\/roveyayinevi.com.tr\/index.php\/wp-json\/wp\/v2\/media?parent=763671"}],"wp:term":[{"taxonomy":"product_brand","embeddable":true,"href":"https:\/\/roveyayinevi.com.tr\/index.php\/wp-json\/wp\/v2\/product_brand?post=763671"},{"taxonomy":"product_cat","embeddable":true,"href":"https:\/\/roveyayinevi.com.tr\/index.php\/wp-json\/wp\/v2\/product_cat?post=763671"},{"taxonomy":"product_tag","embeddable":true,"href":"https:\/\/roveyayinevi.com.tr\/index.php\/wp-json\/wp\/v2\/product_tag?post=763671"}],"curies":[{"name":"wp","href":"https:\/\/api.w.org\/{rel}","templated":true}]}}