{"id":763670,"date":"2025-08-28T10:48:04","date_gmt":"2025-08-28T07:48:04","guid":{"rendered":"https:\/\/roveyayinevi.com.tr\/index.php\/urun\/hilkat-garibeleri\/"},"modified":"2026-04-15T03:29:40","modified_gmt":"2026-04-15T00:29:40","slug":"hilkat-garibeleri","status":"publish","type":"product","link":"https:\/\/roveyayinevi.com.tr\/index.php\/urun\/hilkat-garibeleri\/","title":{"rendered":"Hilkat Garibeleri"},"content":{"rendered":"<p>\u00d6l\u00fcm her hal\u00fck\u00e2rda ya\u015famak arzusundan do\u011fmal\u0131, hayat\u0131n \u00fczerinde y\u00fckselmelidir. Ger\u00e7ek bir hayata sahip olmayan\u0131n ger\u00e7ek bir \u00f6l\u00fcm\u00fc de olmaz. Toparlay\u0131n\u0131z kendinizi! Uzun ve zorlu bir mesai bekliyor bizi. \u00d6l\u00fcm zaten cebimizdedir. \u015eimdi bizler onun yan\u0131na hayat\u0131 katmak i\u00e7in u\u011fra\u015faca\u011f\u0131z. K\u0131rkl\u0131 ya\u015flar\u0131na eri\u015fmesine ra\u011fmen istedi\u011fi ba\u015far\u0131ya ula\u015famam\u0131\u015f bir akademisyen olarak \u0130stanbul\u2019un \u00fccra bir semtinde, evlenmesi i\u00e7in bask\u0131 yapan ya\u015fl\u0131 annesi ve evde kalm\u0131\u015f ablas\u0131yla birlikte ya\u015fayan \u015e\u00e2k\u00fcl, umutsuz hayat\u0131 ve s\u0131k\u0131c\u0131 memuriyeti i\u00e7inde t\u0131k\u0131l\u0131p kalm\u0131\u015ft\u0131r.\u015e\u00e2k\u00fcl\u2019\u00fcn hayat\u0131, Ferruh Dora isimli idealist ve ba\u015far\u0131l\u0131 bir bilim insan\u0131n\u0131n fak\u00fclteye gelmesiyle hareketlenir. B\u00f6yle muhte\u015fem bir dehan\u0131n k\u0131yt\u0131r\u0131k bir \u00fcniversitede ne i\u015fi oldu\u011funu sorgulayan \u015e\u00e2k\u00fcl, Ferruh\u2019un parlak ki\u015fili\u011finden ve engin birikiminden etkilenerek kendini onun \u00e7al\u0131\u015fmalar\u0131na ve fikirlerine adar.Ancak Ferruh\u2019un \u201cBir Adam Yaratmak\u201d isimli projesi ve ekibinin davran\u0131\u015flar\u0131 \u015f\u00fcphe uyand\u0131r\u0131r. Fak\u00fcltede i\u015flenen cinayetlerle e\u015fzamanl\u0131 \u0130stanbul\u2019da bir canavar ortaya \u00e7\u0131kar. \u0130pu\u00e7lar\u0131n\u0131n pe\u015fine d\u00fc\u015fen \u015e\u00e2k\u00fcl, \u00e7ok daha b\u00fcy\u00fck ve korkun\u00e7 olaylar zinciriyle kar\u015f\u0131 kar\u015f\u0131ya kalacakt\u0131r&#8230; Yerm\u00fck ve Trafalgar Bald\u0131r Bacak \u0130\u015fleri\u2019nin yazar\u0131 Serdar Uslu\u2019dan, heyecanl\u0131 ve s\u0131rad\u0131\u015f\u0131 kurgusuyla T\u00fcrk gotik edebiyat\u0131na yeni bir soluk: Hilkat Garibeleri.<\/p>\n","protected":false},"excerpt":{"rendered":"<p>\u00d6l\u00fcm her hal\u00fck\u00e2rda ya\u015famak arzusundan do\u011fmal\u0131, hayat\u0131n \u00fczerinde y\u00fckselmelidir. Ger\u00e7ek bir hayata sahip olmayan\u0131n ger\u00e7ek bir \u00f6l\u00fcm\u00fc de olmaz. Toparlay\u0131n\u0131z kendinizi! Uzun ve zorlu bir mesai<span class=\"excerpt-hellip\"> [\u2026]<\/span><\/p>\n","protected":false},"featured_media":0,"template":"","meta":{"_monsterinsights_skip_tracking":false,"_monsterinsights_sitenote_active":false,"_monsterinsights_sitenote_note":"","_monsterinsights_sitenote_category":0},"product_brand":[],"product_cat":[12291,12711],"product_tag":[],"class_list":{"0":"post-763670","1":"product","2":"type-product","3":"status-publish","5":"product_cat-edebiyat","6":"product_cat-roman-oyku","7":"pa_cilt-ciltsiz","8":"pa_tur-kitap","9":"pa_yayinevi-timas-yayinlari","10":"pa_yazar-serdar-uslu","12":"first","13":"instock","14":"sale","15":"shipping-taxable","16":"purchasable","17":"product-type-simple"},"_links":{"self":[{"href":"https:\/\/roveyayinevi.com.tr\/index.php\/wp-json\/wp\/v2\/product\/763670","targetHints":{"allow":["GET"]}}],"collection":[{"href":"https:\/\/roveyayinevi.com.tr\/index.php\/wp-json\/wp\/v2\/product"}],"about":[{"href":"https:\/\/roveyayinevi.com.tr\/index.php\/wp-json\/wp\/v2\/types\/product"}],"wp:attachment":[{"href":"https:\/\/roveyayinevi.com.tr\/index.php\/wp-json\/wp\/v2\/media?parent=763670"}],"wp:term":[{"taxonomy":"product_brand","embeddable":true,"href":"https:\/\/roveyayinevi.com.tr\/index.php\/wp-json\/wp\/v2\/product_brand?post=763670"},{"taxonomy":"product_cat","embeddable":true,"href":"https:\/\/roveyayinevi.com.tr\/index.php\/wp-json\/wp\/v2\/product_cat?post=763670"},{"taxonomy":"product_tag","embeddable":true,"href":"https:\/\/roveyayinevi.com.tr\/index.php\/wp-json\/wp\/v2\/product_tag?post=763670"}],"curies":[{"name":"wp","href":"https:\/\/api.w.org\/{rel}","templated":true}]}}