{"id":763669,"date":"2025-08-28T10:48:02","date_gmt":"2025-08-28T07:48:02","guid":{"rendered":"https:\/\/roveyayinevi.com.tr\/index.php\/urun\/herkes-icin-aristo-felsefe-artik-cok-kolay\/"},"modified":"2026-04-15T03:29:40","modified_gmt":"2026-04-15T00:29:40","slug":"herkes-icin-aristo-felsefe-artik-cok-kolay","status":"publish","type":"product","link":"https:\/\/roveyayinevi.com.tr\/index.php\/urun\/herkes-icin-aristo-felsefe-artik-cok-kolay\/","title":{"rendered":"Herkes \u0130\u00e7in Aristo-Felsefe Art\u0131k \u00c7ok Kolay"},"content":{"rendered":"<p>Aristoteles, kendinden sonraki herkese mant\u0131\u011f\u0131 \u00f6\u011freten, bug\u00fcn dahi kulland\u0131\u011f\u0131m\u0131z felsefi kavramlar\u0131 \u00fcreten ve en az bunlar kadar \u00f6nemli olarak, kendinden \u00f6nceki bilgi ve d\u00fc\u015f\u00fcnce birikimini kitaplar\u0131yla bizlere ta\u015f\u0131yan b\u00fcy\u00fck bir d\u00fc\u015f\u00fcn\u00fcr. Ancak onunla aram\u0131zdaki zaman fark\u0131n\u0131n yirmi be\u015f y\u00fczy\u0131l oldu\u011funu g\u00f6z \u00f6n\u00fcne alacak olursak, s\u00f6ylediklerinin anla\u015f\u0131lmas\u0131n\u0131n ne derece zorluklar ta\u015f\u0131d\u0131\u011f\u0131n\u0131 da kestirebiliriz. Aristoteles, her ne kadar evrensel anlamda yapt\u0131\u011f\u0131 tart\u0131\u015fmalarla do\u011fudan bat\u0131ya pek \u00e7ok d\u00fc\u015f\u00fcn\u00fcr\u00fc derinden etkilemi\u015f ve onlar arac\u0131l\u0131\u011f\u0131yla defalarca kendisinden bahsettirmi\u015f de olsa, gerek tart\u0131\u015fmalar\u0131n\u0131n derinli\u011fi gerekse kulland\u0131\u011f\u0131 terminoloji bak\u0131m\u0131ndan modern okurun yabanc\u0131 kald\u0131\u011f\u0131 bir d\u00fc\u015f\u00fcn\u00fcrd\u00fcr.Mortimer J. Adler\u2019in Herkes \u0130\u00e7in Aristoteles kitab\u0131, bu b\u00fcy\u00fck d\u00fc\u015f\u00fcn\u00fcr\u00fcn bu kadar eski zamanda ya\u015fam\u0131\u015f olmas\u0131na ra\u011fmen neden bug\u00fcn bile canl\u0131 bir d\u00fc\u015f\u00fcnceye sahip oldu\u011funu a\u00e7\u0131k\u00e7a ortaya koyuyor. Adler, a\u011f\u0131r felsefi terminolojiden ka\u00e7\u0131narak bunun yerine, e\u011fitimli ancak felsefe arka plan\u0131 olmayan t\u00fcm okurlar\u0131n anlayaca\u011f\u0131 \u015fekilde Aristoteles felsefesini a\u00e7\u0131kl\u0131yor. Felsefeye do\u011frudan ilgisi olmayan okurun dahi ilgisini \u00e7ekecek anlat\u0131m\u0131yla yazar, Aristoteles\u2019i ve bununla birlikte sonraki filozoflar\u0131 anlamak i\u00e7in bir anahtar sunuyor.Bu kitap, derinli\u011fi kaybetmeden Aristoteles felsefesini ve onun g\u00fcn\u00fcm\u00fczdeki \u00f6nemini anlat\u0131rken herkes i\u00e7in bir felsefeye giri\u015f kitab\u0131 olma; ayn\u0131 zamanda felsefeyi nas\u0131l kullanaca\u011f\u0131m\u0131z\u0131 da anlatan bir ba\u015fucu kaynak \u00f6zelli\u011fini ta\u015f\u0131yor.D\u00fc\u015f\u00fcnen, d\u00fc\u015f\u00fcnmeyi seven, kendine vakit ay\u0131ran ve kendine ay\u0131rd\u0131\u011f\u0131 vakti de\u011ferlendirmek isteyen herkes i\u00e7in&#8230;                                                                                          Dr. Yasin RamazanBo\u011fazi\u00e7i \u00dcniversitesi<\/p>\n","protected":false},"excerpt":{"rendered":"<p>Aristoteles, kendinden sonraki herkese mant\u0131\u011f\u0131 \u00f6\u011freten, bug\u00fcn dahi kulland\u0131\u011f\u0131m\u0131z felsefi kavramlar\u0131 \u00fcreten ve en az bunlar kadar \u00f6nemli olarak, kendinden \u00f6nceki bilgi ve d\u00fc\u015f\u00fcnce birikimini kitaplar\u0131yla<span class=\"excerpt-hellip\"> [\u2026]<\/span><\/p>\n","protected":false},"featured_media":0,"template":"","meta":{"_monsterinsights_skip_tracking":false,"_monsterinsights_sitenote_active":false,"_monsterinsights_sitenote_note":"","_monsterinsights_sitenote_category":0},"product_brand":[],"product_cat":[12388],"product_tag":[],"class_list":{"0":"post-763669","1":"product","2":"type-product","3":"status-publish","5":"product_cat-felsefe","6":"pa_cilt-ciltsiz","7":"pa_tur-kitap","8":"pa_yayinevi-timas-yayinlari","9":"pa_yazar-mortimer-j-adler","11":"first","12":"instock","13":"sale","14":"shipping-taxable","15":"purchasable","16":"product-type-simple"},"_links":{"self":[{"href":"https:\/\/roveyayinevi.com.tr\/index.php\/wp-json\/wp\/v2\/product\/763669","targetHints":{"allow":["GET"]}}],"collection":[{"href":"https:\/\/roveyayinevi.com.tr\/index.php\/wp-json\/wp\/v2\/product"}],"about":[{"href":"https:\/\/roveyayinevi.com.tr\/index.php\/wp-json\/wp\/v2\/types\/product"}],"wp:attachment":[{"href":"https:\/\/roveyayinevi.com.tr\/index.php\/wp-json\/wp\/v2\/media?parent=763669"}],"wp:term":[{"taxonomy":"product_brand","embeddable":true,"href":"https:\/\/roveyayinevi.com.tr\/index.php\/wp-json\/wp\/v2\/product_brand?post=763669"},{"taxonomy":"product_cat","embeddable":true,"href":"https:\/\/roveyayinevi.com.tr\/index.php\/wp-json\/wp\/v2\/product_cat?post=763669"},{"taxonomy":"product_tag","embeddable":true,"href":"https:\/\/roveyayinevi.com.tr\/index.php\/wp-json\/wp\/v2\/product_tag?post=763669"}],"curies":[{"name":"wp","href":"https:\/\/api.w.org\/{rel}","templated":true}]}}