{"id":763667,"date":"2025-08-28T10:47:59","date_gmt":"2025-08-28T07:47:59","guid":{"rendered":"https:\/\/roveyayinevi.com.tr\/index.php\/urun\/bir-mamut-nasil-yenir\/"},"modified":"2026-04-15T03:29:40","modified_gmt":"2026-04-15T00:29:40","slug":"bir-mamut-nasil-yenir","status":"publish","type":"product","link":"https:\/\/roveyayinevi.com.tr\/index.php\/urun\/bir-mamut-nasil-yenir\/","title":{"rendered":"Bir Mamut Nas\u0131l Yenir?"},"content":{"rendered":"<p>\u201cPiknik\u201d kavram\u0131n\u0131 \u0130ngiltere\u2019de yayg\u0131nla\u015ft\u0131ran\u0131n Frans\u0131z Devrimi\u2019nden ka\u00e7an soylular oldu\u011funu biliyor muydunuz? Peki ya Romal\u0131 gladyat\u00f6rlerin k\u00f6lelerden de alt bir s\u0131n\u0131fa ait olduklar\u0131ndan yaln\u0131zca tah\u0131l yiyebildiklerini? \u00c7inlilerin hot pot\u2019u Mo\u011follardan \u00f6\u011frendiklerini?Yemek insani bir ihtiya\u00e7 ve zevktir, fakat bunun yan\u0131nda \u00e7a\u011flar\u0131 ve k\u0131talar\u0131 a\u015fan toplumsal bir rol\u00fc de \u00fcstlenmi\u015ftir: Sofralar toplumsal huzuru sa\u011flar, isyanlar \u00e7\u0131kart\u0131r, g\u00fcc\u00fc simgeler ve ac\u0131mas\u0131z bir hiyerar\u015fi tesis eder. Uta Seeburg, uygarl\u0131\u011f\u0131n ba\u015flang\u0131c\u0131ndan g\u00fcn\u00fcm\u00fcze \u00f6zenle bir araya getirdi\u011fi 50 yeme\u011fin ser\u00fcveniyle insanl\u0131\u011f\u0131n; geli\u015fimin ve ilerlemenin, gelene\u011fin ve inanc\u0131n, aidiyetin ve ayr\u0131mc\u0131l\u0131\u011f\u0131n \u00f6yk\u00fcs\u00fcn\u00fc anlat\u0131yor.\u201cOkurlara tarihin dura\u011fan, renksiz ya da s\u0131k\u0131c\u0131 olmad\u0131\u011f\u0131 konusunda g\u00fcvence veren Seeburg, bu kitapla tart\u0131\u015fmas\u0131z dikkatimizi \u00e7ekiyor.\u201d \u2013Booklist\u201cSu gibi akan k\u0131sac\u0131k ve ne\u015feli b\u00f6l\u00fcmler, d\u00f6nemler ve k\u00fclt\u00fcrler aras\u0131nda ilgin\u00e7 benzerlikler ortaya koyuyor&#8230; Hayal g\u00fcc\u00fcn\u00fcn hakk\u0131n\u0131 teslim eden bir mutfak tarihi.\u201d \u2013Foreword\u201cUta Seeburg, 50 lokmada tarihin karakterlerine hayat veriyor.\u201d \u2013Max Miller, New York Times \u00e7oksatan\u0131 yazar<\/p>\n","protected":false},"excerpt":{"rendered":"<p>\u201cPiknik\u201d kavram\u0131n\u0131 \u0130ngiltere\u2019de yayg\u0131nla\u015ft\u0131ran\u0131n Frans\u0131z Devrimi\u2019nden ka\u00e7an soylular oldu\u011funu biliyor muydunuz? Peki ya Romal\u0131 gladyat\u00f6rlerin k\u00f6lelerden de alt bir s\u0131n\u0131fa ait olduklar\u0131ndan yaln\u0131zca tah\u0131l yiyebildiklerini? \u00c7inlilerin<span class=\"excerpt-hellip\"> [\u2026]<\/span><\/p>\n","protected":false},"featured_media":0,"template":"","meta":{"_monsterinsights_skip_tracking":false,"_monsterinsights_sitenote_active":false,"_monsterinsights_sitenote_note":"","_monsterinsights_sitenote_category":0},"product_brand":[],"product_cat":[13005,37328],"product_tag":[],"class_list":{"0":"post-763667","1":"product","2":"type-product","3":"status-publish","5":"product_cat-bilim-muhendislik","6":"product_cat-diger-bilim-muhendislik","7":"pa_cilt-ciltsiz","8":"pa_tur-kitap","9":"pa_yayinevi-timas-yayinlari","10":"pa_yazar-uta-seeburg","12":"first","13":"instock","14":"sale","15":"shipping-taxable","16":"purchasable","17":"product-type-simple"},"_links":{"self":[{"href":"https:\/\/roveyayinevi.com.tr\/index.php\/wp-json\/wp\/v2\/product\/763667","targetHints":{"allow":["GET"]}}],"collection":[{"href":"https:\/\/roveyayinevi.com.tr\/index.php\/wp-json\/wp\/v2\/product"}],"about":[{"href":"https:\/\/roveyayinevi.com.tr\/index.php\/wp-json\/wp\/v2\/types\/product"}],"wp:attachment":[{"href":"https:\/\/roveyayinevi.com.tr\/index.php\/wp-json\/wp\/v2\/media?parent=763667"}],"wp:term":[{"taxonomy":"product_brand","embeddable":true,"href":"https:\/\/roveyayinevi.com.tr\/index.php\/wp-json\/wp\/v2\/product_brand?post=763667"},{"taxonomy":"product_cat","embeddable":true,"href":"https:\/\/roveyayinevi.com.tr\/index.php\/wp-json\/wp\/v2\/product_cat?post=763667"},{"taxonomy":"product_tag","embeddable":true,"href":"https:\/\/roveyayinevi.com.tr\/index.php\/wp-json\/wp\/v2\/product_tag?post=763667"}],"curies":[{"name":"wp","href":"https:\/\/api.w.org\/{rel}","templated":true}]}}