{"id":763666,"date":"2025-08-28T10:47:58","date_gmt":"2025-08-28T07:47:58","guid":{"rendered":"https:\/\/roveyayinevi.com.tr\/index.php\/urun\/kuran-arapcasi-1\/"},"modified":"2026-04-15T03:29:40","modified_gmt":"2026-04-15T00:29:40","slug":"kuran-arapcasi-1","status":"publish","type":"product","link":"https:\/\/roveyayinevi.com.tr\/index.php\/urun\/kuran-arapcasi-1\/","title":{"rendered":"Kur&#8217;an Arap\u00e7as\u0131-1"},"content":{"rendered":"<p>\u201cAk\u0131l edesiniz diye biz onu Arap\u00e7a bir Kur\u2019an olarak indirdik.\u201d (Yusuf, 2) Davet\u00e7i kimli\u011fine a\u015fina oldu\u011fumuz ve Kur\u2019an\u2019\u0131 anlamaya y\u00f6nelik yapt\u0131\u011f\u0131 \u00e7e\u015fitli \u00e7al\u0131\u015fmalarla tan\u0131d\u0131\u011f\u0131m\u0131z Nouman Ali Khan, ba\u015fkan\u0131 oldu\u011fu Beyyine Enstit\u00fcs\u00fc\u2019nde, uzun y\u0131llard\u0131r d\u00fcnyan\u0131n d\u00f6rt bir yan\u0131ndaki Kur\u2019an talebelerine verdi\u011fi ve Kur\u2019an\u2019\u0131 anlama odakl\u0131 olarak geli\u015ftirdi\u011fi Kur\u2019an Arap\u00e7as\u0131 dersleriyle de biliniyor. Ders m\u00fcfredat\u0131 olarak kulland\u0131\u011f\u0131 kitaplar\u0131n ilki \u00f6\u011frencisi Fulya Tuncel taraf\u0131ndan titiz bir \u00e7eviriyle T\u00fcrk\u00e7eye terc\u00fcme edildi.Nouman Ali Khan\u2019\u0131n \u00d6\u011fretim Metoduyla Kur\u2019an Arap\u00e7as\u0131 kitab\u0131n\u0131n en \u00f6nemli \u00f6zelli\u011fi, her ya\u015ftan okura hitap ediyor olmas\u0131. Anlamas\u0131, kavramas\u0131 ve i\u00e7selle\u015ftirilmesi kolay, analitik ve sistematik bir metotla haz\u0131rlanan \u00e7al\u0131\u015fma, Fulya Tuncel taraf\u0131ndan kurulan Kur\u2019an Akademisi b\u00fcnyesinde ilgililerine online ve \u00fccretsiz olarak da ders veriliyor.Kur\u2019an Arap\u00e7as\u0131 kitab\u0131; \u0130lahi Vahiy ile insan aras\u0131ndaki dil engelini pratik ve anla\u015f\u0131l\u0131r bir metotla ortadan kald\u0131rarak okuru k\u0131sa zamanda Kur\u2019an\u2019a muhatap olacak seviyeye getiren \u00e7ok \u00f6nemli bir \u00e7al\u0131\u015fma.<\/p>\n","protected":false},"excerpt":{"rendered":"<p>\u201cAk\u0131l edesiniz diye biz onu Arap\u00e7a bir Kur\u2019an olarak indirdik.\u201d (Yusuf, 2) Davet\u00e7i kimli\u011fine a\u015fina oldu\u011fumuz ve Kur\u2019an\u2019\u0131 anlamaya y\u00f6nelik yapt\u0131\u011f\u0131 \u00e7e\u015fitli \u00e7al\u0131\u015fmalarla tan\u0131d\u0131\u011f\u0131m\u0131z Nouman Ali<span class=\"excerpt-hellip\"> [\u2026]<\/span><\/p>\n","protected":false},"featured_media":0,"template":"","meta":{"_monsterinsights_skip_tracking":false,"_monsterinsights_sitenote_active":false,"_monsterinsights_sitenote_note":"","_monsterinsights_sitenote_category":0},"product_brand":[],"product_cat":[12718,12719],"product_tag":[],"class_list":{"0":"post-763666","1":"product","2":"type-product","3":"status-publish","5":"product_cat-din","6":"product_cat-islam","7":"pa_cilt-ciltsiz","8":"pa_tur-kitap","9":"pa_yayinevi-timas-yayinlari","10":"pa_yazar-fulya-tuncel-nouman-ali-khan","12":"first","13":"instock","14":"sale","15":"shipping-taxable","16":"purchasable","17":"product-type-simple"},"_links":{"self":[{"href":"https:\/\/roveyayinevi.com.tr\/index.php\/wp-json\/wp\/v2\/product\/763666","targetHints":{"allow":["GET"]}}],"collection":[{"href":"https:\/\/roveyayinevi.com.tr\/index.php\/wp-json\/wp\/v2\/product"}],"about":[{"href":"https:\/\/roveyayinevi.com.tr\/index.php\/wp-json\/wp\/v2\/types\/product"}],"wp:attachment":[{"href":"https:\/\/roveyayinevi.com.tr\/index.php\/wp-json\/wp\/v2\/media?parent=763666"}],"wp:term":[{"taxonomy":"product_brand","embeddable":true,"href":"https:\/\/roveyayinevi.com.tr\/index.php\/wp-json\/wp\/v2\/product_brand?post=763666"},{"taxonomy":"product_cat","embeddable":true,"href":"https:\/\/roveyayinevi.com.tr\/index.php\/wp-json\/wp\/v2\/product_cat?post=763666"},{"taxonomy":"product_tag","embeddable":true,"href":"https:\/\/roveyayinevi.com.tr\/index.php\/wp-json\/wp\/v2\/product_tag?post=763666"}],"curies":[{"name":"wp","href":"https:\/\/api.w.org\/{rel}","templated":true}]}}