{"id":763665,"date":"2025-08-28T10:47:56","date_gmt":"2025-08-28T07:47:56","guid":{"rendered":"https:\/\/roveyayinevi.com.tr\/index.php\/urun\/arap-alevilerinin-tarihi-orta-cag-halep-doneminden-turkiye-cumhuriyeti-donemine\/"},"modified":"2025-11-21T10:48:35","modified_gmt":"2025-11-21T07:48:35","slug":"arap-alevilerinin-tarihi-orta-cag-halep-doneminden-turkiye-cumhuriyeti-donemine","status":"publish","type":"product","link":"https:\/\/roveyayinevi.com.tr\/index.php\/urun\/arap-alevilerinin-tarihi-orta-cag-halep-doneminden-turkiye-cumhuriyeti-donemine\/","title":{"rendered":"Arap Alevilerinin Tarihi:  Orta \u00c7a\u011f Halep D\u00f6neminden T\u00fcrkiye Cumhuriyeti D\u00f6nemine"},"content":{"rendered":"<p>2017 M. Fuad K\u00f6pr\u00fcl\u00fc Kitap \u00d6d\u00fcl\u00fc     Arap Alevileri; Kuzey Suriye ve L\u00fcbnan\u2019\u0131n yan\u0131 s\u0131ra T\u00fcrkiye\u2019nin g\u00fcneyinde de \u00f6nemli bir din\u00ee az\u0131nl\u0131kt\u0131r; o kadar ki bug\u00fcn sava\u015f\u0131n par\u00e7alad\u0131\u011f\u0131 Suriye\u2019de sahip olduklar\u0131 siyasi n\u00fcfuz alanlar\u0131n\u0131n kapsam\u0131, b\u00f6lgenin siyasi karakterini belirleyici niteliktedir. Arap Alevilerinin Tarihi ba\u015fl\u0131kl\u0131 \u00e7al\u0131\u015fmas\u0131nda Stefan Winter, Arap Alevi (Nusayri) mezhebinin onuncu y\u00fczy\u0131lda do\u011fu\u015fundan Birinci D\u00fcnya Sava\u015f\u0131\u2019n\u0131n hemen sonras\u0131na, Suriye\u2019de Frans\u0131z mandas\u0131n\u0131n kurulmas\u0131na ve T\u00fcrkiye Cumhuriyeti\u2019nin ilk y\u0131llar\u0131na kadar Arap Alevilerinin hik\u00e2yesini t\u00fcm detaylar\u0131yla ortaya koyuyor. Osmanl\u0131 d\u00f6nemine ait zengin ar\u015fiv kay\u0131tlar\u0131n\u0131n yan\u0131 s\u0131ra birincil ve ikincil kaynaklardan yararlanan Winter, Arap Alevilerinin iddia edildi\u011fi gibi tarih boyunca zul\u00fcm g\u00f6rmediklerini, aksine Suriye ve T\u00fcrkiye ta\u015fra toplumunun ayr\u0131lmaz bir par\u00e7as\u0131 olduklar\u0131n\u0131 g\u00f6steriyor.   Ayr\u0131ca Arap Alevilerinin inan\u00e7lar\u0131 nedeniyle d\u0131\u015flanmak bir yana ta\u015fra idari d\u00fczeniyle tamamen b\u00fct\u00fcnle\u015fti\u011finin alt\u0131n\u0131 \u00e7izen yazar, bilhassa Osmanl\u0131 d\u00f6neminde k\u0131y\u0131 kesimlerindeki da\u011fl\u0131k b\u00f6lgelerin iktisaden geli\u015fmesinin yaratt\u0131\u011f\u0131 yeni bir yerel e\u015fraf ve a\u015firet liderleri s\u0131n\u0131f\u0131n\u0131n, on dokuzuncu y\u00fczy\u0131lda e\u011fitim, siyaset ve askerlik alanlar\u0131nda ger\u00e7ekle\u015fen reformlar\u0131 destekleyerek yerle\u015fim alanlar\u0131n\u0131 geleneksel da\u011f s\u0131n\u0131rlar\u0131n\u0131n \u00f6tesine geni\u015flettiklerini ve bu anlamda y\u00fczy\u0131llar s\u00fcren S\u00fcnni imparatorluk y\u00f6netiminde hakiki bir mezhep toplulu\u011fu olarak ortaya \u00e7\u0131kt\u0131klar\u0131n\u0131 iddia ediyor.   Yakla\u015f\u0131k biny\u0131l\u0131 birincil kaynaklarla g\u00f6zler \u00f6n\u00fcne seren Arap Alevilerinin Tarihi, Arap Alevi toplumunun tarihi ile ilgili yeni ve g\u00f6z ard\u0131 edilemeyecek bir anlat\u0131 ortaya koyuyor.     \u201cWinter, Osmanl\u0131 ar\u015fivlerini sistematik bir \u015fekilde inceleyip S\u00fcnnilerin Arap Alevilerine zulmetti\u011fi efsanesini y\u0131karak Suriye\u2019nin bug\u00fcn ya\u015fad\u0131\u011f\u0131 trajediye \u0131\u015f\u0131k tutuyor.\u201d Diana Darke, Times Literary Supplement   \u201cArap Alevilerinin Tarihi, Arap Alevi tarihinin genel kabul g\u00f6rm\u00fc\u015f ac\u0131kl\u0131 versiyonuna ve bu versiyonun s\u00fcrekli yal\u0131tma ve bask\u0131ya odaklanma e\u011filimine sald\u0131ran \u00e7\u0131\u011f\u0131r a\u00e7\u0131c\u0131 bir \u00e7al\u0131\u015fma. Stefan Winter, Osmanl\u0131 ar\u015fivlerini didikleyerek Arap Alevileri ile ilgili yayg\u0131n pek \u00e7ok efsaneyi \u00e7\u00fcr\u00fct\u00fcyor. Bug\u00fcn Suriye\u2019de ya\u015fanan trajik i\u00e7 sava\u015f\u0131 anlamak isteyen herkes, bu heyecan verici ve g\u00f6rkemli ara\u015ft\u0131rmay\u0131 okumal\u0131.\u201d Joshua Landis, Oklahoma \u00dcniversitesi   \u201cArap Alevilerinin k\u00f6keni ve Osmanl\u0131 Suriye toplumundaki yeri \u00fczerine bir \u00e7al\u0131\u015fmaya ger\u00e7ekten ihtiya\u00e7 vard\u0131. \u0130\u015fte elinizdeki kitap bu bo\u015flu\u011fu dolduruyor. Arap Alevilerinin Tarihi, Suriye\u2019deki mezhep b\u00f6l\u00fcnmelerinin her iki tarafta yaratt\u0131\u011f\u0131 mitleri \u00e7\u00fcr\u00fcterek bir mezhebin do\u011fu\u015funu ayd\u0131nlat\u0131yor. Kapsam ve ayr\u0131nt\u0131 bak\u0131m\u0131ndan son derece zengin olan bu ufuk a\u00e7\u0131c\u0131 kitab\u0131, Suriye\u2019nin ge\u00e7mi\u015fi ve bug\u00fcn\u00fcyle ilgilenen herkes okumal\u0131.\u201d Bruce Masters, Wesleyan \u00dcniversitesi   \u201cWinter, tarihsel a\u00e7\u0131dan \u00e7\u0131\u011f\u0131r a\u00e7\u0131c\u0131 oldu\u011fu kadar Suriye\u2019deki mevcut trajedi ba\u011flam\u0131nda okununca daha da etkileyici olan son derece \u00f6nemli bir \u00e7al\u0131\u015fma ortaya koymu\u015f. Din ve mezhep\u00e7ili\u011fin rol\u00fcne \u00e7ok fazla vurgu yapan dar ufuklu Suriye tarih anlat\u0131lar\u0131n\u0131n hatalar\u0131n\u0131 \u00f6nemli \u00f6l\u00e7\u00fcde d\u00fczelten bu kitap, son on be\u015f y\u0131lda Suriye konulu \u00e7al\u0131\u015fmalara yap\u0131lan en \u00f6nemli katk\u0131lardan biri.\u201d Max Weiss, Princeton \u00dcniversitesi   \u201cNeredeyse biny\u0131l\u0131 kapsayan iddial\u0131 bir \u00e7al\u0131\u015fma. Orta Do\u011fu\u2019daki mezhep d\u00f6ng\u00fcs\u00fcn\u00fc k\u0131rmak hem ba\u015fl\u0131 ba\u015f\u0131na bir bilimsel ba\u015far\u0131 hem de Orta Do\u011fu tarihi ve toplumuyla ilgilenen her akademisyen ve \u00f6\u011frencinin k\u00fct\u00fcphanesine ho\u015f bir katk\u0131d\u0131r\u2026 Arap Alevilerinin Tarihi, enfes bir tarih \u00e7al\u0131\u015fmas\u0131.\u201d Behrooz Moazami, Sociology of Islam <\/p>\n","protected":false},"excerpt":{"rendered":"<p>2017 M. Fuad K\u00f6pr\u00fcl\u00fc Kitap \u00d6d\u00fcl\u00fc Arap Alevileri; Kuzey Suriye ve L\u00fcbnan\u2019\u0131n yan\u0131 s\u0131ra T\u00fcrkiye\u2019nin g\u00fcneyinde de \u00f6nemli bir din\u00ee az\u0131nl\u0131kt\u0131r; o kadar ki bug\u00fcn sava\u015f\u0131n<span class=\"excerpt-hellip\"> [\u2026]<\/span><\/p>\n","protected":false},"featured_media":0,"template":"","meta":{"_monsterinsights_skip_tracking":false,"_monsterinsights_sitenote_active":false,"_monsterinsights_sitenote_note":"","_monsterinsights_sitenote_category":0},"product_brand":[],"product_cat":[13575,12718,12719],"product_tag":[],"class_list":{"0":"post-763665","1":"product","2":"type-product","3":"status-publish","5":"product_cat-alevilik-bektasilik","6":"product_cat-din","7":"product_cat-islam","8":"pa_cilt-ciltsiz","9":"pa_tur-kitap","10":"pa_yayinevi-pegasus-yayinlari","11":"pa_yazar-stefan-winter","13":"first","14":"instock","15":"sale","16":"shipping-taxable","17":"purchasable","18":"product-type-simple"},"_links":{"self":[{"href":"https:\/\/roveyayinevi.com.tr\/index.php\/wp-json\/wp\/v2\/product\/763665","targetHints":{"allow":["GET"]}}],"collection":[{"href":"https:\/\/roveyayinevi.com.tr\/index.php\/wp-json\/wp\/v2\/product"}],"about":[{"href":"https:\/\/roveyayinevi.com.tr\/index.php\/wp-json\/wp\/v2\/types\/product"}],"wp:attachment":[{"href":"https:\/\/roveyayinevi.com.tr\/index.php\/wp-json\/wp\/v2\/media?parent=763665"}],"wp:term":[{"taxonomy":"product_brand","embeddable":true,"href":"https:\/\/roveyayinevi.com.tr\/index.php\/wp-json\/wp\/v2\/product_brand?post=763665"},{"taxonomy":"product_cat","embeddable":true,"href":"https:\/\/roveyayinevi.com.tr\/index.php\/wp-json\/wp\/v2\/product_cat?post=763665"},{"taxonomy":"product_tag","embeddable":true,"href":"https:\/\/roveyayinevi.com.tr\/index.php\/wp-json\/wp\/v2\/product_tag?post=763665"}],"curies":[{"name":"wp","href":"https:\/\/api.w.org\/{rel}","templated":true}]}}