{"id":763664,"date":"2025-08-28T10:47:55","date_gmt":"2025-08-28T07:47:55","guid":{"rendered":"https:\/\/roveyayinevi.com.tr\/index.php\/urun\/keceli-dinozorlar-ciltli\/"},"modified":"2026-04-15T03:29:40","modified_gmt":"2026-04-15T00:29:40","slug":"keceli-dinozorlar-ciltli","status":"publish","type":"product","link":"https:\/\/roveyayinevi.com.tr\/index.php\/urun\/keceli-dinozorlar-ciltli\/","title":{"rendered":"Ke\u00e7eli Dinozorlar (Ciltli)"},"content":{"rendered":"<p>Ke\u00e7eli \u00c7\u0131kartma Kitaplar\u0131: E\u011fitici E\u011flence Her Yerde Sizinle!   Ke\u00e7eli \u00c7\u0131kartma Kitaplar\u0131, yolda, evde ve tatilde \u00e7ocuklar\u0131n\u0131z\u0131n e\u011flenerek \u00f6\u011frenmesi i\u00e7in m\u00fckemmel bir \u00e7\u00f6z\u00fcm sunar. \u00dcstelik da\u011f\u0131n\u0131kl\u0131k yaratmadan yarat\u0131c\u0131 oyun oynamay\u0131 sa\u011flar!   \u00d6zellikler: \u00b7         Her kitapta 20 tekrar kullan\u0131labilir ke\u00e7eli \u00e7\u0131kartma ve 5 oyun sahnesi bulunur. \u00b7         Oyun bittikten sonra ke\u00e7e par\u00e7alar\u0131, kitab\u0131n \u00fcst k\u0131sm\u0131ndaki entegre \u015feffaf vakum tepsisinde saklanabilir. \u00b7         3+ ya\u015f \u00e7ocuklar i\u00e7in saatlerce yarat\u0131c\u0131 oyun olana\u011f\u0131 sunar.   \u00c7ocu\u011funuzun hayal g\u00fcc\u00fcn\u00fc geli\u015ftirin ve e\u011flenceli vakit ge\u00e7irmesini sa\u011flay\u0131n! <\/p>\n","protected":false},"excerpt":{"rendered":"<p>Ke\u00e7eli \u00c7\u0131kartma Kitaplar\u0131: E\u011fitici E\u011flence Her Yerde Sizinle! Ke\u00e7eli \u00c7\u0131kartma Kitaplar\u0131, yolda, evde ve tatilde \u00e7ocuklar\u0131n\u0131z\u0131n e\u011flenerek \u00f6\u011frenmesi i\u00e7in m\u00fckemmel bir \u00e7\u00f6z\u00fcm sunar. \u00dcstelik da\u011f\u0131n\u0131kl\u0131k yaratmadan<span class=\"excerpt-hellip\"> [\u2026]<\/span><\/p>\n","protected":false},"featured_media":0,"template":"","meta":{"_monsterinsights_skip_tracking":false,"_monsterinsights_sitenote_active":false,"_monsterinsights_sitenote_note":"","_monsterinsights_sitenote_category":0},"product_brand":[],"product_cat":[12274,15842],"product_tag":[],"class_list":{"0":"post-763664","1":"product","2":"type-product","3":"status-publish","5":"product_cat-cocuk-ve-genclik-kitaplari","6":"product_cat-egitici-kitaplar","7":"pa_cilt-ciltli","8":"pa_tur-kitap","9":"pa_yayinevi-beta-kids","10":"pa_yazar-kolektif","12":"first","13":"instock","14":"sale","15":"shipping-taxable","16":"purchasable","17":"product-type-simple"},"_links":{"self":[{"href":"https:\/\/roveyayinevi.com.tr\/index.php\/wp-json\/wp\/v2\/product\/763664","targetHints":{"allow":["GET"]}}],"collection":[{"href":"https:\/\/roveyayinevi.com.tr\/index.php\/wp-json\/wp\/v2\/product"}],"about":[{"href":"https:\/\/roveyayinevi.com.tr\/index.php\/wp-json\/wp\/v2\/types\/product"}],"wp:attachment":[{"href":"https:\/\/roveyayinevi.com.tr\/index.php\/wp-json\/wp\/v2\/media?parent=763664"}],"wp:term":[{"taxonomy":"product_brand","embeddable":true,"href":"https:\/\/roveyayinevi.com.tr\/index.php\/wp-json\/wp\/v2\/product_brand?post=763664"},{"taxonomy":"product_cat","embeddable":true,"href":"https:\/\/roveyayinevi.com.tr\/index.php\/wp-json\/wp\/v2\/product_cat?post=763664"},{"taxonomy":"product_tag","embeddable":true,"href":"https:\/\/roveyayinevi.com.tr\/index.php\/wp-json\/wp\/v2\/product_tag?post=763664"}],"curies":[{"name":"wp","href":"https:\/\/api.w.org\/{rel}","templated":true}]}}