{"id":763653,"date":"2025-08-28T10:47:34","date_gmt":"2025-08-28T07:47:34","guid":{"rendered":"https:\/\/roveyayinevi.com.tr\/index.php\/urun\/kral-sakir-kostum-partisi-2\/"},"modified":"2026-04-15T03:29:40","modified_gmt":"2026-04-15T00:29:40","slug":"kral-sakir-kostum-partisi-2","status":"publish","type":"product","link":"https:\/\/roveyayinevi.com.tr\/index.php\/urun\/kral-sakir-kostum-partisi-2\/","title":{"rendered":"Kral \u015eakir Kost\u00fcm Partisi"},"content":{"rendered":"<p>Kral \u015eakir serisinin \u00e7\u0131kartmal\u0131 giydirme kitaplar\u0131, \u00e7ocuklara sadece e\u011flenceli vakit ge\u00e7irme imk\u00e2n\u0131 sunmakla kalmaz, ayn\u0131 zamanda hayal g\u00fc\u00e7lerini, yarat\u0131c\u0131l\u0131klar\u0131n\u0131 ve hik\u00e2ye anlatma becerilerini geli\u015ftirmeleri i\u00e7in ilham verir. Bu kitaplar, \u00e7ocuklar\u0131n kendi d\u00fcnyalar\u0131n\u0131 ke\u015ffetmeleri ve ifade etmeleri i\u00e7in m\u00fckemmel bir ara\u00e7t\u0131r. <\/p>\n","protected":false},"excerpt":{"rendered":"<p>Kral \u015eakir serisinin \u00e7\u0131kartmal\u0131 giydirme kitaplar\u0131, \u00e7ocuklara sadece e\u011flenceli vakit ge\u00e7irme imk\u00e2n\u0131 sunmakla kalmaz, ayn\u0131 zamanda hayal g\u00fc\u00e7lerini, yarat\u0131c\u0131l\u0131klar\u0131n\u0131 ve hik\u00e2ye anlatma becerilerini geli\u015ftirmeleri i\u00e7in ilham<span class=\"excerpt-hellip\"> [\u2026]<\/span><\/p>\n","protected":false},"featured_media":0,"template":"","meta":{"_monsterinsights_skip_tracking":false,"_monsterinsights_sitenote_active":false,"_monsterinsights_sitenote_note":"","_monsterinsights_sitenote_category":0},"product_brand":[],"product_cat":[12644,12274],"product_tag":[],"class_list":{"0":"post-763653","1":"product","2":"type-product","3":"status-publish","5":"product_cat-boyama-kitaplari","6":"product_cat-cocuk-ve-genclik-kitaplari","7":"pa_cilt-ciltsiz","8":"pa_tur-kitap","9":"pa_yayinevi-eksik-parca-yayinlari","10":"pa_yazar-varol-yasaroglu","12":"first","13":"instock","14":"sale","15":"shipping-taxable","16":"purchasable","17":"product-type-simple"},"_links":{"self":[{"href":"https:\/\/roveyayinevi.com.tr\/index.php\/wp-json\/wp\/v2\/product\/763653","targetHints":{"allow":["GET"]}}],"collection":[{"href":"https:\/\/roveyayinevi.com.tr\/index.php\/wp-json\/wp\/v2\/product"}],"about":[{"href":"https:\/\/roveyayinevi.com.tr\/index.php\/wp-json\/wp\/v2\/types\/product"}],"wp:attachment":[{"href":"https:\/\/roveyayinevi.com.tr\/index.php\/wp-json\/wp\/v2\/media?parent=763653"}],"wp:term":[{"taxonomy":"product_brand","embeddable":true,"href":"https:\/\/roveyayinevi.com.tr\/index.php\/wp-json\/wp\/v2\/product_brand?post=763653"},{"taxonomy":"product_cat","embeddable":true,"href":"https:\/\/roveyayinevi.com.tr\/index.php\/wp-json\/wp\/v2\/product_cat?post=763653"},{"taxonomy":"product_tag","embeddable":true,"href":"https:\/\/roveyayinevi.com.tr\/index.php\/wp-json\/wp\/v2\/product_tag?post=763653"}],"curies":[{"name":"wp","href":"https:\/\/api.w.org\/{rel}","templated":true}]}}