{"id":763650,"date":"2025-08-28T10:47:29","date_gmt":"2025-08-28T07:47:29","guid":{"rendered":"https:\/\/roveyayinevi.com.tr\/index.php\/urun\/babamla-aramdaki-6-kisi\/"},"modified":"2026-04-15T03:29:40","modified_gmt":"2026-04-15T00:29:40","slug":"babamla-aramdaki-6-kisi","status":"publish","type":"product","link":"https:\/\/roveyayinevi.com.tr\/index.php\/urun\/babamla-aramdaki-6-kisi\/","title":{"rendered":"Babamla Aramdaki 6 Ki\u015fi"},"content":{"rendered":"<p>\u0130stedi\u011finiz herkese en fazla alt\u0131 ad\u0131mda ula\u015fabilece\u011finizi s\u00f6ylesek!Hanzade Servi, k\u00fc\u00e7\u00fck bir d\u00fcnya deneyi olarak tan\u0131mlanabilecek \u201cAyr\u0131m\u0131n Alt\u0131 Derecesi\u201d teoremi ekseninde s\u00fcr\u00fckleyici bir hik\u00e2ye kurgulad\u0131\u011f\u0131 Babamla Aramdaki 6 Ki\u015fi&#8217;de, kay\u0131p bir pilotun pe\u015finde gizemli bir u\u00e7ak kazas\u0131n\u0131n izini s\u00fcr\u00fcyor.  Bamba\u015fka hayatlar ya\u015fayan bir grup arkada\u015f\u0131 ve ailelerini nefes kesici bir aray\u0131\u015f ser\u00fcveninde bulu\u015fturan bu katmanl\u0131 roman, \u00e7evremizdekileri de\u011fi\u015ftirmeye \u00e7al\u0131\u015fmaktansa onlar\u0131 oldu\u011fu gibi kabul ederek sevmemiz gerekti\u011fini hat\u0131rlat\u0131yor. G\u00fcn\u00fcm\u00fcz gen\u00e7lerinin sorunlara bak\u0131\u015f\u0131n\u0131 yer yer komik, bazen duygusal, kimi zaman isyank\u00e2r ama en \u00e7ok da umut dolu s\u00f6zc\u00fcklerle ifade eden yazar, \u00e7ocuklar\u0131 i\u00e7in en m\u00fckemmelini ararken onlar\u0131 dinlemeyi unutan ebeveynleri de usul usul ele\u015ftiriyor.    Hayat, ba\u015f\u0131na gelenler de\u011fil, onlara nas\u0131l tepki verdi\u011findir. Esrarengiz bir u\u00e7ak kazas\u0131.D\u00f6rt ayd\u0131r kendisinden haber al\u0131namayan tecr\u00fcbeli bir pilot.Ve yeni kitab\u0131nda u\u00e7a\u011f\u0131 d\u00fc\u015fen bir pilotun hik\u00e2yesini konu edinen bir yazar&#8230;T\u00fcm bunlar bir tesad\u00fcf m\u00fc yoksa u\u011fursuz bir kehanet mi?Kay\u0131p pilot Barlas Irmak&#8217;\u0131n k\u0131z\u0131 \u00c7ak\u0131l, \u00e7evresindeki hemen herkesin y\u00fcre\u011fine dokunmu\u015f babas\u0131n\u0131n \u00f6ld\u00fc\u011f\u00fcne kesinlikle inanm\u0131yor! \u00d6\u011frendi\u011fi yepyeni bir teori sayesinde ona kavu\u015faca\u011f\u0131 \u00e2n\u0131n hayaliyle ya\u015f\u0131yor. Tabii bunun i\u00e7in \u00f6ncelikle kendisini babas\u0131na g\u00f6t\u00fcrecek do\u011fru alt\u0131 ki\u015fiye ula\u015fmas\u0131 gerekiyor. Neyse ki bu zorlu aray\u0131\u015fta ona yard\u0131m eli uzatacak dostlar\u0131 var&#8230;Bir bilinmeyenin pe\u015finde yollara d\u00fc\u015fen \u00c7ak\u0131l ve arkada\u015flar\u0131n\u0131n kendi k\u00fc\u00e7\u00fck d\u00fcnyalar\u0131nda ya\u015fad\u0131klar\u0131 b\u00fcy\u00fck ayd\u0131nlanmay\u0131 sayfalar\u0131na ta\u015f\u0131yan Babamla Aramdaki 6 Ki\u015fi; do\u011fruluk, d\u00fcr\u00fcstl\u00fck ve g\u00fcven kavramlar\u0131 hakk\u0131nda d\u00fc\u015f\u00fcnd\u00fcr\u00fcyor.  Servi, okurlar\u0131 hararetli bir tart\u0131\u015fman\u0131n i\u00e7ine \u00e7ekti\u011fi bu roman\u0131yla \u201cD\u00fcnya 6&#8217;dan k\u00fc\u00e7\u00fck de\u011fildir,\u201d diyor ve iki birey aras\u0131nda alt\u0131 ad\u0131mda ili\u015fki kurulabilece\u011fi teorisini destekleyen merak uyand\u0131r\u0131c\u0131 bir kurmacaya imza at\u0131yor. <\/p>\n","protected":false},"excerpt":{"rendered":"<p>\u0130stedi\u011finiz herkese en fazla alt\u0131 ad\u0131mda ula\u015fabilece\u011finizi s\u00f6ylesek!Hanzade Servi, k\u00fc\u00e7\u00fck bir d\u00fcnya deneyi olarak tan\u0131mlanabilecek \u201cAyr\u0131m\u0131n Alt\u0131 Derecesi\u201d teoremi ekseninde s\u00fcr\u00fckleyici bir hik\u00e2ye kurgulad\u0131\u011f\u0131 Babamla Aramdaki<span class=\"excerpt-hellip\"> [\u2026]<\/span><\/p>\n","protected":false},"featured_media":0,"template":"","meta":{"_monsterinsights_skip_tracking":false,"_monsterinsights_sitenote_active":false,"_monsterinsights_sitenote_note":"","_monsterinsights_sitenote_category":0},"product_brand":[],"product_cat":[12274,12284],"product_tag":[],"class_list":{"0":"post-763650","1":"product","2":"type-product","3":"status-publish","5":"product_cat-cocuk-ve-genclik-kitaplari","6":"product_cat-hikayeler","7":"pa_cilt-ciltsiz","8":"pa_tur-kitap","9":"pa_yayinevi-tudem-yayinlari","10":"pa_yazar-hanzade-servi","12":"first","13":"instock","14":"sale","15":"shipping-taxable","16":"purchasable","17":"product-type-simple"},"_links":{"self":[{"href":"https:\/\/roveyayinevi.com.tr\/index.php\/wp-json\/wp\/v2\/product\/763650","targetHints":{"allow":["GET"]}}],"collection":[{"href":"https:\/\/roveyayinevi.com.tr\/index.php\/wp-json\/wp\/v2\/product"}],"about":[{"href":"https:\/\/roveyayinevi.com.tr\/index.php\/wp-json\/wp\/v2\/types\/product"}],"wp:attachment":[{"href":"https:\/\/roveyayinevi.com.tr\/index.php\/wp-json\/wp\/v2\/media?parent=763650"}],"wp:term":[{"taxonomy":"product_brand","embeddable":true,"href":"https:\/\/roveyayinevi.com.tr\/index.php\/wp-json\/wp\/v2\/product_brand?post=763650"},{"taxonomy":"product_cat","embeddable":true,"href":"https:\/\/roveyayinevi.com.tr\/index.php\/wp-json\/wp\/v2\/product_cat?post=763650"},{"taxonomy":"product_tag","embeddable":true,"href":"https:\/\/roveyayinevi.com.tr\/index.php\/wp-json\/wp\/v2\/product_tag?post=763650"}],"curies":[{"name":"wp","href":"https:\/\/api.w.org\/{rel}","templated":true}]}}