{"id":763647,"date":"2025-08-28T10:47:24","date_gmt":"2025-08-28T07:47:24","guid":{"rendered":"https:\/\/roveyayinevi.com.tr\/index.php\/urun\/ilk-hareketli-kitabim-ciftlik-ciltli\/"},"modified":"2026-04-15T03:29:40","modified_gmt":"2026-04-15T00:29:40","slug":"ilk-hareketli-kitabim-ciftlik-ciltli","status":"publish","type":"product","link":"https:\/\/roveyayinevi.com.tr\/index.php\/urun\/ilk-hareketli-kitabim-ciftlik-ciltli\/","title":{"rendered":"\u0130lk Hareketli Kitab\u0131m \u00c7iftlik (Ciltli)"},"content":{"rendered":"<p>Ke\u015ffet, Oyna, \u00d6\u011fren: \u0130lk Hareketli Kitab\u0131m Serisi ile Tan\u0131\u015f! 1-3 ya\u015f aras\u0131 \u00e7ocuklar\u0131n d\u00fcnyay\u0131 ke\u015ffetmesine yard\u0131mc\u0131 olacak e\u011flenceli ve interaktif bir seri ar\u0131yorsan, &#8220;\u0130lk Hareketli Kitab\u0131m&#8221; tam da arad\u0131\u011f\u0131n seri! Bu d\u00f6rt kitapl\u0131k set, k\u00fc\u00e7\u00fck okurlar\u0131n\u0131 \u015eantiye, Deniz Alt\u0131, \u00c7iftlik ve Arama Kurtarma gibi ilgi \u00e7ekici d\u00fcnyalarla tan\u0131\u015ft\u0131r\u0131yor.   Bobbie Brooks\u2019un yazd\u0131\u011f\u0131 ve Villie Karabatzia\u2019n\u0131n rengarenk \u00e7izimleriyle hayat bulan bu seri, \u00e7ocuklar\u0131n hayal g\u00fcc\u00fcn\u00fc harekete ge\u00e7irirken el becerilerini de geli\u015ftiriyor. Her kitapta yer alan it, \u00e7ek veya kayd\u0131r \u00f6zellikli sa\u011flam karton mekanizmalar, miniklerin sayfalar\u0131 canland\u0131rmas\u0131na olanak tan\u0131yor. Bu sayede, her sayfa yeni bir ke\u015fif, her sahne yeni bir macera!   Serinin Kitaplar\u0131: \u00b7         \u015eantiye: \u0130\u015f makinelerini \u00e7al\u0131\u015ft\u0131r ve \u015fantiyede neler olup bitti\u011fini \u00f6\u011fren! \u00b7         Deniz Alt\u0131: Su alt\u0131 d\u00fcnyas\u0131n\u0131n derinliklerine dal ve deniz canl\u0131lar\u0131n\u0131 ke\u015ffet! \u00b7         \u00c7iftlik: Trakt\u00f6rler ve sevimli \u00e7iftlik hayvanlar\u0131yla dolu bir d\u00fcnyaya ad\u0131m at! \u00b7         Arama Kurtarma: H\u0131zla m\u00fcdahale et ve kurtarma operasyonlar\u0131nda yer al!   &#8220;\u0130lk Hareketli Kitab\u0131m&#8221; serisi, k\u00fc\u00e7\u00fck okurlar\u0131n elinden d\u00fc\u015fmeyecek bir seri. Hem e\u011flenceli hem de \u00f6\u011fretici bu kitaplarla, \u00e7ocuklar\u0131n ilk okuma deneyimini unutulmaz k\u0131l. Her sayfa, miniklerin d\u00fcnyas\u0131nda b\u00fcy\u00fck bir heyecan yaratacak! <\/p>\n","protected":false},"excerpt":{"rendered":"<p>Ke\u015ffet, Oyna, \u00d6\u011fren: \u0130lk Hareketli Kitab\u0131m Serisi ile Tan\u0131\u015f! 1-3 ya\u015f aras\u0131 \u00e7ocuklar\u0131n d\u00fcnyay\u0131 ke\u015ffetmesine yard\u0131mc\u0131 olacak e\u011flenceli ve interaktif bir seri ar\u0131yorsan, &#8220;\u0130lk Hareketli Kitab\u0131m&#8221;<span class=\"excerpt-hellip\"> [\u2026]<\/span><\/p>\n","protected":false},"featured_media":0,"template":"","meta":{"_monsterinsights_skip_tracking":false,"_monsterinsights_sitenote_active":false,"_monsterinsights_sitenote_note":"","_monsterinsights_sitenote_category":0},"product_brand":[],"product_cat":[15192,12274],"product_tag":[],"class_list":{"0":"post-763647","1":"product","2":"type-product","3":"status-publish","5":"product_cat-1-3-yas-kitaplari","6":"product_cat-cocuk-ve-genclik-kitaplari","7":"pa_cilt-ciltli","8":"pa_tur-kitap","9":"pa_yayinevi-beta-kids","10":"pa_yazar-bobbie-brooks","12":"first","13":"instock","14":"sale","15":"shipping-taxable","16":"purchasable","17":"product-type-simple"},"_links":{"self":[{"href":"https:\/\/roveyayinevi.com.tr\/index.php\/wp-json\/wp\/v2\/product\/763647","targetHints":{"allow":["GET"]}}],"collection":[{"href":"https:\/\/roveyayinevi.com.tr\/index.php\/wp-json\/wp\/v2\/product"}],"about":[{"href":"https:\/\/roveyayinevi.com.tr\/index.php\/wp-json\/wp\/v2\/types\/product"}],"wp:attachment":[{"href":"https:\/\/roveyayinevi.com.tr\/index.php\/wp-json\/wp\/v2\/media?parent=763647"}],"wp:term":[{"taxonomy":"product_brand","embeddable":true,"href":"https:\/\/roveyayinevi.com.tr\/index.php\/wp-json\/wp\/v2\/product_brand?post=763647"},{"taxonomy":"product_cat","embeddable":true,"href":"https:\/\/roveyayinevi.com.tr\/index.php\/wp-json\/wp\/v2\/product_cat?post=763647"},{"taxonomy":"product_tag","embeddable":true,"href":"https:\/\/roveyayinevi.com.tr\/index.php\/wp-json\/wp\/v2\/product_tag?post=763647"}],"curies":[{"name":"wp","href":"https:\/\/api.w.org\/{rel}","templated":true}]}}