{"id":763641,"date":"2025-08-28T10:47:12","date_gmt":"2025-08-28T07:47:12","guid":{"rendered":"https:\/\/roveyayinevi.com.tr\/index.php\/urun\/pit-pit-burnuma-dokun-suslu-koala-ciltli\/"},"modified":"2025-08-31T20:45:39","modified_gmt":"2025-08-31T17:45:39","slug":"pit-pit-burnuma-dokun-suslu-koala-ciltli","status":"publish","type":"product","link":"https:\/\/roveyayinevi.com.tr\/index.php\/urun\/pit-pit-burnuma-dokun-suslu-koala-ciltli\/","title":{"rendered":"P\u0131t P\u0131t Burnuma Dokun S\u00fcsl\u00fc Koala (Ciltli)"},"content":{"rendered":"<p>Duyulara Hitap Eden E\u011flence! &#8220;P\u0131t P\u0131t Burnuma Dokun&#8221; Serisi ile Tan\u0131\u015f\u0131n!   1 ya\u015f ve \u00fcst\u00fc \u00e7ocuklar\u0131n\u0131z\u0131n duyusal geli\u015fimini desteklerken onlara e\u011flenceli ve \u00f6\u011fretici hik\u00e2yeler sunacak bir seri ar\u0131yorsan\u0131z, &#8220;P\u0131t P\u0131t Burnuma Dokun&#8221; serisi tam da arad\u0131\u011f\u0131n\u0131z seri olabilir! Clarie Baker\u2019\u0131n yazd\u0131\u011f\u0131 ve Jake McDonald\u2019\u0131n sevimli \u00e7izimleriyle hayat bulan bu \u00fc\u00e7 kitapl\u0131k seri, \u00e7ocuklar\u0131n\u0131zla ge\u00e7irece\u011finiz keyifli zamanlar i\u00e7in m\u00fckemmel bir se\u00e7im.   Serinin Kitaplar\u0131: \u2022                     Mutlu Ay\u0131: Minik ay\u0131c\u0131kla birlikte lunaparkta heyecan dolu bir g\u00fcn ge\u00e7irin! Her sayfada Ay\u0131\u2019n\u0131n burnuna &#8220;P\u0131t P\u0131t&#8221; dokunun, \u00e7\u0131kan sesle e\u011flenceyi zirveye ta\u015f\u0131y\u0131n. \u2022                     S\u00fcsl\u00fc Koala: Koala ve arkada\u015flar\u0131n\u0131n kost\u00fcm partisine kat\u0131l\u0131n. Her sayfada Koala&#8217;n\u0131n burnuna dokunun ve \u00e7\u0131kan sesle kahkahalar at\u0131n! \u2022                     \u015eakac\u0131 K\u00f6pek: \u015eakac\u0131 K\u00f6pek\u2019in esprili d\u00fcnyas\u0131nda e\u011flenceli bir yolculu\u011fa \u00e7\u0131k\u0131n. Burnuna dokunun ve sesli \u015fakalar\u0131yla ne\u015felenin!   &#8220;P\u0131t P\u0131t Burnuma Dokun&#8221; serisinin her kitab\u0131, \u00e7ocuklar\u0131n\u0131z\u0131n dokunma duyusunu harekete ge\u00e7irir. Her hikayede karakterlerin burnuna &#8220;P\u0131t P\u0131t&#8221; dokunarak \u00e7\u0131kan sesler, minik okuyucular\u0131n dikkatini \u00e7ekip onlar\u0131 hikayeye d\u00e2hil ederken motor becerilerinin geli\u015fmesine de katk\u0131 sa\u011flar.   E\u011fitici ve E\u011flenceli! Bu seri, \u00e7ocuklar\u0131n\u0131z\u0131n say\u0131 saymay\u0131 \u00f6\u011frenmesine yard\u0131mc\u0131 olurken ayn\u0131 zamanda onlar\u0131 sevimli hayvan karakterleri ve e\u011flenceli hik\u00e2yelerle tan\u0131\u015ft\u0131r\u0131yor. Hem \u00f6\u011fretici hem de keyifli bir okuma deneyimi sunan bu kitaplar, veliler i\u00e7in \u00e7ocuklar\u0131yla kaliteli zaman ge\u00e7irme f\u0131rsat\u0131 sunuyor.<\/p>\n","protected":false},"excerpt":{"rendered":"<p>Duyulara Hitap Eden E\u011flence! &#8220;P\u0131t P\u0131t Burnuma Dokun&#8221; Serisi ile Tan\u0131\u015f\u0131n! 1 ya\u015f ve \u00fcst\u00fc \u00e7ocuklar\u0131n\u0131z\u0131n duyusal geli\u015fimini desteklerken onlara e\u011flenceli ve \u00f6\u011fretici hik\u00e2yeler sunacak bir<span class=\"excerpt-hellip\"> [\u2026]<\/span><\/p>\n","protected":false},"featured_media":0,"template":"","meta":{"_monsterinsights_skip_tracking":false,"_monsterinsights_sitenote_active":false,"_monsterinsights_sitenote_note":"","_monsterinsights_sitenote_category":0},"product_brand":[],"product_cat":[15192,12274],"product_tag":[],"class_list":{"0":"post-763641","1":"product","2":"type-product","3":"status-publish","5":"product_cat-1-3-yas-kitaplari","6":"product_cat-cocuk-ve-genclik-kitaplari","7":"pa_cilt-ciltli","8":"pa_tur-kitap","9":"pa_yayinevi-beta-kids","10":"pa_yazar-clarie-baker","12":"first","13":"instock","14":"sale","15":"shipping-taxable","16":"purchasable","17":"product-type-simple"},"_links":{"self":[{"href":"https:\/\/roveyayinevi.com.tr\/index.php\/wp-json\/wp\/v2\/product\/763641","targetHints":{"allow":["GET"]}}],"collection":[{"href":"https:\/\/roveyayinevi.com.tr\/index.php\/wp-json\/wp\/v2\/product"}],"about":[{"href":"https:\/\/roveyayinevi.com.tr\/index.php\/wp-json\/wp\/v2\/types\/product"}],"wp:attachment":[{"href":"https:\/\/roveyayinevi.com.tr\/index.php\/wp-json\/wp\/v2\/media?parent=763641"}],"wp:term":[{"taxonomy":"product_brand","embeddable":true,"href":"https:\/\/roveyayinevi.com.tr\/index.php\/wp-json\/wp\/v2\/product_brand?post=763641"},{"taxonomy":"product_cat","embeddable":true,"href":"https:\/\/roveyayinevi.com.tr\/index.php\/wp-json\/wp\/v2\/product_cat?post=763641"},{"taxonomy":"product_tag","embeddable":true,"href":"https:\/\/roveyayinevi.com.tr\/index.php\/wp-json\/wp\/v2\/product_tag?post=763641"}],"curies":[{"name":"wp","href":"https:\/\/api.w.org\/{rel}","templated":true}]}}