{"id":763640,"date":"2025-08-28T10:47:10","date_gmt":"2025-08-28T07:47:10","guid":{"rendered":"https:\/\/roveyayinevi.com.tr\/index.php\/urun\/copler-ve-geri-donusum\/"},"modified":"2026-04-15T03:29:40","modified_gmt":"2026-04-15T00:29:40","slug":"copler-ve-geri-donusum","status":"publish","type":"product","link":"https:\/\/roveyayinevi.com.tr\/index.php\/urun\/copler-ve-geri-donusum\/","title":{"rendered":"\u00c7\u00f6pler ve Geri D\u00f6n\u00fc\u015f\u00fcm"},"content":{"rendered":"<p>B\u00fcy\u00fcl\u00fc do\u011fas\u0131n\u0131 ve t\u00fcm g\u00fczelliklerini korumak i\u00e7in, d\u00fcnyam\u0131z\u0131n de\u011ferini anlamam\u0131z ve her \u015feyden \u00f6nce onu tan\u0131mam\u0131z gerekir. Haydi o zaman, evimizi, D\u00fcnya gezegenini, u\u00e7suz bucaks\u0131z Evren&#8217;in i\u00e7indeki bu k\u00fc\u00e7\u00fcc\u00fck noktac\u0131\u011f\u0131 tan\u0131yal\u0131m! \u0130\u015fte bu ama\u00e7la, siz \u00e7ocuklara Dinozor \u00c7ocuk olarak Zincir Dizisi&#8217;ni yay\u0131ml\u0131yoruz. G\u00fcndelik hayat\u0131m\u0131zda hepimiz \u00e7\u00f6p \u00fcretiriz. Bunun sonucunda ise, hava, toprak ve su kirlili\u011finden, d\u00fcnyan\u0131n ikliminin de\u011fi\u015fmesi tehdidine kadar pek \u00e7ok dert a\u00e7\u0131l\u0131r ba\u015f\u0131m\u0131za. E\u011fer canl\u0131 ve sa\u011fl\u0131kl\u0131 kalmak istiyorsak, her \u015feyi yeniden d\u00fc\u015f\u00fcnmeliyiz: Fazla t\u00fcketime bir &#8220;Dur&#8221; demeli, \u00c7\u00f6p \u00fcretimini azaltmal\u0131, Geri d\u00f6n\u00fc\u015f\u00fcme \u00f6nem vermeliyiz. <\/p>\n","protected":false},"excerpt":{"rendered":"<p>B\u00fcy\u00fcl\u00fc do\u011fas\u0131n\u0131 ve t\u00fcm g\u00fczelliklerini korumak i\u00e7in, d\u00fcnyam\u0131z\u0131n de\u011ferini anlamam\u0131z ve her \u015feyden \u00f6nce onu tan\u0131mam\u0131z gerekir. Haydi o zaman, evimizi, D\u00fcnya gezegenini, u\u00e7suz bucaks\u0131z Evren&#8217;in<span class=\"excerpt-hellip\"> [\u2026]<\/span><\/p>\n","protected":false},"featured_media":0,"template":"","meta":{"_monsterinsights_skip_tracking":false,"_monsterinsights_sitenote_active":false,"_monsterinsights_sitenote_note":"","_monsterinsights_sitenote_category":0},"product_brand":[],"product_cat":[12274,15842],"product_tag":[],"class_list":{"0":"post-763640","1":"product","2":"type-product","3":"status-publish","5":"product_cat-cocuk-ve-genclik-kitaplari","6":"product_cat-egitici-kitaplar","7":"pa_cilt-ciltsiz","8":"pa_tur-kitap","9":"pa_yayinevi-dinozor-cocuk","10":"pa_yazar-anna-hatzimanoli","12":"first","13":"instock","14":"sale","15":"shipping-taxable","16":"purchasable","17":"product-type-simple"},"_links":{"self":[{"href":"https:\/\/roveyayinevi.com.tr\/index.php\/wp-json\/wp\/v2\/product\/763640","targetHints":{"allow":["GET"]}}],"collection":[{"href":"https:\/\/roveyayinevi.com.tr\/index.php\/wp-json\/wp\/v2\/product"}],"about":[{"href":"https:\/\/roveyayinevi.com.tr\/index.php\/wp-json\/wp\/v2\/types\/product"}],"wp:attachment":[{"href":"https:\/\/roveyayinevi.com.tr\/index.php\/wp-json\/wp\/v2\/media?parent=763640"}],"wp:term":[{"taxonomy":"product_brand","embeddable":true,"href":"https:\/\/roveyayinevi.com.tr\/index.php\/wp-json\/wp\/v2\/product_brand?post=763640"},{"taxonomy":"product_cat","embeddable":true,"href":"https:\/\/roveyayinevi.com.tr\/index.php\/wp-json\/wp\/v2\/product_cat?post=763640"},{"taxonomy":"product_tag","embeddable":true,"href":"https:\/\/roveyayinevi.com.tr\/index.php\/wp-json\/wp\/v2\/product_tag?post=763640"}],"curies":[{"name":"wp","href":"https:\/\/api.w.org\/{rel}","templated":true}]}}