{"id":763635,"date":"2025-08-28T10:46:59","date_gmt":"2025-08-28T07:46:59","guid":{"rendered":"https:\/\/roveyayinevi.com.tr\/index.php\/urun\/avengers-yenilmezler-sonsuzluk\/"},"modified":"2026-04-15T03:29:40","modified_gmt":"2026-04-15T00:29:40","slug":"avengers-yenilmezler-sonsuzluk","status":"publish","type":"product","link":"https:\/\/roveyayinevi.com.tr\/index.php\/urun\/avengers-yenilmezler-sonsuzluk\/","title":{"rendered":"Avengers: Yenilmezler &#8211; Sonsuzluk"},"content":{"rendered":"<p>B\u0130RL\u0130K OLMALILAR, OLMAZLARSA YOK OLACAKLAR!   Bu sefer d\u00fc\u015fman, D\u00fcnya&#8217;daki t\u00fcm ya\u015fam\u0131 ortadan kald\u0131rmayakararl\u0131, uzayl\u0131 bir \u0131rk\u0131n \u00fcyeleri olan Kurucular&#8217;d\u0131r. \u0130lk sald\u0131r\u0131 \u00e7oktan say\u0131s\u0131z d\u00fcnyay\u0131 yok etmi\u015f olan devasa bir filonun \u00f6nc\u00fcleritaraf\u0131ndan Mars\u2019tan ba\u015flat\u0131lm\u0131\u015ft\u0131r. Yenilmezler bu sald\u0131r\u0131ya kar\u015f\u0131l\u0131k verir ve ard\u0131ndan Shi\u2019ar, KreeSkrull ve \u00e7o\u011fu ezeli d\u00fc\u015fman olan di\u011fer galaksiler aras\u0131 \u0131rklar\u0131Yakla\u015fan istilaya kar\u015f\u0131 birle\u015ftirmek i\u00e7in uzay\u0131n derinliklerine yolculuk eder. Ekibin \u00e7o\u011fu uzaktayken, Thanos olarak bilinen \u00c7\u0131lg\u0131n Titan g\u00f6z\u00fcn\u00fc D\u00fcnya&#8217;ya diker. Amans\u0131z ordusu Kara D\u00fczen\u2019le d\u00fcnya \u00e7ap\u0131nda bir sald\u0131r\u0131 ba\u015flat\u0131r ve \u00fclkeleri tek tek y\u0131k\u0131ma u\u011frat\u0131r. Bu amans\u0131z istilay\u0131 savu\u015fturmak Demir Adam, Doktor Strange\u0130nsand\u0131\u015f\u0131lar ve Kara Panter&#8217;in de aralar\u0131nda bulundu\u011fu gezegenin geri kalan kahramanlar\u0131na d\u00fc\u015fer.<\/p>\n","protected":false},"excerpt":{"rendered":"<p>B\u0130RL\u0130K OLMALILAR, OLMAZLARSA YOK OLACAKLAR! Bu sefer d\u00fc\u015fman, D\u00fcnya&#8217;daki t\u00fcm ya\u015fam\u0131 ortadan kald\u0131rmayakararl\u0131, uzayl\u0131 bir \u0131rk\u0131n \u00fcyeleri olan Kurucular&#8217;d\u0131r. \u0130lk sald\u0131r\u0131 \u00e7oktan say\u0131s\u0131z d\u00fcnyay\u0131 yok etmi\u015f<span class=\"excerpt-hellip\"> [\u2026]<\/span><\/p>\n","protected":false},"featured_media":0,"template":"","meta":{"_monsterinsights_skip_tracking":false,"_monsterinsights_sitenote_active":false,"_monsterinsights_sitenote_note":"","_monsterinsights_sitenote_category":0},"product_brand":[],"product_cat":[12540,12291],"product_tag":[],"class_list":{"0":"post-763635","1":"product","2":"type-product","3":"status-publish","5":"product_cat-bilim-kurgu","6":"product_cat-edebiyat","7":"pa_cilt-ciltsiz","8":"pa_tur-kitap","9":"pa_yayinevi-epsilon-yayinlari","10":"pa_yazar-james-a-moore","12":"first","13":"instock","14":"sale","15":"shipping-taxable","16":"purchasable","17":"product-type-simple"},"_links":{"self":[{"href":"https:\/\/roveyayinevi.com.tr\/index.php\/wp-json\/wp\/v2\/product\/763635","targetHints":{"allow":["GET"]}}],"collection":[{"href":"https:\/\/roveyayinevi.com.tr\/index.php\/wp-json\/wp\/v2\/product"}],"about":[{"href":"https:\/\/roveyayinevi.com.tr\/index.php\/wp-json\/wp\/v2\/types\/product"}],"wp:attachment":[{"href":"https:\/\/roveyayinevi.com.tr\/index.php\/wp-json\/wp\/v2\/media?parent=763635"}],"wp:term":[{"taxonomy":"product_brand","embeddable":true,"href":"https:\/\/roveyayinevi.com.tr\/index.php\/wp-json\/wp\/v2\/product_brand?post=763635"},{"taxonomy":"product_cat","embeddable":true,"href":"https:\/\/roveyayinevi.com.tr\/index.php\/wp-json\/wp\/v2\/product_cat?post=763635"},{"taxonomy":"product_tag","embeddable":true,"href":"https:\/\/roveyayinevi.com.tr\/index.php\/wp-json\/wp\/v2\/product_tag?post=763635"}],"curies":[{"name":"wp","href":"https:\/\/api.w.org\/{rel}","templated":true}]}}