{"id":763633,"date":"2025-08-28T10:46:55","date_gmt":"2025-08-28T07:46:55","guid":{"rendered":"https:\/\/roveyayinevi.com.tr\/index.php\/urun\/babam-ev-ve-yumurta-kabuklari\/"},"modified":"2026-04-15T03:29:40","modified_gmt":"2026-04-15T00:29:40","slug":"babam-ev-ve-yumurta-kabuklari","status":"publish","type":"product","link":"https:\/\/roveyayinevi.com.tr\/index.php\/urun\/babam-ev-ve-yumurta-kabuklari\/","title":{"rendered":"Babam, Ev ve Yumurta Kabuklar\u0131"},"content":{"rendered":"<p>Geldim. Yine. Eve d\u00f6nmek \u00e7ocuklu\u011funu ge\u00e7irdi\u011fin d\u00f6rt duvara d\u00f6nmek de\u011fil sadece, \u00e7ocuklu\u011funu olu\u015fturan her detay\u0131 hat\u0131rlamak, o detaylar yerine konulanlar\u0131 hazmetmek, asla de\u011fi\u015fmeyenler i\u00e7in hay\u0131flanmak, belki de \u00fcz\u00fclmek. \u015eimdi, \u00e7ocuklu\u011fumda tahinli \u00e7\u00f6re\u011fini \u00e7ok sevdi\u011fim f\u0131r\u0131n\u0131n \u00f6n\u00fcnden ge\u00e7erken, saatlerce oynad\u0131\u011f\u0131m \u00e7ocuk park\u0131n\u0131n oto y\u0131kamaya d\u00f6n\u00fc\u015ft\u00fc\u011f\u00fcn\u00fc fark ederken anl\u0131yorum eve d\u00f6nmenin sadece duvar y\u0131\u011f\u0131nlar\u0131ndan, resimlerden, de\u011fi\u015fmeyen odalardan ibaret olmad\u0131\u011f\u0131n\u0131.     Kendine \u00f6zg\u00fc dil ve anlat\u0131m\u0131yla dikkat \u00e7eken Fatma Nur Kaptano\u011flu, ilk roman\u0131 Babam, Ev ve Yumurta Kabuklar\u0131\u2019nda bir eve d\u00f6n\u00fc\u015f ve hesapla\u015fma hik\u00e2yesini merkezine al\u0131yor. \u00dczerinden ne kadar zaman ge\u00e7erse ge\u00e7sin ki\u015finin \u00e7ocuklu\u011fundan, ilkgen\u00e7lik y\u0131llar\u0131 ve ilk heyecanlar\u0131ndan hi\u00e7bir zaman kopamay\u0131\u015f\u0131, Bilge\u2019nin kendisiyle, annesi ve en \u00e7ok da babas\u0131yla giri\u015fti\u011fi sessiz hesapla\u015fmalar \u00fczerinden d\u0131\u015fa vuruyor.   Babam, Ev ve Yumurta Kabuklar\u0131, ge\u00e7mi\u015fin bug\u00fcn\u00fc ne derece derinden sarsabilece\u011fi \u00fczerine bir roman. <\/p>\n","protected":false},"excerpt":{"rendered":"<p>Geldim. Yine. Eve d\u00f6nmek \u00e7ocuklu\u011funu ge\u00e7irdi\u011fin d\u00f6rt duvara d\u00f6nmek de\u011fil sadece, \u00e7ocuklu\u011funu olu\u015fturan her detay\u0131 hat\u0131rlamak, o detaylar yerine konulanlar\u0131 hazmetmek, asla de\u011fi\u015fmeyenler i\u00e7in hay\u0131flanmak, belki<span class=\"excerpt-hellip\"> [\u2026]<\/span><\/p>\n","protected":false},"featured_media":0,"template":"","meta":{"_monsterinsights_skip_tracking":false,"_monsterinsights_sitenote_active":false,"_monsterinsights_sitenote_note":"","_monsterinsights_sitenote_category":0},"product_brand":[],"product_cat":[12291,12711],"product_tag":[],"class_list":{"0":"post-763633","1":"product","2":"type-product","3":"status-publish","5":"product_cat-edebiyat","6":"product_cat-roman-oyku","7":"pa_cilt-ciltsiz","8":"pa_tur-kitap","9":"pa_yayinevi-can-yayinlari","10":"pa_yazar-fatma-nur-kaptanoglu","12":"first","13":"instock","14":"sale","15":"shipping-taxable","16":"purchasable","17":"product-type-simple"},"_links":{"self":[{"href":"https:\/\/roveyayinevi.com.tr\/index.php\/wp-json\/wp\/v2\/product\/763633","targetHints":{"allow":["GET"]}}],"collection":[{"href":"https:\/\/roveyayinevi.com.tr\/index.php\/wp-json\/wp\/v2\/product"}],"about":[{"href":"https:\/\/roveyayinevi.com.tr\/index.php\/wp-json\/wp\/v2\/types\/product"}],"wp:attachment":[{"href":"https:\/\/roveyayinevi.com.tr\/index.php\/wp-json\/wp\/v2\/media?parent=763633"}],"wp:term":[{"taxonomy":"product_brand","embeddable":true,"href":"https:\/\/roveyayinevi.com.tr\/index.php\/wp-json\/wp\/v2\/product_brand?post=763633"},{"taxonomy":"product_cat","embeddable":true,"href":"https:\/\/roveyayinevi.com.tr\/index.php\/wp-json\/wp\/v2\/product_cat?post=763633"},{"taxonomy":"product_tag","embeddable":true,"href":"https:\/\/roveyayinevi.com.tr\/index.php\/wp-json\/wp\/v2\/product_tag?post=763633"}],"curies":[{"name":"wp","href":"https:\/\/api.w.org\/{rel}","templated":true}]}}