{"id":763632,"date":"2025-08-28T10:46:52","date_gmt":"2025-08-28T07:46:52","guid":{"rendered":"https:\/\/roveyayinevi.com.tr\/index.php\/urun\/flamingolar-pembedir\/"},"modified":"2026-04-15T03:29:40","modified_gmt":"2026-04-15T00:29:40","slug":"flamingolar-pembedir","status":"publish","type":"product","link":"https:\/\/roveyayinevi.com.tr\/index.php\/urun\/flamingolar-pembedir\/","title":{"rendered":"Flamingolar Pembedir"},"content":{"rendered":"<p>\u201cHayat adil de\u011fil. Sana iyi davranacak diye bir \u015fey de yok. Bunu anlamak i\u00e7in b\u00fcy\u00fcmem bile gerekmiyordu. Bo\u015fa ge\u00e7en onca y\u0131l. Oysa zaten daha alt\u0131 ya\u015f\u0131ndayken ger\u00e7e\u011fi \u00f6\u011frenmi\u015ftim. Her \u015fey yolunda gitmeyecek. D\u00fcnyaya bunu mu \u00f6\u011frenmeye geldim? Ne sand\u0131n? Bir tokattan ka\u00e7t\u0131n, di\u011ferini onurlu bir \u015fekilde kar\u015f\u0131lad\u0131n, bir tane de sen att\u0131n diye dayak yemeyece\u011fini mi sand\u0131n?\u201d   Karl\u0131 bir gece, saat \u00fc\u00e7, alt\u0131 ya\u015f\u0131nda bir k\u0131z \u00e7ocu\u011fu&#8230; Kimse hayat\u0131n\u0131n bir gecede de\u011fi\u015fece\u011fini d\u00fc\u015f\u00fcnmez, hele ki alt\u0131 ya\u015f\u0131ndaki k\u00fc\u00e7\u00fck bir k\u0131z \u00e7ocu\u011fu bunu hi\u00e7 d\u00fc\u015f\u00fcnmez. Annesinin kollar\u0131 yerine kendisini k\u00fc\u00e7\u00fck bir kay\u0131\u011f\u0131n i\u00e7erisine b\u0131rakaca\u011f\u0131n\u0131 ya da bir gitar at\u00f6lyesinde b\u00fcy\u00fcyece\u011fini hayal bile edemez. Ama hayat her zaman kendi i\u00e7erisinde hem iyi hem de k\u00f6t\u00fc s\u00fcrprizleri bar\u0131nd\u0131r\u0131r.   K\u00fc\u00e7\u00fck bir k\u0131z \u00e7ocu\u011funun ya\u015fad\u0131\u011f\u0131 bir\u00e7ok olay kar\u015f\u0131s\u0131ndaki hayat\u0131 anlamland\u0131rma yolcu\u011funa \u015fahit oldu\u011fumuz Flamingolar Pembedir i\u00e7in Asl\u0131 Perker, kendi alternatif hayat hik\u00e2yesi oldu\u011funu s\u00f6yl\u00fcyor. Belki de bu yaln\u0131zca onun de\u011fil, hepimizin alternatif hayat hik\u00e2yesidir.<\/p>\n","protected":false},"excerpt":{"rendered":"<p>\u201cHayat adil de\u011fil. Sana iyi davranacak diye bir \u015fey de yok. Bunu anlamak i\u00e7in b\u00fcy\u00fcmem bile gerekmiyordu. Bo\u015fa ge\u00e7en onca y\u0131l. Oysa zaten daha alt\u0131 ya\u015f\u0131ndayken<span class=\"excerpt-hellip\"> [\u2026]<\/span><\/p>\n","protected":false},"featured_media":0,"template":"","meta":{"_monsterinsights_skip_tracking":false,"_monsterinsights_sitenote_active":false,"_monsterinsights_sitenote_note":"","_monsterinsights_sitenote_category":0},"product_brand":[],"product_cat":[12291,12711],"product_tag":[],"class_list":{"0":"post-763632","1":"product","2":"type-product","3":"status-publish","5":"product_cat-edebiyat","6":"product_cat-roman-oyku","7":"pa_cilt-ciltsiz","8":"pa_tur-kitap","9":"pa_yayinevi-epsilon-yayinlari","10":"pa_yazar-asli-perker","12":"first","13":"instock","14":"sale","15":"shipping-taxable","16":"purchasable","17":"product-type-simple"},"_links":{"self":[{"href":"https:\/\/roveyayinevi.com.tr\/index.php\/wp-json\/wp\/v2\/product\/763632","targetHints":{"allow":["GET"]}}],"collection":[{"href":"https:\/\/roveyayinevi.com.tr\/index.php\/wp-json\/wp\/v2\/product"}],"about":[{"href":"https:\/\/roveyayinevi.com.tr\/index.php\/wp-json\/wp\/v2\/types\/product"}],"wp:attachment":[{"href":"https:\/\/roveyayinevi.com.tr\/index.php\/wp-json\/wp\/v2\/media?parent=763632"}],"wp:term":[{"taxonomy":"product_brand","embeddable":true,"href":"https:\/\/roveyayinevi.com.tr\/index.php\/wp-json\/wp\/v2\/product_brand?post=763632"},{"taxonomy":"product_cat","embeddable":true,"href":"https:\/\/roveyayinevi.com.tr\/index.php\/wp-json\/wp\/v2\/product_cat?post=763632"},{"taxonomy":"product_tag","embeddable":true,"href":"https:\/\/roveyayinevi.com.tr\/index.php\/wp-json\/wp\/v2\/product_tag?post=763632"}],"curies":[{"name":"wp","href":"https:\/\/api.w.org\/{rel}","templated":true}]}}