{"id":763626,"date":"2025-08-28T10:46:28","date_gmt":"2025-08-28T07:46:28","guid":{"rendered":"https:\/\/roveyayinevi.com.tr\/index.php\/urun\/sanat-dunyamiz-202-eylul-ekim-2024\/"},"modified":"2026-04-15T03:29:39","modified_gmt":"2026-04-15T00:29:39","slug":"sanat-dunyamiz-202-eylul-ekim-2024","status":"publish","type":"product","link":"https:\/\/roveyayinevi.com.tr\/index.php\/urun\/sanat-dunyamiz-202-eylul-ekim-2024\/","title":{"rendered":"Sanat D\u00fcnyam\u0131z 202 \/ Eyl\u00fcl &#8211; Ekim 2024"},"content":{"rendered":"<p>Sanat Tarihi Nas\u0131l Yaz\u0131l\u0131r?   Sanat D\u00fcnyam\u0131z dergisi Eyl\u00fcl Ekim 2024 say\u0131s\u0131nda temel bir soruyu g\u00fcndeme ta\u015f\u0131yor: Sanat tarihi nas\u0131l yaz\u0131l\u0131r? Dergi b\u00f6ylece 20 y\u0131l \u00f6nceki ayn\u0131 ba\u015fl\u0131kl\u0131 dosya say\u0131s\u0131n\u0131 da yeniden dillendiriyor. Sanat tarihi yazman\u0131n imk\u00e2nlar\u0131, imk\u00e2ns\u0131zl\u0131klar\u0131, farkl\u0131l\u0131klar\u0131 ve bug\u00fcnk\u00fc \u00e7\u0131k\u0131\u015f noktalar\u0131, dosyada detayl\u0131 olarak inceleniyor. \u00d6zg\u00fcl K\u0131l\u0131n\u00e7arslan dosyaya 20 y\u0131l \u00f6nceki say\u0131y\u0131 inceledi\u011fi bir yaz\u0131yla katk\u0131 sunuyor. Sezin Romi\u2019nin yaz\u0131s\u0131nda kurumlar, ar\u015fivler ve ar\u015fivlerin sanat tarihi yaz\u0131m\u0131na katk\u0131lar\u0131 dile geliyor. Cengiz \u00c7ekil\u2019in Joseph Beuys \u00fczerine yaz\u0131s\u0131 \u201cBeuys ve Biz\u201di dergide Yapay Cehennemler\u2019in yazar\u0131 New York\u2019ta ya\u015fayan sanat tarih\u00e7i Claire Bishop\u2019un s\u00f6yle\u015fisi izliyor. Sanat\u00e7\u0131 Noor Abuarafeh, Filistin manzaralar\u0131ndan bir anlat\u0131yla manzara resimlerinin sanat ve insanl\u0131k tarihi i\u00e7in anlamlar\u0131n\u0131 \u00e7o\u011falt\u0131yor. G\u00fclce \u00d6zkara ise Dahomey filminden yola \u00e7\u0131karak s\u00f6m\u00fcrgecilik ge\u00e7mi\u015fiyle y\u00fczle\u015fmelerin sanat tarihinin temel meselelerinden biri olu\u015funu g\u00f6steriyor. Kaya Gen\u00e7 ekolojinin merkez\u00ee bir konu haline geli\u015fini inceliyor ve ge\u00e7mi\u015fte ekolojiyle kurulan ba\u011flara bak\u0131yor. Y\u0131ld\u0131z \u00d6zt\u00fcrk sanat tarihinde kuir feminist yaz\u0131mlar\u0131n tarihine, Eda \u00c7ekil ise bu yaz\u0131mlar\u0131n T\u00fcrkiye imk\u00e2nlar\u0131na e\u011filiyor. Raphael-\u00d6ncesi Karde\u015fli\u011fi ve modeller ise Derya Say\u0131n\u2019\u0131n yaz\u0131s\u0131nda g\u00fcndeme geliyor. C\u00fcneyt Y\u00fcce ise Rabih Mrou\u00e9 \u00fczerinden performatif olan\u0131n sanat tarihi yaz\u0131m\u0131na katk\u0131lar\u0131n\u0131 ara\u015ft\u0131r\u0131yor. <\/p>\n","protected":false},"excerpt":{"rendered":"<p>Sanat Tarihi Nas\u0131l Yaz\u0131l\u0131r? Sanat D\u00fcnyam\u0131z dergisi Eyl\u00fcl Ekim 2024 say\u0131s\u0131nda temel bir soruyu g\u00fcndeme ta\u015f\u0131yor: Sanat tarihi nas\u0131l yaz\u0131l\u0131r? Dergi b\u00f6ylece 20 y\u0131l \u00f6nceki ayn\u0131<span class=\"excerpt-hellip\"> [\u2026]<\/span><\/p>\n","protected":false},"featured_media":0,"template":"","meta":{"_monsterinsights_skip_tracking":false,"_monsterinsights_sitenote_active":false,"_monsterinsights_sitenote_note":"","_monsterinsights_sitenote_category":0},"product_brand":[],"product_cat":[13527],"product_tag":[],"class_list":{"0":"post-763626","1":"product","2":"type-product","3":"status-publish","5":"product_cat-sureli-yayinlar","6":"pa_cilt-ciltsiz","7":"pa_tur-dergi","8":"pa_yayinevi-yapi-kredi-yayinlari-dergi","9":"pa_yazar-kolektif","11":"first","12":"instock","13":"sale","14":"shipping-taxable","15":"purchasable","16":"product-type-simple"},"_links":{"self":[{"href":"https:\/\/roveyayinevi.com.tr\/index.php\/wp-json\/wp\/v2\/product\/763626","targetHints":{"allow":["GET"]}}],"collection":[{"href":"https:\/\/roveyayinevi.com.tr\/index.php\/wp-json\/wp\/v2\/product"}],"about":[{"href":"https:\/\/roveyayinevi.com.tr\/index.php\/wp-json\/wp\/v2\/types\/product"}],"wp:attachment":[{"href":"https:\/\/roveyayinevi.com.tr\/index.php\/wp-json\/wp\/v2\/media?parent=763626"}],"wp:term":[{"taxonomy":"product_brand","embeddable":true,"href":"https:\/\/roveyayinevi.com.tr\/index.php\/wp-json\/wp\/v2\/product_brand?post=763626"},{"taxonomy":"product_cat","embeddable":true,"href":"https:\/\/roveyayinevi.com.tr\/index.php\/wp-json\/wp\/v2\/product_cat?post=763626"},{"taxonomy":"product_tag","embeddable":true,"href":"https:\/\/roveyayinevi.com.tr\/index.php\/wp-json\/wp\/v2\/product_tag?post=763626"}],"curies":[{"name":"wp","href":"https:\/\/api.w.org\/{rel}","templated":true}]}}