{"id":763625,"date":"2025-08-28T10:46:27","date_gmt":"2025-08-28T07:46:27","guid":{"rendered":"https:\/\/roveyayinevi.com.tr\/index.php\/urun\/kitap-lik-235-eylul-ekim-2024\/"},"modified":"2026-04-15T03:29:39","modified_gmt":"2026-04-15T00:29:39","slug":"kitap-lik-235-eylul-ekim-2024","status":"publish","type":"product","link":"https:\/\/roveyayinevi.com.tr\/index.php\/urun\/kitap-lik-235-eylul-ekim-2024\/","title":{"rendered":"Kitap\u2013l\u0131k 235 Eyl\u00fcl &#8211; Ekim 2024"},"content":{"rendered":"<p>G\u00fcrsel Korat\u2019la 30 Y\u0131l   Yap\u0131 Kredi Yay\u0131nlar\u0131\u2019n\u0131n edebiyat dergisi kitap-l\u0131k\u2019\u0131n yeni say\u0131s\u0131 \u00e7\u0131kt\u0131. 235. say\u0131n\u0131n dosya konusu \u201cG\u00fcrsel Korat\u2019la 30 Y\u0131l\u201d. Korat\u2019\u0131n kitaplar\u0131 ve edebiyat\u0131n\u0131n ana temalar\u0131 \u00e7evresinde farkl\u0131 bak\u0131\u015f a\u00e7\u0131lar\u0131n\u0131n bir araya geldi\u011fi dosyada \u015eehriban \u00d6zcan, Asuman Susam, Haydar Erg\u00fclen, Metin Aky\u00fcz, Ye\u015fim T\u00fckel, Mercan Ate\u015f yaz\u0131lar\u0131yla yer ald\u0131, Ula\u015f Bager Aldemir ise yazarla s\u00f6yle\u015fi yapt\u0131.   Bu yaz yitirdi\u011fimiz Can Alkor\u2019u \u0130shak Reyna, Ferit Edg\u00fc\u2019y\u00fc Sezer Duru and\u0131lar. Ahmet G\u00fcntan\u2019\u0131n Ada Pancar, Abdullah Ezik\u2019in Alex Schulman s\u00f6yle\u015fisi ve Mehmet Erg\u00fcven\u2019in \u201cDeneme Semizotu mu\u201d yaz\u0131s\u0131 bu say\u0131n\u0131n dikkat \u00e7eken sayfalar\u0131.   Tu\u011frul Tanyol, G\u00fcltekin Emre, Haydar Erg\u00fclen, Asuman Susam, Elif Sofya, Mehmet Erte, Sezen Ergen B., Bilgehan Tu\u011frul \u015fiirleri; \u0130brahim Y\u0131ld\u0131r\u0131m, Semra Aktun\u00e7, Nuray Tekin, \u0130lhan Durusel, Senem Gezero\u011flu \u00f6yk\u00fcleri; G\u00fcrsel Korat, Emrah Yolcu, Faruk Turinay, Josef K\u0131l\u00e7\u0131ks\u0131z, Cemil Okyay, Ertan M\u0131s\u0131rl\u0131, M. \u015eeref \u00d6zsoy yaz\u0131lar\u0131yla kitap-l\u0131k dergisinin 235. say\u0131s\u0131nda.   kitap-l\u0131k 32 y\u0131ld\u0131r iyi edebiyat\u0131n adresi. <\/p>\n","protected":false},"excerpt":{"rendered":"<p>G\u00fcrsel Korat\u2019la 30 Y\u0131l Yap\u0131 Kredi Yay\u0131nlar\u0131\u2019n\u0131n edebiyat dergisi kitap-l\u0131k\u2019\u0131n yeni say\u0131s\u0131 \u00e7\u0131kt\u0131. 235. say\u0131n\u0131n dosya konusu \u201cG\u00fcrsel Korat\u2019la 30 Y\u0131l\u201d. Korat\u2019\u0131n kitaplar\u0131 ve edebiyat\u0131n\u0131n ana<span class=\"excerpt-hellip\"> [\u2026]<\/span><\/p>\n","protected":false},"featured_media":0,"template":"","meta":{"_monsterinsights_skip_tracking":false,"_monsterinsights_sitenote_active":false,"_monsterinsights_sitenote_note":"","_monsterinsights_sitenote_category":0},"product_brand":[],"product_cat":[13527],"product_tag":[],"class_list":{"0":"post-763625","1":"product","2":"type-product","3":"status-publish","5":"product_cat-sureli-yayinlar","6":"pa_cilt-ciltsiz","7":"pa_tur-dergi","8":"pa_yayinevi-yapi-kredi-yayinlari-dergi","9":"pa_yazar-kolektif","11":"first","12":"instock","13":"sale","14":"shipping-taxable","15":"purchasable","16":"product-type-simple"},"_links":{"self":[{"href":"https:\/\/roveyayinevi.com.tr\/index.php\/wp-json\/wp\/v2\/product\/763625","targetHints":{"allow":["GET"]}}],"collection":[{"href":"https:\/\/roveyayinevi.com.tr\/index.php\/wp-json\/wp\/v2\/product"}],"about":[{"href":"https:\/\/roveyayinevi.com.tr\/index.php\/wp-json\/wp\/v2\/types\/product"}],"wp:attachment":[{"href":"https:\/\/roveyayinevi.com.tr\/index.php\/wp-json\/wp\/v2\/media?parent=763625"}],"wp:term":[{"taxonomy":"product_brand","embeddable":true,"href":"https:\/\/roveyayinevi.com.tr\/index.php\/wp-json\/wp\/v2\/product_brand?post=763625"},{"taxonomy":"product_cat","embeddable":true,"href":"https:\/\/roveyayinevi.com.tr\/index.php\/wp-json\/wp\/v2\/product_cat?post=763625"},{"taxonomy":"product_tag","embeddable":true,"href":"https:\/\/roveyayinevi.com.tr\/index.php\/wp-json\/wp\/v2\/product_tag?post=763625"}],"curies":[{"name":"wp","href":"https:\/\/api.w.org\/{rel}","templated":true}]}}