{"id":763624,"date":"2025-08-28T10:46:25","date_gmt":"2025-08-28T07:46:25","guid":{"rendered":"https:\/\/roveyayinevi.com.tr\/index.php\/urun\/ipek-yolundan-anadoluya-turkce-makaleler\/"},"modified":"2026-04-15T03:29:39","modified_gmt":"2026-04-15T00:29:39","slug":"ipek-yolundan-anadoluya-turkce-makaleler","status":"publish","type":"product","link":"https:\/\/roveyayinevi.com.tr\/index.php\/urun\/ipek-yolundan-anadoluya-turkce-makaleler\/","title":{"rendered":"\u0130pek Yolu\u2019ndan Anadolu\u2019ya T\u00fcrk\u00e7e \u2013 Makaleler"},"content":{"rendered":"<p>\u0130pek Yolu\u2019ndan Anadolu\u2019ya T\u00fcrk\u00e7e, uluslararas\u0131 T\u00fcrkoloji camias\u0131n\u0131n en \u00f6nemli isimlerinden Semih Tezcan\u2019\u0131n kitaplar\u0131 d\u0131\u015f\u0131nda kalan yaz\u0131lar\u0131n\u0131 toplama \u00e7abas\u0131n\u0131n ilk \u00fcr\u00fcn\u00fc.   Bu cilt, \u0130slamiyet \u00f6ncesi T\u00fcrk dilleri ve edebiyatlar\u0131ndan Orta Asya\u2019da \u0130slamiyet d\u00f6neminin erken yaz\u0131 dillerine; Karahanl\u0131 ve Harezm T\u00fcrk\u00e7eleri ve edebiyatlar\u0131ndan Eski Anadolu ve Rumeli T\u00fcrk\u00e7esine; XIV-XV. y\u00fczy\u0131llarda Anadolu ve Rumeli edebiyat\u0131ndan T\u00fcrk dillerinin Mo\u011fol dilleriyle aras\u0131ndaki ili\u015fkilere; Dede Korkut O\u011fuzn\u00e2meleri\u2019nden Evliy\u00e2 \u00c7elebi Seyahatn\u00e2mesi ve T\u00fcrk Dil Devrimi\u2019ne kadar geni\u015f bir konu yelpazesinde \u00e7al\u0131\u015fmalarda bulunmu\u015f Semih Tezcan\u2019\u0131n toplam 57 makalesini bir araya getiriyor.    \u201cMetin\u201dleri filolojinin gerektirdi\u011fi y\u00f6ntemlerle ele al\u0131p irdeleyen, sorunlar\u0131 \u00e7\u00f6zme \u00f6nerileri ortaya koyan; bunlar\u0131 yaparken ba\u015fta edebiyat, k\u00fclt\u00fcr tarihi ve halkbilimi olmak \u00fczere bir\u00e7ok disiplinle kar\u015f\u0131la\u015ft\u0131rmal\u0131 \u00e7al\u0131\u015fmalar yapan Tezcan\u2019\u0131n bir bilim insan\u0131 titizli\u011fiyle kaleme ald\u0131\u011f\u0131 bu makaleler ve yaz\u0131lar T\u00fcrkoloji ve T\u00fcrk k\u00fclt\u00fcr\u00fcne e\u015fsiz bir katk\u0131 sa\u011fl\u0131yor.   Saadet \u00c7a\u011fatay, Annemarie von Gabain ve Gerhard Doerfer gibi d\u00fcnyaca \u00fcnl\u00fc bilginlerden T\u00fcrkoloji ve Altayistik e\u011fitimi alan Semih Tezcan, uzun y\u0131llar Peter Zieme, Gy\u00f6rgy Hazai, Robert Dankoff, Marcel Erdal, Ingeborg Baldauf ve Klaus Kreiser gibi \u00f6nemli isimlerle \u00e7al\u0131\u015fm\u0131\u015f ve 2015 y\u0131l\u0131nda Andreas Tietze\u2019nin Tarih\u00ee ve Etimolojik T\u00fcrkiye T\u00fcrk\u00e7esi L\u00fcgati\u2019ni yeniden yay\u0131mlama \u00e7al\u0131\u015fmas\u0131n\u0131n proje ba\u015fkanl\u0131\u011f\u0131n\u0131 y\u00fcr\u00fctm\u00fc\u015ft\u00fcr.   Semih Tezcan\u2019\u0131n makalelerinin devam\u0131 Yunus Emre\u2019den N\u00e2z\u0131m Hikmet\u2019e T\u00fcrk\u00e7e ba\u015fl\u0131\u011f\u0131 alt\u0131nda bir araya getirilecektir. <\/p>\n","protected":false},"excerpt":{"rendered":"<p>\u0130pek Yolu\u2019ndan Anadolu\u2019ya T\u00fcrk\u00e7e, uluslararas\u0131 T\u00fcrkoloji camias\u0131n\u0131n en \u00f6nemli isimlerinden Semih Tezcan\u2019\u0131n kitaplar\u0131 d\u0131\u015f\u0131nda kalan yaz\u0131lar\u0131n\u0131 toplama \u00e7abas\u0131n\u0131n ilk \u00fcr\u00fcn\u00fc. Bu cilt, \u0130slamiyet \u00f6ncesi T\u00fcrk dilleri<span class=\"excerpt-hellip\"> [\u2026]<\/span><\/p>\n","protected":false},"featured_media":0,"template":"","meta":{"_monsterinsights_skip_tracking":false,"_monsterinsights_sitenote_active":false,"_monsterinsights_sitenote_note":"","_monsterinsights_sitenote_category":0},"product_brand":[],"product_cat":[12304],"product_tag":[],"class_list":{"0":"post-763624","1":"product","2":"type-product","3":"status-publish","5":"product_cat-tarih","6":"pa_cilt-ciltsiz","7":"pa_tur-kitap","8":"pa_yayinevi-yapi-kredi-yayinlari","9":"pa_yazar-semih-tezcan","11":"first","12":"instock","13":"sale","14":"shipping-taxable","15":"purchasable","16":"product-type-simple"},"_links":{"self":[{"href":"https:\/\/roveyayinevi.com.tr\/index.php\/wp-json\/wp\/v2\/product\/763624","targetHints":{"allow":["GET"]}}],"collection":[{"href":"https:\/\/roveyayinevi.com.tr\/index.php\/wp-json\/wp\/v2\/product"}],"about":[{"href":"https:\/\/roveyayinevi.com.tr\/index.php\/wp-json\/wp\/v2\/types\/product"}],"wp:attachment":[{"href":"https:\/\/roveyayinevi.com.tr\/index.php\/wp-json\/wp\/v2\/media?parent=763624"}],"wp:term":[{"taxonomy":"product_brand","embeddable":true,"href":"https:\/\/roveyayinevi.com.tr\/index.php\/wp-json\/wp\/v2\/product_brand?post=763624"},{"taxonomy":"product_cat","embeddable":true,"href":"https:\/\/roveyayinevi.com.tr\/index.php\/wp-json\/wp\/v2\/product_cat?post=763624"},{"taxonomy":"product_tag","embeddable":true,"href":"https:\/\/roveyayinevi.com.tr\/index.php\/wp-json\/wp\/v2\/product_tag?post=763624"}],"curies":[{"name":"wp","href":"https:\/\/api.w.org\/{rel}","templated":true}]}}