{"id":763623,"date":"2025-08-28T10:46:24","date_gmt":"2025-08-28T07:46:24","guid":{"rendered":"https:\/\/roveyayinevi.com.tr\/index.php\/urun\/the-tulip-in-nature-history-and-art\/"},"modified":"2026-04-15T03:29:39","modified_gmt":"2026-04-15T00:29:39","slug":"the-tulip-in-nature-history-and-art","status":"publish","type":"product","link":"https:\/\/roveyayinevi.com.tr\/index.php\/urun\/the-tulip-in-nature-history-and-art\/","title":{"rendered":"The Tulip \u2013 In Nature, History and Art"},"content":{"rendered":"<p>G\u00fcl \u0130repo\u011flu documents the myriad aspects of the tulip that embraces the colours of life, art and history: its significance, journey and reign\u2026   F\u00eated for its shape reaching for the firmament, dazzling colours and flawless figure, the tulip has stamped its mark on many a corner of the world; it has inspired, adopted symbols, contributed to poetry, painted works of art, decorated spaces, and settled into hearts\u2026   The times may have changed and ages may have gone by, say the turning pages, yet the desire to pursue and aspire to the tulip\u2019s beauty endures unchanged.   In his Muhibb\u00ee persona, the Ruler of the World Sultan S\u00fcleyman the Magnificent hesitates between the sweetheart\u2019s cheek and the tulip as he compliments the latter:   Favour the colour of her cheek or the tulip?   Enjoying the tulip demands work: one needs to bow down before this delicate flower not only to grow and watch it, but also to detect its subtle scent.   This book tells the dazzling and captivating story of the tulip. <\/p>\n","protected":false},"excerpt":{"rendered":"<p>G\u00fcl \u0130repo\u011flu documents the myriad aspects of the tulip that embraces the colours of life, art and history: its significance, journey and reign\u2026 F\u00eated for its<span class=\"excerpt-hellip\"> [\u2026]<\/span><\/p>\n","protected":false},"featured_media":0,"template":"","meta":{"_monsterinsights_skip_tracking":false,"_monsterinsights_sitenote_active":false,"_monsterinsights_sitenote_note":"","_monsterinsights_sitenote_category":0},"product_brand":[],"product_cat":[12472],"product_tag":[],"class_list":{"0":"post-763623","1":"product","2":"type-product","3":"status-publish","5":"product_cat-yabanci-dilde-kitaplar","6":"pa_cilt-ciltsiz","7":"pa_tur-kitap","8":"pa_yayinevi-yapi-kredi-yayinlari","9":"pa_yazar-gul-irepoglu","11":"first","12":"instock","13":"sale","14":"shipping-taxable","15":"purchasable","16":"product-type-simple"},"_links":{"self":[{"href":"https:\/\/roveyayinevi.com.tr\/index.php\/wp-json\/wp\/v2\/product\/763623","targetHints":{"allow":["GET"]}}],"collection":[{"href":"https:\/\/roveyayinevi.com.tr\/index.php\/wp-json\/wp\/v2\/product"}],"about":[{"href":"https:\/\/roveyayinevi.com.tr\/index.php\/wp-json\/wp\/v2\/types\/product"}],"wp:attachment":[{"href":"https:\/\/roveyayinevi.com.tr\/index.php\/wp-json\/wp\/v2\/media?parent=763623"}],"wp:term":[{"taxonomy":"product_brand","embeddable":true,"href":"https:\/\/roveyayinevi.com.tr\/index.php\/wp-json\/wp\/v2\/product_brand?post=763623"},{"taxonomy":"product_cat","embeddable":true,"href":"https:\/\/roveyayinevi.com.tr\/index.php\/wp-json\/wp\/v2\/product_cat?post=763623"},{"taxonomy":"product_tag","embeddable":true,"href":"https:\/\/roveyayinevi.com.tr\/index.php\/wp-json\/wp\/v2\/product_tag?post=763623"}],"curies":[{"name":"wp","href":"https:\/\/api.w.org\/{rel}","templated":true}]}}