{"id":763622,"date":"2025-08-28T10:46:23","date_gmt":"2025-08-28T07:46:23","guid":{"rendered":"https:\/\/roveyayinevi.com.tr\/index.php\/urun\/yeryuzu-halleri-states-of-earth\/"},"modified":"2026-04-15T03:29:39","modified_gmt":"2026-04-15T00:29:39","slug":"yeryuzu-halleri-states-of-earth","status":"publish","type":"product","link":"https:\/\/roveyayinevi.com.tr\/index.php\/urun\/yeryuzu-halleri-states-of-earth\/","title":{"rendered":"Yery\u00fcz\u00fc Halleri \/ States Of Earth"},"content":{"rendered":"<p>Yap\u0131 Kredi K\u00fclt\u00fcr Sanat taraf\u0131ndan Burcu \u00c7imen ve Didem Yaz\u0131c\u0131 k\u00fcrat\u00f6rl\u00fc\u011f\u00fcnde 6 Eyl\u00fcl 2024 &#8211; 30 Mart 2025 tarihleri aras\u0131nda d\u00fczenlenen \u201cYERY\u00dcZ\u00dc HALLER\u0130\u201d sergisindeki eserleri ve k\u00fcrat\u00f6ryel yakla\u015f\u0131m\u0131 inceleme \u015fans\u0131 sunan bu kitap, yery\u00fcz\u00fcnde \u00f6zenle, dikkatli ve nazik\u00e7e ya\u015faman\u0131n \u00f6nemini vurguluyor. Kitapta k\u00fcrat\u00f6rlerin metinlerine akademisyen Ezgi Hamza\u00e7ebi\u2019nin makalesi, k\u00fcrat\u00f6r Chus Mart\u00ednez\u2019in yaz\u0131s\u0131 ve Didem Yaz\u0131c\u0131\u2019n\u0131n Yap\u0131 Kredi Kurumsal \u0130leti\u015fim Direkt\u00f6r\u00fc Arda \u00d6zta\u015fk\u0131n\u2019la yapt\u0131\u011f\u0131 s\u00f6yle\u015fi e\u015flik ediyor. \u0130smini, Birhan Keskin\u2019in insan d\u0131\u015f\u0131 canl\u0131lar\u0131 merkeze alarak yazd\u0131\u011f\u0131 \u015fiir kitab\u0131ndan alan \u201cYery\u00fcz\u00fc Halleri\u201d g\u00fcncel sanat ve ekoloji ili\u015fkisi \u00fczerine d\u00fc\u015f\u00fcnmek isteyenlere&#8230;   This book provides an opportunity to explore the artworks and curatorial approach of the \u201cSTATES OF EARTH\u201d exhibition\u2014organized by Yap\u0131 Kredi Culture and Arts under the curation of Burcu \u00c7imen and DidemYaz\u0131c\u0131 from September 6, 2024, to March 30, 2025 while emphasizing the importance of living on earth with care, attention, and gentleness. Featuring texts by the curators, the book includes an article by academic Ezgi Hamza\u00e7ebi, a text by curator Chus Mart\u00ednez, and an interview with Yap\u0131 Kredi Corporate Communications Director Arda \u00d6zta\u015fk\u0131n, conducted by Didem Yaz\u0131c\u0131.Named after Birhan Keskin\u2019s poetry book of the same title, which centers on non-human beings, \u201cStates of Earth\u201d is for those interested in contemplating the relationship between contemporary art and ecology&#8230; <\/p>\n","protected":false},"excerpt":{"rendered":"<p>Yap\u0131 Kredi K\u00fclt\u00fcr Sanat taraf\u0131ndan Burcu \u00c7imen ve Didem Yaz\u0131c\u0131 k\u00fcrat\u00f6rl\u00fc\u011f\u00fcnde 6 Eyl\u00fcl 2024 &#8211; 30 Mart 2025 tarihleri aras\u0131nda d\u00fczenlenen \u201cYERY\u00dcZ\u00dc HALLER\u0130\u201d sergisindeki eserleri ve<span class=\"excerpt-hellip\"> [\u2026]<\/span><\/p>\n","protected":false},"featured_media":0,"template":"","meta":{"_monsterinsights_skip_tracking":false,"_monsterinsights_sitenote_active":false,"_monsterinsights_sitenote_note":"","_monsterinsights_sitenote_category":0},"product_brand":[],"product_cat":[44608,12408],"product_tag":[],"class_list":{"0":"post-763622","1":"product","2":"type-product","3":"status-publish","5":"product_cat-diger-sanat","6":"product_cat-sanat","7":"pa_cilt-ciltsiz","8":"pa_tur-kitap","9":"pa_yayinevi-yapi-kredi-yayinlari","10":"pa_yazar-kolektif","12":"first","13":"instock","14":"sale","15":"shipping-taxable","16":"purchasable","17":"product-type-simple"},"_links":{"self":[{"href":"https:\/\/roveyayinevi.com.tr\/index.php\/wp-json\/wp\/v2\/product\/763622","targetHints":{"allow":["GET"]}}],"collection":[{"href":"https:\/\/roveyayinevi.com.tr\/index.php\/wp-json\/wp\/v2\/product"}],"about":[{"href":"https:\/\/roveyayinevi.com.tr\/index.php\/wp-json\/wp\/v2\/types\/product"}],"wp:attachment":[{"href":"https:\/\/roveyayinevi.com.tr\/index.php\/wp-json\/wp\/v2\/media?parent=763622"}],"wp:term":[{"taxonomy":"product_brand","embeddable":true,"href":"https:\/\/roveyayinevi.com.tr\/index.php\/wp-json\/wp\/v2\/product_brand?post=763622"},{"taxonomy":"product_cat","embeddable":true,"href":"https:\/\/roveyayinevi.com.tr\/index.php\/wp-json\/wp\/v2\/product_cat?post=763622"},{"taxonomy":"product_tag","embeddable":true,"href":"https:\/\/roveyayinevi.com.tr\/index.php\/wp-json\/wp\/v2\/product_tag?post=763622"}],"curies":[{"name":"wp","href":"https:\/\/api.w.org\/{rel}","templated":true}]}}