{"id":763620,"date":"2025-08-28T10:46:20","date_gmt":"2025-08-28T07:46:20","guid":{"rendered":"https:\/\/roveyayinevi.com.tr\/index.php\/urun\/nasil-koc-olunur\/"},"modified":"2026-04-15T03:29:39","modified_gmt":"2026-04-15T00:29:39","slug":"nasil-koc-olunur","status":"publish","type":"product","link":"https:\/\/roveyayinevi.com.tr\/index.php\/urun\/nasil-koc-olunur\/","title":{"rendered":"Nas\u0131l Ko\u00e7 Olunur?"},"content":{"rendered":"<p>Ko\u00e7luk, sadece bir meslek de\u011fil, ayn\u0131 zamanda insanlara rehberlik ederek potansiyellerini ortaya \u00e7\u0131karmalar\u0131n\u0131 sa\u011flayan bir t\u00fcr sanatt\u0131r. Ko\u00e7luk ve psikoloji alan\u0131nda d\u00fcnya \u00e7ap\u0131nda bir otorite olan Eric Maisel, y\u0131llar\u0131n birikimiyle olu\u015fturdu\u011fu bu kitapta, ko\u00e7luk sanat\u0131n\u0131 Taoizmin dinginlik ve do\u011fall\u0131k prensipleriyle harmanl\u0131yor. B\u00f6ylece dan\u0131\u015fanlar\u0131n hem ki\u015fisel hem de profesyonel ya\u015famlar\u0131nda anlaml\u0131 ve kal\u0131c\u0131 de\u011fi\u015fiklikler yap\u0131labilmesi i\u00e7in gerekli olan teknikleri sunuyor. Yeni ko\u00e7lar ve ko\u00e7 adaylar\u0131n\u0131n ihtiya\u00e7 duydu\u011fu t\u00fcm bilgi ve beceriler 13 hafta ve 65 ders boyunca aktar\u0131l\u0131rken dan\u0131\u015fan\u0131n ruhuna dokunup onun ki\u015fisel ve profesyonel hayat\u0131nda ne olmak ne yapmak ve neye sahip olmak istedi\u011finin nas\u0131l a\u00e7\u0131\u011fa \u00e7\u0131kar\u0131laca\u011f\u0131n\u0131 g\u00f6steriyor. Ko\u00e7 parmaklar\u0131n\u0131 \u015f\u0131klat\u0131p s\u0131k\u0131nt\u0131lar\u0131 bir anda ortadan kald\u0131ramaz ama hayat\u0131n att\u0131\u011f\u0131 d\u00fc\u011f\u00fcmleri \u00e7\u00f6zmekte destek olur. Maisel, ko\u00e7lu\u011fun ne oldu\u011funu her y\u00f6n\u00fcyle a\u00e7\u0131klarken yeni ko\u00e7lar\u0131n kendi pratiklerini tasarlay\u0131p geli\u015ftirmelerine de rehberlik ediyor. Ayr\u0131ca Maisel sadece profesyonel ko\u00e7lar i\u00e7in de\u011fil, ebeveynler, \u00f6\u011fretmenler, mentorluk yapanlar ve insan kaynaklar\u0131 uzmanlar\u0131 gibi farkl\u0131 alanda \u00e7al\u0131\u015fanlar i\u00e7in de \u00e7ok yararl\u0131 bilgiler aktar\u0131yor. \u0130leti\u015fim becerilerini geli\u015ftirmek, daha etkili bir \u015fekilde rehberlik yapmak ve insanlar\u0131n hayatlar\u0131nda pozitif de\u011fi\u015fiklik<\/p>\n","protected":false},"excerpt":{"rendered":"<p>Ko\u00e7luk, sadece bir meslek de\u011fil, ayn\u0131 zamanda insanlara rehberlik ederek potansiyellerini ortaya \u00e7\u0131karmalar\u0131n\u0131 sa\u011flayan bir t\u00fcr sanatt\u0131r. Ko\u00e7luk ve psikoloji alan\u0131nda d\u00fcnya \u00e7ap\u0131nda bir otorite olan<span class=\"excerpt-hellip\"> [\u2026]<\/span><\/p>\n","protected":false},"featured_media":0,"template":"","meta":{"_monsterinsights_skip_tracking":false,"_monsterinsights_sitenote_active":false,"_monsterinsights_sitenote_note":"","_monsterinsights_sitenote_category":0},"product_brand":[],"product_cat":[12357],"product_tag":[],"class_list":{"0":"post-763620","1":"product","2":"type-product","3":"status-publish","5":"product_cat-psikoloji","6":"pa_cilt-ciltsiz","7":"pa_tur-kitap","8":"pa_yayinevi-kuraldisi-yayinevi","9":"pa_yazar-eric-maisel","11":"first","12":"instock","13":"sale","14":"shipping-taxable","15":"purchasable","16":"product-type-simple"},"_links":{"self":[{"href":"https:\/\/roveyayinevi.com.tr\/index.php\/wp-json\/wp\/v2\/product\/763620","targetHints":{"allow":["GET"]}}],"collection":[{"href":"https:\/\/roveyayinevi.com.tr\/index.php\/wp-json\/wp\/v2\/product"}],"about":[{"href":"https:\/\/roveyayinevi.com.tr\/index.php\/wp-json\/wp\/v2\/types\/product"}],"wp:attachment":[{"href":"https:\/\/roveyayinevi.com.tr\/index.php\/wp-json\/wp\/v2\/media?parent=763620"}],"wp:term":[{"taxonomy":"product_brand","embeddable":true,"href":"https:\/\/roveyayinevi.com.tr\/index.php\/wp-json\/wp\/v2\/product_brand?post=763620"},{"taxonomy":"product_cat","embeddable":true,"href":"https:\/\/roveyayinevi.com.tr\/index.php\/wp-json\/wp\/v2\/product_cat?post=763620"},{"taxonomy":"product_tag","embeddable":true,"href":"https:\/\/roveyayinevi.com.tr\/index.php\/wp-json\/wp\/v2\/product_tag?post=763620"}],"curies":[{"name":"wp","href":"https:\/\/api.w.org\/{rel}","templated":true}]}}