{"id":763618,"date":"2025-08-28T10:46:18","date_gmt":"2025-08-28T07:46:18","guid":{"rendered":"https:\/\/roveyayinevi.com.tr\/index.php\/urun\/romadan-on-yedinci-yuzyila-hukukcularin-hukuk-felsefesi\/"},"modified":"2026-04-15T03:29:39","modified_gmt":"2026-04-15T00:29:39","slug":"romadan-on-yedinci-yuzyila-hukukcularin-hukuk-felsefesi","status":"publish","type":"product","link":"https:\/\/roveyayinevi.com.tr\/index.php\/urun\/romadan-on-yedinci-yuzyila-hukukcularin-hukuk-felsefesi\/","title":{"rendered":"Roma\u2019dan On Yedinci Y\u00fczy\u0131la Hukuk\u00e7ular\u0131n Hukuk Felsefesi"},"content":{"rendered":"<p>Genel edit\u00f6rlu\u0308\u011fu\u0308nu\u0308 Enrico Pattaro\u2019nun yapt\u0131\u011f\u0131 A Treatise of Legal Philosophy and General Jurisprudence \u2013 Hukuk Felsefesi ve Genel Hukukbilim Ku\u0308lliyat\u0131 ba\u015fl\u0131kl\u0131 dizinin yedinci cildi olan Roma\u2019dan On Yedinci Y\u00fczy\u0131la Hukuk\u00e7ular\u0131n Hukuk Felsefesi, Romal\u0131 hukuk\u00e7ular\u0131n hukuk anlay\u0131\u015f\u0131ndan ba\u015flayarak K\u0131ta Avrupas\u0131\u2019nda Roma Hukuku temelinde \u00fcretilen hukuk d\u00fc\u015f\u00fcncesini ve prati\u011fini ele al\u0131yor. Hukukun bir bilim olarak kavran\u0131\u015f\u0131n\u0131n ve metodolojik m\u00fclahazalar\u0131n hukuk d\u00fc\u015f\u00fcncesi \u00fczerindeki etkisi ile hukuk biliminin siyaset bilimiyle ili\u015fkisi alan\u0131n \u00f6nemli yazarlar\u0131nca inceleniyor.<\/p>\n","protected":false},"excerpt":{"rendered":"<p>Genel edit\u00f6rlu\u0308\u011fu\u0308nu\u0308 Enrico Pattaro\u2019nun yapt\u0131\u011f\u0131 A Treatise of Legal Philosophy and General Jurisprudence \u2013 Hukuk Felsefesi ve Genel Hukukbilim Ku\u0308lliyat\u0131 ba\u015fl\u0131kl\u0131 dizinin yedinci cildi olan Roma\u2019dan<span class=\"excerpt-hellip\"> [\u2026]<\/span><\/p>\n","protected":false},"featured_media":0,"template":"","meta":{"_monsterinsights_skip_tracking":false,"_monsterinsights_sitenote_active":false,"_monsterinsights_sitenote_note":"","_monsterinsights_sitenote_category":0},"product_brand":[],"product_cat":[15350],"product_tag":[],"class_list":{"0":"post-763618","1":"product","2":"type-product","3":"status-publish","5":"product_cat-hukuk","6":"pa_cilt-ciltsiz","7":"pa_tur-kitap","8":"pa_yayinevi-islik-yayinlari","9":"pa_yazar-kolektif","11":"first","12":"instock","13":"sale","14":"shipping-taxable","15":"purchasable","16":"product-type-simple"},"_links":{"self":[{"href":"https:\/\/roveyayinevi.com.tr\/index.php\/wp-json\/wp\/v2\/product\/763618","targetHints":{"allow":["GET"]}}],"collection":[{"href":"https:\/\/roveyayinevi.com.tr\/index.php\/wp-json\/wp\/v2\/product"}],"about":[{"href":"https:\/\/roveyayinevi.com.tr\/index.php\/wp-json\/wp\/v2\/types\/product"}],"wp:attachment":[{"href":"https:\/\/roveyayinevi.com.tr\/index.php\/wp-json\/wp\/v2\/media?parent=763618"}],"wp:term":[{"taxonomy":"product_brand","embeddable":true,"href":"https:\/\/roveyayinevi.com.tr\/index.php\/wp-json\/wp\/v2\/product_brand?post=763618"},{"taxonomy":"product_cat","embeddable":true,"href":"https:\/\/roveyayinevi.com.tr\/index.php\/wp-json\/wp\/v2\/product_cat?post=763618"},{"taxonomy":"product_tag","embeddable":true,"href":"https:\/\/roveyayinevi.com.tr\/index.php\/wp-json\/wp\/v2\/product_tag?post=763618"}],"curies":[{"name":"wp","href":"https:\/\/api.w.org\/{rel}","templated":true}]}}