{"id":763617,"date":"2025-08-28T10:46:16","date_gmt":"2025-08-28T07:46:16","guid":{"rendered":"https:\/\/roveyayinevi.com.tr\/index.php\/urun\/gecmisin-sesi\/"},"modified":"2026-04-15T03:28:47","modified_gmt":"2026-04-15T00:28:47","slug":"gecmisin-sesi","status":"publish","type":"product","link":"https:\/\/roveyayinevi.com.tr\/index.php\/urun\/gecmisin-sesi\/","title":{"rendered":"Ge\u00e7mi\u015fin Sesi"},"content":{"rendered":"<p>\u201cS\u00f6zl\u00fc tarih ve hayat hik\u00e2yeleri, insanlar\u0131n an\u0131lar\u0131n\u0131 ve ya\u015fam tecr\u00fcbelerini dinlemeye ve kaydetmeye dayan\u0131r. Bunlar, ister toplum \u00e7al\u0131\u015fanlar\u0131, ister ara\u015ft\u0131rmac\u0131lar, tarih\u00e7iler, antropologlar, sosyologlar, etnologlar, psikologlar veya di\u011ferlerince olsun, tarihsel, sosyal veya siyasi \u00e7al\u0131\u015fmalar\u0131n bir\u00e7ok bi\u00e7iminde kullan\u0131l\u0131r. S\u00f6zl\u00fc tarih ve hayat hik\u00e2yesi kay\u0131tlar\u0131, filmlerde, radyoda, televizyonda, miras ge\u00e7mi\u015finde, kitaplarda, internette veya m\u00fczelerde ve sergilerde sunulabilir ve ba\u015fkalar\u0131 i\u00e7in ortak bir kaynak olarak ar\u015fivlenebilir.\u201d   Ge\u00e7mi\u015fin Sesi: S\u00f6zl\u00fc Tarih, toplumsal tarihyaz\u0131m\u0131n\u0131n, tarihin \u00f6znesini de\u011fi\u015ftirmesiyle birlikte ortaya \u00e7\u0131kan bir \u00f6\u011frenme ve anlama bi\u00e7imi olan s\u00f6zl\u00fc tarih y\u00f6nteminin tekniklerini anlat\u0131rken di\u011fer yandan da ger\u00e7ekle\u015ftirilmi\u015f s\u00f6zl\u00fc tarih kay\u0131tlar\u0131n\u0131n izini s\u00fcr\u00fcyor. Zaman, trajediler ve teknolojik geli\u015fmelerle s\u00fcrekli de\u011fi\u015firken Ge\u00e7mi\u015fin Sesi: S\u00f6zl\u00fc Tarih, bu de\u011fi\u015fimin ilk ve en b\u00fcy\u00fck etkilerini ya\u015fam\u0131\u015f olan \u201cs\u0131radan kahramanlar\u201da uzat\u0131lan kay\u0131t cihazlar\u0131 ve sorulan sorularla birlikte hik\u00e2yenin ger\u00e7e\u011fini ortaya koyuyor. Kitap, yaln\u0131zca sahada \u00e7al\u0131\u015fan uzmanlar i\u00e7in bir kaynak de\u011fil, ayn\u0131 zamanda tarihe merakl\u0131 okurlar\u0131 da s\u00f6zl\u00fc tarih\u00e7i olmak i\u00e7in k\u0131\u015fk\u0131rtan bir yolculuk daveti\u2026<\/p>\n","protected":false},"excerpt":{"rendered":"<p>\u201cS\u00f6zl\u00fc tarih ve hayat hik\u00e2yeleri, insanlar\u0131n an\u0131lar\u0131n\u0131 ve ya\u015fam tecr\u00fcbelerini dinlemeye ve kaydetmeye dayan\u0131r. Bunlar, ister toplum \u00e7al\u0131\u015fanlar\u0131, ister ara\u015ft\u0131rmac\u0131lar, tarih\u00e7iler, antropologlar, sosyologlar, etnologlar, psikologlar veya<span class=\"excerpt-hellip\"> [\u2026]<\/span><\/p>\n","protected":false},"featured_media":0,"template":"","meta":{"_monsterinsights_skip_tracking":false,"_monsterinsights_sitenote_active":false,"_monsterinsights_sitenote_note":"","_monsterinsights_sitenote_category":0},"product_brand":[],"product_cat":[12304],"product_tag":[],"class_list":{"0":"post-763617","1":"product","2":"type-product","3":"status-publish","5":"product_cat-tarih","6":"pa_cilt-ciltsiz","7":"pa_tur-kitap","8":"pa_yayinevi-islik-yayinlari","9":"pa_yazar-paul-thompson-joanna-bornat","11":"first","12":"instock","13":"sale","14":"shipping-taxable","15":"purchasable","16":"product-type-simple"},"_links":{"self":[{"href":"https:\/\/roveyayinevi.com.tr\/index.php\/wp-json\/wp\/v2\/product\/763617","targetHints":{"allow":["GET"]}}],"collection":[{"href":"https:\/\/roveyayinevi.com.tr\/index.php\/wp-json\/wp\/v2\/product"}],"about":[{"href":"https:\/\/roveyayinevi.com.tr\/index.php\/wp-json\/wp\/v2\/types\/product"}],"wp:attachment":[{"href":"https:\/\/roveyayinevi.com.tr\/index.php\/wp-json\/wp\/v2\/media?parent=763617"}],"wp:term":[{"taxonomy":"product_brand","embeddable":true,"href":"https:\/\/roveyayinevi.com.tr\/index.php\/wp-json\/wp\/v2\/product_brand?post=763617"},{"taxonomy":"product_cat","embeddable":true,"href":"https:\/\/roveyayinevi.com.tr\/index.php\/wp-json\/wp\/v2\/product_cat?post=763617"},{"taxonomy":"product_tag","embeddable":true,"href":"https:\/\/roveyayinevi.com.tr\/index.php\/wp-json\/wp\/v2\/product_tag?post=763617"}],"curies":[{"name":"wp","href":"https:\/\/api.w.org\/{rel}","templated":true}]}}