{"id":763616,"date":"2025-08-28T10:46:15","date_gmt":"2025-08-28T07:46:15","guid":{"rendered":"https:\/\/roveyayinevi.com.tr\/index.php\/urun\/yasanilasi-mitler\/"},"modified":"2026-04-15T03:28:47","modified_gmt":"2026-04-15T00:28:47","slug":"yasanilasi-mitler","status":"publish","type":"product","link":"https:\/\/roveyayinevi.com.tr\/index.php\/urun\/yasanilasi-mitler\/","title":{"rendered":"Ya\u015fan\u0131las\u0131 Mitler"},"content":{"rendered":"<p>\u201c(\u2026) Bizim mitolojimiz, hem i\u00e7eride hem d\u0131\u015far\u0131da olan sonsuz uzay ve \u0131\u015f\u0131\u011fa ait olmal\u0131. Gece kelebekleri gibi, onun \u00e7ekici b\u00fcy\u00fcs\u00fcne kap\u0131lm\u0131\u015f\u0131z, d\u0131\u015far\u0131ya, Ay\u2019a do\u011fru u\u00e7uyoruz ve ayn\u0131 zamanda da i\u00e7eri do\u011fru u\u00e7uyoruz. Bizim kendi gezegenimizde b\u00fct\u00fcn ay\u0131rt edici ufuklar da\u011f\u0131ld\u0131. Art\u0131k sevgimizi eve ait k\u0131larak ba\u015fkas\u0131na sald\u0131rganl\u0131k besleyemeyiz; \u00e7\u00fcnk\u00fc bu \u2018Uzaygemisi D\u00fcnya\u2019da art\u0131k, ba\u015fka bir yer yok ve ba\u015fkalar\u0131ndan veya ba\u015fka bir yerden s\u00f6z edip bunlar\u0131 \u00f6\u011freten bir mitoloji bu zaman\u0131n gereklerini kar\u015f\u0131layamaz.   Ba\u015ftaki sorumuza geri d\u00f6nelim: yeni mitoloji nedir \u2013 veya ne olmal\u0131?   Eski, sonsuz, ebedi, \u2018\u00f6znel anlam\u0131yla\u2019 ne an\u0131msanan bir ge\u00e7mi\u015f ne de tasarlanan bir gelece\u011fe ait olmadan \u015fiirsel olarak yenilenen ve insan soyu ya\u015fad\u0131k\u00e7a hep b\u00f6yle kalacak olan mitoloji, \u015fimdi, \u2018halklar\u0131n\u2019 dalkavuklu\u011funun de\u011fil, kendini bilen insanlar\u0131n, bu g\u00fczel gezegende kendilerine bir yer edinmek i\u00e7in kavga eden egolar\u0131n de\u011fil, e\u015fit bi\u00e7imde Ba\u015f\u0131bo\u015f Zihnin merkezi olan, ufuk olmadan her biri kendi yolunda hep birlikte uyananlar\u0131n mitolojisi olacak.\u201d (Joseph Campbell) <\/p>\n","protected":false},"excerpt":{"rendered":"<p>\u201c(\u2026) Bizim mitolojimiz, hem i\u00e7eride hem d\u0131\u015far\u0131da olan sonsuz uzay ve \u0131\u015f\u0131\u011fa ait olmal\u0131. Gece kelebekleri gibi, onun \u00e7ekici b\u00fcy\u00fcs\u00fcne kap\u0131lm\u0131\u015f\u0131z, d\u0131\u015far\u0131ya, Ay\u2019a do\u011fru u\u00e7uyoruz ve<span class=\"excerpt-hellip\"> [\u2026]<\/span><\/p>\n","protected":false},"featured_media":0,"template":"","meta":{"_monsterinsights_skip_tracking":false,"_monsterinsights_sitenote_active":false,"_monsterinsights_sitenote_note":"","_monsterinsights_sitenote_category":0},"product_brand":[],"product_cat":[12718,12858],"product_tag":[],"class_list":{"0":"post-763616","1":"product","2":"type-product","3":"status-publish","5":"product_cat-din","6":"product_cat-mitolojiler","7":"pa_cilt-ciltsiz","8":"pa_tur-kitap","9":"pa_yayinevi-islik-yayinlari","10":"pa_yazar-joseph-campbell","12":"first","13":"instock","14":"sale","15":"shipping-taxable","16":"purchasable","17":"product-type-simple"},"_links":{"self":[{"href":"https:\/\/roveyayinevi.com.tr\/index.php\/wp-json\/wp\/v2\/product\/763616","targetHints":{"allow":["GET"]}}],"collection":[{"href":"https:\/\/roveyayinevi.com.tr\/index.php\/wp-json\/wp\/v2\/product"}],"about":[{"href":"https:\/\/roveyayinevi.com.tr\/index.php\/wp-json\/wp\/v2\/types\/product"}],"wp:attachment":[{"href":"https:\/\/roveyayinevi.com.tr\/index.php\/wp-json\/wp\/v2\/media?parent=763616"}],"wp:term":[{"taxonomy":"product_brand","embeddable":true,"href":"https:\/\/roveyayinevi.com.tr\/index.php\/wp-json\/wp\/v2\/product_brand?post=763616"},{"taxonomy":"product_cat","embeddable":true,"href":"https:\/\/roveyayinevi.com.tr\/index.php\/wp-json\/wp\/v2\/product_cat?post=763616"},{"taxonomy":"product_tag","embeddable":true,"href":"https:\/\/roveyayinevi.com.tr\/index.php\/wp-json\/wp\/v2\/product_tag?post=763616"}],"curies":[{"name":"wp","href":"https:\/\/api.w.org\/{rel}","templated":true}]}}