{"id":763614,"date":"2025-08-28T10:46:13","date_gmt":"2025-08-28T07:46:13","guid":{"rendered":"https:\/\/roveyayinevi.com.tr\/index.php\/urun\/mimarlik-kitabi-ciltli\/"},"modified":"2026-04-15T03:28:47","modified_gmt":"2026-04-15T00:28:47","slug":"mimarlik-kitabi-ciltli","status":"publish","type":"product","link":"https:\/\/roveyayinevi.com.tr\/index.php\/urun\/mimarlik-kitabi-ciltli\/","title":{"rendered":"Mimarl\u0131k Kitab\u0131 (Ciltli)"},"content":{"rendered":"<p>Bir ev makineye nas\u0131l benzer? Bir kemere kuvvetini veren nedir? S\u00fcsleme neden bir \u201csu\u00e7tur\u201d? Bu kitap mimarl\u0131\u011f\u0131n tarihini ve teorisini, her bir hareketin arkas\u0131ndaki g\u00f6r\u00fc\u015fleri, kavramlar\u0131 ve in\u015faatlar\u0131 a\u00e7\u0131klayak bu sorulara ve daha fazlas\u0131na yan\u0131t verir.   Sade bir dille yaz\u0131lan Mimarl\u0131k Kitab\u0131, teknik jargonu a\u015fan k\u0131sa, \u00f6zl\u00fc a\u00e7\u0131klamalarla, temel \u00f6zellikleri a\u00e7\u0131klayan eri\u015filebilir diyagramlarla, mimariyi unutulmaz k\u0131lan klasik al\u0131nt\u0131larla ve binalar hakk\u0131ndaki fikirlerimizle oynayan esprili resimlerle doludur.   \u0130ster konuya yeni ba\u015flam\u0131\u015f olun, ister bir mimarl\u0131k \u00f6\u011frencisi olun, ister bir k\u00fcrs\u00fc uzman\u0131 olun, bu kitapta ilginizi \u00e7ekecek ve ilham verecek pek \u00e7ok \u015fey bulacaks\u0131n\u0131z. <\/p>\n","protected":false},"excerpt":{"rendered":"<p>Bir ev makineye nas\u0131l benzer? Bir kemere kuvvetini veren nedir? S\u00fcsleme neden bir \u201csu\u00e7tur\u201d? Bu kitap mimarl\u0131\u011f\u0131n tarihini ve teorisini, her bir hareketin arkas\u0131ndaki g\u00f6r\u00fc\u015fleri, kavramlar\u0131<span class=\"excerpt-hellip\"> [\u2026]<\/span><\/p>\n","protected":false},"featured_media":0,"template":"","meta":{"_monsterinsights_skip_tracking":false,"_monsterinsights_sitenote_active":false,"_monsterinsights_sitenote_note":"","_monsterinsights_sitenote_category":0},"product_brand":[],"product_cat":[13489,13488],"product_tag":[],"class_list":{"0":"post-763614","1":"product","2":"type-product","3":"status-publish","5":"product_cat-populer-kultur","6":"product_cat-toplum-ve-insan","7":"pa_cilt-ciltli","8":"pa_tur-kitap","9":"pa_yayinevi-alfa-yayinlari","10":"pa_yazar-kolektif","12":"first","13":"instock","14":"sale","15":"shipping-taxable","16":"purchasable","17":"product-type-simple"},"_links":{"self":[{"href":"https:\/\/roveyayinevi.com.tr\/index.php\/wp-json\/wp\/v2\/product\/763614","targetHints":{"allow":["GET"]}}],"collection":[{"href":"https:\/\/roveyayinevi.com.tr\/index.php\/wp-json\/wp\/v2\/product"}],"about":[{"href":"https:\/\/roveyayinevi.com.tr\/index.php\/wp-json\/wp\/v2\/types\/product"}],"wp:attachment":[{"href":"https:\/\/roveyayinevi.com.tr\/index.php\/wp-json\/wp\/v2\/media?parent=763614"}],"wp:term":[{"taxonomy":"product_brand","embeddable":true,"href":"https:\/\/roveyayinevi.com.tr\/index.php\/wp-json\/wp\/v2\/product_brand?post=763614"},{"taxonomy":"product_cat","embeddable":true,"href":"https:\/\/roveyayinevi.com.tr\/index.php\/wp-json\/wp\/v2\/product_cat?post=763614"},{"taxonomy":"product_tag","embeddable":true,"href":"https:\/\/roveyayinevi.com.tr\/index.php\/wp-json\/wp\/v2\/product_tag?post=763614"}],"curies":[{"name":"wp","href":"https:\/\/api.w.org\/{rel}","templated":true}]}}