{"id":763611,"date":"2025-08-28T10:46:06","date_gmt":"2025-08-28T07:46:06","guid":{"rendered":"https:\/\/roveyayinevi.com.tr\/index.php\/urun\/apollonun-gorevleri-2-karanlik-kehanet\/"},"modified":"2026-04-15T03:28:47","modified_gmt":"2026-04-15T00:28:47","slug":"apollonun-gorevleri-2-karanlik-kehanet","status":"publish","type":"product","link":"https:\/\/roveyayinevi.com.tr\/index.php\/urun\/apollonun-gorevleri-2-karanlik-kehanet\/","title":{"rendered":"Apollon&#8217;un G\u00f6revleri 2- Karanl\u0131k Kehanet"},"content":{"rendered":"<p>G\u00fcne\u015f, m\u00fczik, ok\u00e7uluk, \u015fiir ve \u00e7ok dahafazlas\u0131n\u0131n tanr\u0131s\u0131 Apollon, on alt\u0131 ya\u015f\u0131nda tombul ve sivilceli Lester Papadopoulos\u2019un v\u00fccudunda yepyeni bir macerayla kar\u015f\u0131m\u0131zda!     Apollon eski muhte\u015fem g\u00fcnlerini \u00e7ok \u00f6zl\u00fcyor. Hak etti\u011fieski m\u00fckemmelli\u011fine ve Olimpos Da\u011f\u0131\u2019ndaki di\u011fer tanr\u0131lar\u0131n yan\u0131na d\u00f6nmesinin tek yolu ise, babas\u0131 Zeus\u2019un kendisine verdi\u011fi t\u00fcm g\u00f6revleri yerine getirmekten, yani karanl\u0131\u011fa teslim olmu\u015f t\u00fcm K\u00e2hinleri eski haline d\u00f6nd\u00fcrmekten ge\u00e7iyor. Peki K\u00e2hinleri karanl\u0131\u011fa iten \u015fey nedir ve Apollon g\u00fc\u00e7leri olmadan onlar\u0131 nas\u0131l eski haline d\u00f6nd\u00fcrebilir?   Yeni g\u00f6revi i\u00e7in, bol tehlikeli \u2013ve a\u00e7\u0131k\u00e7as\u0131 utan\u00e7 verici\u2013 maceralar ya\u015fad\u0131\u011f\u0131 Melez Kamp\u0131\u2019ndan ayr\u0131lmas\u0131 ve Amerika\u2019y\u0131 boydan boya seyahat ederek bir sonraki K\u00e2hin\u2019i bulmas\u0131 gerekiyor. Neyse ki, tanr\u0131sal ihti\u015fam\u0131 olmasa da Percy Jackson ve Olimposlular serisinin hayranlar\u0131n\u0131n yak\u0131ndan tan\u0131d\u0131\u011f\u0131 bir\u00e7ok kahraman var yan\u0131nda. Onun bu t\u00fcyleri diken diken eden ama yine de \u00e7ok komik ve haiku dolu maceras\u0131na e\u015flik etmeye haz\u0131r m\u0131s\u0131n\u0131z? <\/p>\n","protected":false},"excerpt":{"rendered":"<p>G\u00fcne\u015f, m\u00fczik, ok\u00e7uluk, \u015fiir ve \u00e7ok dahafazlas\u0131n\u0131n tanr\u0131s\u0131 Apollon, on alt\u0131 ya\u015f\u0131nda tombul ve sivilceli Lester Papadopoulos\u2019un v\u00fccudunda yepyeni bir macerayla kar\u015f\u0131m\u0131zda! Apollon eski muhte\u015fem g\u00fcnlerini<span class=\"excerpt-hellip\"> [\u2026]<\/span><\/p>\n","protected":false},"featured_media":0,"template":"","meta":{"_monsterinsights_skip_tracking":false,"_monsterinsights_sitenote_active":false,"_monsterinsights_sitenote_note":"","_monsterinsights_sitenote_category":0},"product_brand":[],"product_cat":[12416,12291],"product_tag":[],"class_list":{"0":"post-763611","1":"product","2":"type-product","3":"status-publish","5":"product_cat-cizgi-roman","6":"product_cat-edebiyat","7":"pa_cilt-ciltsiz","8":"pa_tur-kitap","9":"pa_yayinevi-x-libris","10":"pa_yazar-rick-riordan","12":"first","13":"instock","14":"sale","15":"shipping-taxable","16":"purchasable","17":"product-type-simple"},"_links":{"self":[{"href":"https:\/\/roveyayinevi.com.tr\/index.php\/wp-json\/wp\/v2\/product\/763611","targetHints":{"allow":["GET"]}}],"collection":[{"href":"https:\/\/roveyayinevi.com.tr\/index.php\/wp-json\/wp\/v2\/product"}],"about":[{"href":"https:\/\/roveyayinevi.com.tr\/index.php\/wp-json\/wp\/v2\/types\/product"}],"wp:attachment":[{"href":"https:\/\/roveyayinevi.com.tr\/index.php\/wp-json\/wp\/v2\/media?parent=763611"}],"wp:term":[{"taxonomy":"product_brand","embeddable":true,"href":"https:\/\/roveyayinevi.com.tr\/index.php\/wp-json\/wp\/v2\/product_brand?post=763611"},{"taxonomy":"product_cat","embeddable":true,"href":"https:\/\/roveyayinevi.com.tr\/index.php\/wp-json\/wp\/v2\/product_cat?post=763611"},{"taxonomy":"product_tag","embeddable":true,"href":"https:\/\/roveyayinevi.com.tr\/index.php\/wp-json\/wp\/v2\/product_tag?post=763611"}],"curies":[{"name":"wp","href":"https:\/\/api.w.org\/{rel}","templated":true}]}}