{"id":763610,"date":"2025-08-28T10:46:04","date_gmt":"2025-08-28T07:46:04","guid":{"rendered":"https:\/\/roveyayinevi.com.tr\/index.php\/urun\/huzzam-mektuplar-ve-hikayeler\/"},"modified":"2026-04-15T03:28:47","modified_gmt":"2026-04-15T00:28:47","slug":"huzzam-mektuplar-ve-hikayeler","status":"publish","type":"product","link":"https:\/\/roveyayinevi.com.tr\/index.php\/urun\/huzzam-mektuplar-ve-hikayeler\/","title":{"rendered":"H\u00fczzam Mektuplar ve Hikayeler"},"content":{"rendered":"<p>Hay\u00e2ta geli\u015f h\u00fczzam bir h\u00e2dise oldu\u011fu gibi, hay\u00e2ta elved\u00e2 deyi\u015fte garip bir h\u00fczzamd\u0131r. Asl\u00ee memleketinden s\u00fcrg\u00fcn edilmi\u015f \u00e2demo\u011flu, nice \u00e7emberlerden ge\u00e7erek, yine esas memleketine avdet edecektir. Her insan\u0131n g\u00f6nl\u00fcnde yatan \u00fctopyan\u0131n en m\u00fckemmeli belki de orada hayat bulacakt\u0131r. Bu y\u00fczden ya\u015fad\u0131\u011f\u0131 her g\u00fcn ve her saatte, gelece\u011fe ve akabinde ebed\u00ee olana sevd\u00e2 m\u0131sralar\u0131 dizecektir. Gelece\u011fe b\u0131rak\u0131lacak g\u00fczellikler gittik\u00e7e azalmaktad\u0131r. En k\u0131ymetli \u015feyleri harcamak bizi \u00e7ok fakir d\u00fc\u015f\u00fcrmektedir. Bu g\u00fczellikler s\u00e2dece madd\u00ee de\u011ferleri kapsamamaktad\u0131r. En m\u00fchimi m\u00e2nev\u00ee y\u00f6n\u00fcm\u00fcz\u00fcn has\u00e2ra u\u011framas\u0131. Anlat\u0131lan her \u015fey insan i\u00e7in. \u0130\u015fte mektuplarda bunu g\u00f6r\u00fcyoruz. Hik\u00e2yelerde bu olaylar\u0131 tekrar be tekrar ya\u015f\u0131yoruz. Yaza yaza \u00e7o\u011falmak ve bunun dev\u00e2m\u0131nda da g\u00f6n\u00fcl zenginli\u011fine ula\u015fmak dile\u011fiyle&#8230; <\/p>\n","protected":false},"excerpt":{"rendered":"<p>Hay\u00e2ta geli\u015f h\u00fczzam bir h\u00e2dise oldu\u011fu gibi, hay\u00e2ta elved\u00e2 deyi\u015fte garip bir h\u00fczzamd\u0131r. Asl\u00ee memleketinden s\u00fcrg\u00fcn edilmi\u015f \u00e2demo\u011flu, nice \u00e7emberlerden ge\u00e7erek, yine esas memleketine avdet edecektir.<span class=\"excerpt-hellip\"> [\u2026]<\/span><\/p>\n","protected":false},"featured_media":0,"template":"","meta":{"_monsterinsights_skip_tracking":false,"_monsterinsights_sitenote_active":false,"_monsterinsights_sitenote_note":"","_monsterinsights_sitenote_category":0},"product_brand":[],"product_cat":[12291,12711],"product_tag":[],"class_list":{"0":"post-763610","1":"product","2":"type-product","3":"status-publish","5":"product_cat-edebiyat","6":"product_cat-roman-oyku","7":"pa_cilt-ciltsiz","8":"pa_tur-kitap","9":"pa_yayinevi-gulnar-yayinlari","10":"pa_yazar-faik-kumru","12":"first","13":"instock","14":"sale","15":"shipping-taxable","16":"purchasable","17":"product-type-simple"},"_links":{"self":[{"href":"https:\/\/roveyayinevi.com.tr\/index.php\/wp-json\/wp\/v2\/product\/763610","targetHints":{"allow":["GET"]}}],"collection":[{"href":"https:\/\/roveyayinevi.com.tr\/index.php\/wp-json\/wp\/v2\/product"}],"about":[{"href":"https:\/\/roveyayinevi.com.tr\/index.php\/wp-json\/wp\/v2\/types\/product"}],"wp:attachment":[{"href":"https:\/\/roveyayinevi.com.tr\/index.php\/wp-json\/wp\/v2\/media?parent=763610"}],"wp:term":[{"taxonomy":"product_brand","embeddable":true,"href":"https:\/\/roveyayinevi.com.tr\/index.php\/wp-json\/wp\/v2\/product_brand?post=763610"},{"taxonomy":"product_cat","embeddable":true,"href":"https:\/\/roveyayinevi.com.tr\/index.php\/wp-json\/wp\/v2\/product_cat?post=763610"},{"taxonomy":"product_tag","embeddable":true,"href":"https:\/\/roveyayinevi.com.tr\/index.php\/wp-json\/wp\/v2\/product_tag?post=763610"}],"curies":[{"name":"wp","href":"https:\/\/api.w.org\/{rel}","templated":true}]}}