{"id":763608,"date":"2025-08-28T10:46:01","date_gmt":"2025-08-28T07:46:01","guid":{"rendered":"https:\/\/roveyayinevi.com.tr\/index.php\/urun\/mental-fitness\/"},"modified":"2026-04-13T03:24:32","modified_gmt":"2026-04-13T00:24:32","slug":"mental-fitness","status":"publish","type":"product","link":"https:\/\/roveyayinevi.com.tr\/index.php\/urun\/mental-fitness\/","title":{"rendered":"Mental Fitness"},"content":{"rendered":"<p>Ant Middleton,1999&#8217;da Kuzey \u0130rlanda ve 2001&#8217;de Makedonya&#8217;da g\u00f6revlerde bulundu. Ordudan ayr\u0131ld\u0131ktan sonra 2005\u2019te Kraliyet Deniz Piyadeleri\u2019ne kat\u0131ld\u0131 ve 32 haftal\u0131k komando kursunu ba\u015far\u0131yla tamamlad\u0131 ve en iyi genel asker olarak Kraliyet Rozeti&#8217;ni kazand\u0131. Britanya Ordusu Para\u015f\u00fct Taburu\u2019nda g\u00f6rev yapan Middleton, 2007 y\u0131l\u0131nda Afganistan\u2019da g\u00f6rev ald\u0131. Askeri ya\u015fam\u0131n\u0131n ard\u0131ndan Middleton, VIP&#8217;ler i\u00e7in g\u00fcvenlik g\u00f6revlisi olarak \u00e7al\u0131\u015ft\u0131 ve daha sonra G\u00fcney Afrika&#8217;da ve \u00e7e\u015fitli Bat\u0131 Afrika h\u00fck\u00fcmetleri i\u00e7in g\u00fcvenlik uzman\u0131 olarak g\u00f6rev yapt\u0131. Ba\u015far\u0131l\u0131 askeri kariyeri ve macerac\u0131 ruhu, onu tv program\u0131 sayesinde geni\u015f kitlelere ula\u015ft\u0131rd\u0131. 2015&#8217;ten 2021&#8217;e kadar s\u00fcrd\u00fcrd\u00fc\u011f\u00fc Channel 4 televizyon dizisi SAS: Who Dares Wins\u2019in eski ba\u015f e\u011fitmeni ve sunucusu olarak \u00fcn kazand\u0131. S\u00f6z konusu dizi, \u00fclkemizde bir tv portal\u0131nda SAS: Cesaret eden Kazan\u0131r ad\u0131yla yay\u0131nland\u0131. Kitaplar\u0131 d\u00fcnya genelinde 1 milyondan fazla satan Middleton ayr\u0131ca macera\/reality \u015fovu Mutiny&#8217;de Kaptan olarak ve hayatta kalma \u015fovu Escape&#8217;te g\u00f6r\u00fcnd\u00fc. Sekiz g\u00f6n\u00fcll\u00fc kat\u0131l\u0131mc\u0131yla birlikte tekne kaptan\u0131 olarak yer ald\u0131\u011f\u0131 2017&#8217;de \u0130ngiltere televizyonunda yay\u0131nland\u0131. G\u00f6steri, Bounty&#8217;deki \u0130syan&#8217;\u0131 yeniden canland\u0131rd\u0131 ve Middleton deneyimi &#8220;ruhsal olarak, benim yapt\u0131\u011f\u0131m en zor \u015fey&#8221; olarak tan\u0131mlad\u0131. 2018&#8217;de Extreme Everest with Ant Middleton adl\u0131 televizyon \u015fovu i\u00e7in Everest Da\u011f\u0131&#8217;na t\u0131rmand\u0131. \u201cZihin ve beden genellikle ayr\u0131 varl\u0131klar olarak konu\u015fulur, ancak e\u011fer birlikte uyum i\u00e7inde \u00e7al\u0131\u015f\u0131rlarsa ya\u015famda insan ger\u00e7ekten zirvelere ula\u015fabilir.\u201d Ant Middleton, t\u00fcm ya\u015fad\u0131klar\u0131ndan; \u00f6zel ya\u015fam\u0131ndan, mesleki ba\u015far\u0131 ve ba\u015far\u0131s\u0131zl\u0131klar\u0131ndan, televizyon programlar\u0131ndaki deneyimlerinden kendi ad\u0131na dersler \u00e7\u0131kar\u0131p bunlar\u0131 ya\u015fam\u0131n\u0131n \u015fiar\u0131 haline getirebilmi\u015ftir. Sa\u011fl\u0131kl\u0131 bir zihin ve bedenin korunma ilkeleri nelerdir ve her ikisini m\u00fcmk\u00fcn oldu\u011funca g\u00fc\u00e7l\u00fc tutmak i\u00e7in ya\u015fad\u0131klar\u0131n\u0131 ve \u00fczerine kurulu olan 15 ilkeyi bu kitapta anlat\u0131yor. Bu otobiyografik eser, kad\u0131n erkek t\u00fcm okurlar\u0131n ya\u015fam\u0131ndaki hatalara, yanl\u0131\u015flara ve eksik y\u00f6nlerine ayna tutup onlar\u0131 temize \u00e7ekmesini sa\u011flayacak kurallar\u0131 g\u00f6zler \u00f6n\u00fcne seriyor.<\/p>\n","protected":false},"excerpt":{"rendered":"<p>Ant Middleton,1999&#8217;da Kuzey \u0130rlanda ve 2001&#8217;de Makedonya&#8217;da g\u00f6revlerde bulundu. Ordudan ayr\u0131ld\u0131ktan sonra 2005\u2019te Kraliyet Deniz Piyadeleri\u2019ne kat\u0131ld\u0131 ve 32 haftal\u0131k komando kursunu ba\u015far\u0131yla tamamlad\u0131 ve en<span class=\"excerpt-hellip\"> [\u2026]<\/span><\/p>\n","protected":false},"featured_media":0,"template":"","meta":{"_monsterinsights_skip_tracking":false,"_monsterinsights_sitenote_active":false,"_monsterinsights_sitenote_note":"","_monsterinsights_sitenote_category":0},"product_brand":[],"product_cat":[12364,12376],"product_tag":[],"class_list":{"0":"post-763608","1":"product","2":"type-product","3":"status-publish","5":"product_cat-genel-konular","6":"product_cat-kisisel-gelisim","7":"pa_cilt-ciltsiz","8":"pa_tur-kitap","9":"pa_yayinevi-totem-yayinlari","10":"pa_yazar-ant-middleton","12":"first","13":"instock","14":"sale","15":"shipping-taxable","16":"purchasable","17":"product-type-simple"},"_links":{"self":[{"href":"https:\/\/roveyayinevi.com.tr\/index.php\/wp-json\/wp\/v2\/product\/763608","targetHints":{"allow":["GET"]}}],"collection":[{"href":"https:\/\/roveyayinevi.com.tr\/index.php\/wp-json\/wp\/v2\/product"}],"about":[{"href":"https:\/\/roveyayinevi.com.tr\/index.php\/wp-json\/wp\/v2\/types\/product"}],"wp:attachment":[{"href":"https:\/\/roveyayinevi.com.tr\/index.php\/wp-json\/wp\/v2\/media?parent=763608"}],"wp:term":[{"taxonomy":"product_brand","embeddable":true,"href":"https:\/\/roveyayinevi.com.tr\/index.php\/wp-json\/wp\/v2\/product_brand?post=763608"},{"taxonomy":"product_cat","embeddable":true,"href":"https:\/\/roveyayinevi.com.tr\/index.php\/wp-json\/wp\/v2\/product_cat?post=763608"},{"taxonomy":"product_tag","embeddable":true,"href":"https:\/\/roveyayinevi.com.tr\/index.php\/wp-json\/wp\/v2\/product_tag?post=763608"}],"curies":[{"name":"wp","href":"https:\/\/api.w.org\/{rel}","templated":true}]}}