{"id":763604,"date":"2025-08-28T10:45:53","date_gmt":"2025-08-28T07:45:53","guid":{"rendered":"https:\/\/roveyayinevi.com.tr\/index.php\/urun\/hayat-okulu-sozlugu\/"},"modified":"2026-04-15T03:28:47","modified_gmt":"2026-04-15T00:28:47","slug":"hayat-okulu-sozlugu","status":"publish","type":"product","link":"https:\/\/roveyayinevi.com.tr\/index.php\/urun\/hayat-okulu-sozlugu\/","title":{"rendered":"Hayat Okulu S\u00f6zl\u00fc\u011f\u00fc"},"content":{"rendered":"<p>Hayat Okulu S\u00f6zl\u00fc\u011f\u00fc; kendimizi, kar\u015f\u0131m\u0131zdakileri ve etraf\u0131m\u0131z\u0131 saran d\u00fcnyay\u0131 anlayabilmemiz ve anlamland\u0131rabilmemiz i\u00e7in gerekli olan kavramlar\u0131 bir araya getiriyor.  Bir s\u00f6zl\u00fck dilin rehberidir. Bu s\u00f6zl\u00fck ise duygular\u0131n diline rehberlik ediyor ve kendimizi en do\u011fru \u015fekilde ifade etmemize olanak sa\u011fl\u0131yor. Duygular\u0131n karma\u015f\u0131k do\u011fas\u0131n\u0131 alfabetik bir s\u0131raya dizmenin zor oldu\u011funun fark\u0131nday\u0131z. \u00c7o\u011fu zaman hissettiklerimizi anlatmak i\u00e7in do\u011fru s\u00f6zc\u00fc\u011f\u00fc bulmakta g\u00fc\u00e7l\u00fck \u00e7ekeriz.  Hayat Okulu, bu defa ger\u00e7ek benliklerimizi ifade etmemize yard\u0131m etmek i\u00e7in \u201cduygular\u0131m\u0131z\u0131\u201d ele al\u0131yor. Bildi\u011finiz t\u00fcm s\u00f6zc\u00fckleri unutun.<\/p>\n","protected":false},"excerpt":{"rendered":"<p>Hayat Okulu S\u00f6zl\u00fc\u011f\u00fc; kendimizi, kar\u015f\u0131m\u0131zdakileri ve etraf\u0131m\u0131z\u0131 saran d\u00fcnyay\u0131 anlayabilmemiz ve anlamland\u0131rabilmemiz i\u00e7in gerekli olan kavramlar\u0131 bir araya getiriyor. Bir s\u00f6zl\u00fck dilin rehberidir. Bu s\u00f6zl\u00fck ise<span class=\"excerpt-hellip\"> [\u2026]<\/span><\/p>\n","protected":false},"featured_media":0,"template":"","meta":{"_monsterinsights_skip_tracking":false,"_monsterinsights_sitenote_active":false,"_monsterinsights_sitenote_note":"","_monsterinsights_sitenote_category":0},"product_brand":[],"product_cat":[13772,12364],"product_tag":[],"class_list":{"0":"post-763604","1":"product","2":"type-product","3":"status-publish","5":"product_cat-basvuru-kitaplari","6":"product_cat-genel-konular","7":"pa_cilt-ciltsiz","8":"pa_tur-kitap","9":"pa_yayinevi-mona-kitap","10":"pa_yazar-kolektif","12":"first","13":"instock","14":"sale","15":"shipping-taxable","16":"purchasable","17":"product-type-simple"},"_links":{"self":[{"href":"https:\/\/roveyayinevi.com.tr\/index.php\/wp-json\/wp\/v2\/product\/763604","targetHints":{"allow":["GET"]}}],"collection":[{"href":"https:\/\/roveyayinevi.com.tr\/index.php\/wp-json\/wp\/v2\/product"}],"about":[{"href":"https:\/\/roveyayinevi.com.tr\/index.php\/wp-json\/wp\/v2\/types\/product"}],"wp:attachment":[{"href":"https:\/\/roveyayinevi.com.tr\/index.php\/wp-json\/wp\/v2\/media?parent=763604"}],"wp:term":[{"taxonomy":"product_brand","embeddable":true,"href":"https:\/\/roveyayinevi.com.tr\/index.php\/wp-json\/wp\/v2\/product_brand?post=763604"},{"taxonomy":"product_cat","embeddable":true,"href":"https:\/\/roveyayinevi.com.tr\/index.php\/wp-json\/wp\/v2\/product_cat?post=763604"},{"taxonomy":"product_tag","embeddable":true,"href":"https:\/\/roveyayinevi.com.tr\/index.php\/wp-json\/wp\/v2\/product_tag?post=763604"}],"curies":[{"name":"wp","href":"https:\/\/api.w.org\/{rel}","templated":true}]}}