{"id":763603,"date":"2025-08-28T10:45:52","date_gmt":"2025-08-28T07:45:52","guid":{"rendered":"https:\/\/roveyayinevi.com.tr\/index.php\/urun\/seni-once-sicak-oldurecek\/"},"modified":"2026-04-15T03:28:47","modified_gmt":"2026-04-15T00:28:47","slug":"seni-once-sicak-oldurecek","status":"publish","type":"product","link":"https:\/\/roveyayinevi.com.tr\/index.php\/urun\/seni-once-sicak-oldurecek\/","title":{"rendered":"Seni \u00d6nce S\u0131cak \u00d6ld\u00fcrecek"},"content":{"rendered":"<p>NEW YORK TIMES EN \u00c7OK-SATANLAR L\u0130STES\u0130NDE &#8211; The New York Times, The Washington Post, Los Angeles Times taraf\u0131ndan y\u0131l\u0131n en \u00e7ok beklenen kitaplar\u0131 aras\u0131nda g\u00f6sterildi &#8211; A Next Big Idea Book Club se\u00e7kisine girdi &#8211; The New York Times Book Review edit\u00f6r\u00fcn se\u00e7imi aras\u0131nda yer ald\u0131 &#8211; NPR Y\u0131l\u0131n Favori Kitaplar\u0131\u2019na girdi &#8211; Los Angeles Times ve  The Economist taraf\u0131ndan y\u0131l\u0131n en iyi kitaplar\u0131 aras\u0131nda g\u00f6sterildi     Jeff Goodell&#8217;\u0131n &#8220;ustal\u0131kla yaz\u0131lm\u0131\u015f, sars\u0131c\u0131&#8221; (David Wallace-Wells) ara\u015ft\u0131rmas\u0131, &#8220;kapsaml\u0131 habercilik, ustal\u0131kl\u0131 hikaye anlat\u0131m\u0131 ve etkileyici bilimsel a\u00e7\u0131klamalarla&#8221; (Naomi Klein) y\u00fckselen s\u0131cakl\u0131klar\u0131n hayatlar\u0131m\u0131z ve d\u00fcnyam\u0131z \u00fczerindeki etkisini g\u00f6zler \u00f6n\u00fcne seriyor. &#8220;E\u011flenceli ve detayl\u0131ca ara\u015ft\u0131r\u0131lm\u0131\u015f&#8221; (Al Gore), bu eser d\u00fcnyay\u0131 g\u00f6rd\u00fc\u011f\u00fcn\u00fcz \u015fekli ba\u015ftan a\u015fa\u011f\u0131 de\u011fi\u015ftirecek ve acil konular\u0131na kar\u015f\u0131n, g\u00fcn\u00fcm\u00fcz\u00fcn en \u00f6nemli meselelerine kar\u015f\u0131 &#8220;bitmeyen bir iyimserlik&#8221; (Michael Mann) sunuyor.     &#8220;S\u0131cakl\u0131k hissedildi\u011finde g\u00f6r\u00fcnmezdir. Gelip \u00e7att\u0131\u011f\u0131nda a\u011fa\u00e7 dallar\u0131n\u0131 b\u00fckmez ya da sa\u00e7lar\u0131n\u0131z\u0131 y\u00fcz\u00fcn\u00fcze savurmaz&#8230; G\u00fcne\u015f, \u00fczerinize do\u011frultulmu\u015f bir silah gibi hissedilir.&#8221;     D\u00fcnya, yeni bir ger\u00e7eklikle y\u00fczle\u015fiyor: s\u0131cak b\u00f6lgelerde orman yang\u0131nlar\u0131 art\u0131k mevsimsel hale geldi, daha so\u011fuk b\u00f6lgelerde ise her k\u0131\u015f daha az kar ya\u011f\u0131\u015f\u0131 ger\u00e7ekle\u015fiyor ve Kuzey Kutbu ile Antarktika&#8217;daki buzullar h\u0131zla eriyor. S\u0131cakl\u0131k, iklim krizinin di\u011fer t\u00fcm etkilerini tetikleyen birincil tehlikedir. Ve s\u0131cakl\u0131k artt\u0131k\u00e7a, h\u00fck\u00fcmetler, politikalar, ekonomi ve de\u011ferler \u00fczerindeki \u00e7atlaklar ortaya \u00e7\u0131k\u0131yor. Bilimin temeli basit: Fosil yak\u0131tlar\u0131 bug\u00fcn yakmay\u0131 b\u0131rak\u0131rsak, yar\u0131n k\u00fcresel s\u0131cakl\u0131k art\u0131\u015f\u0131 da durur. Fosil yak\u0131tlar\u0131 50 y\u0131l daha yakarsak, s\u0131cakl\u0131k 50 y\u0131l daha y\u00fckselmeye devam eder ve d\u00fcnyam\u0131z\u0131n baz\u0131 b\u00f6lgelerini ya\u015fanmaz hale getirir. Bu, bizim elimizde. S\u0131cakl\u0131k ne kadar y\u00fckselirse, fay hatlar\u0131m\u0131z o kadar derinle\u015fir ve geni\u015fler.   Seni \u00d6nce S\u0131cak \u00d6ld\u00fcrecek, d\u00fcnyam\u0131z\u0131n \u015fu anda ya\u015famakta oldu\u011fu radikal de\u011fi\u015fimleri ve bu de\u011fi\u015fimlerin hayat\u0131m\u0131z \u00fczerindeki etkilerini detayl\u0131 bir \u015fekilde ele al\u0131yor. \u0130lkbahar\u0131n neden birka\u00e7 hafta erken geldi\u011fini ve sonbahar\u0131n neden birka\u00e7 hafta ge\u00e7 kald\u0131\u011f\u0131n\u0131 ve bunun g\u0131da tedarikimizden hastal\u0131k salg\u0131nlar\u0131na kadar her \u015fey \u00fczerindeki etkilerini anlat\u0131yor. \u0130stanbul veya Ankara gibi \u015fehirlerde tipik yaz g\u00fcnlerinin 32 dereceden 43 dereceye y\u00fckselmesiyle hayatlar\u0131m\u0131za ve toplumumuza ne olaca\u011f\u0131 hakk\u0131nda. Goodell, s\u0131cak hava dalgalar\u0131n\u0131n, en savunmas\u0131zlar\u0131 hedef alan avc\u0131 oldu\u011funu belirtiyor. Ancak bu de\u011fi\u015fiyor. S\u0131cak hava dalgalar\u0131 daha \u015fiddetli ve yayg\u0131n hale geldik\u00e7e, herkes i\u00e7in e\u015fit bir tehdit olu\u015fturacak.   \u00c7evre gazetecili\u011finin \u00f6nc\u00fc isimlerinden \u00f6d\u00fcll\u00fc gazeteci Goodell&#8217;\u0131n yeni kitab\u0131, a\u015f\u0131r\u0131 s\u0131cakl\u0131klar\u0131n d\u00fcnyam\u0131z\u0131 nas\u0131l dramatik bir \u015fekilde de\u011fi\u015ftirece\u011fini anlatan, \u015fimdiye kadar yazd\u0131\u011f\u0131 en \u00e7arp\u0131c\u0131 eser olabilir. En son bilimsel bulgular\u0131 saha hikayeleriyle harmanlayarak ustal\u0131kla sunan Jeff Goodell, b\u00fcy\u00fck sorular\u0131 ele al\u0131yor ve a\u015f\u0131r\u0131 s\u0131cakl\u0131\u011f\u0131n daha \u00f6nce hi\u00e7 hesaba katmad\u0131\u011f\u0131m\u0131z bir g\u00fc\u00e7 oldu\u011funu g\u00f6zler \u00f6n\u00fcne seriyor.       \u201cHayranl\u0131k uyand\u0131r\u0131c\u0131\u201d \u2014Time, Health Matters   \u201cAcil bir uyar\u0131.\u201d \u2014PBS NewsHour   \u201cE\u011flenceli ve kapsaml\u0131 bir \u015fekilde ara\u015ft\u0131r\u0131lm\u0131\u015f olan Jeff Goodell, s\u0131ca\u011f\u0131n insanl\u0131\u011f\u0131n ge\u00e7mi\u015fi, bug\u00fcn\u00fc ve gelece\u011fi \u00fczerindeki \u00f6nemli etkisine kapsaml\u0131 bir bak\u0131\u015fla iklim kaynakl\u0131 a\u015f\u0131r\u0131 s\u0131cakl\u0131k konusuna hayat veriyor.\u201d \u2014Al Gore, Eski ABD Ba\u015fkan Yard\u0131mc\u0131s\u0131   \u201cGoodell, m\u00fckemmel habercilik, ustaca hik\u00e2ye anlat\u0131m\u0131 ve b\u00fcy\u00fcleyici bilimsel a\u00e7\u0131klamalarla, \u0131s\u0131y\u0131 d\u00fcnyay\u0131 yeniden yaratan bir g\u00fc\u00e7 olarak hayata ge\u00e7iriyor. Onun usta ellerinde, t\u0131rmanan s\u0131cakl\u0131k, manzaralar\u0131, bedenleri ve sosyal sistemleri s\u0131n\u0131rlar\u0131na kadar zorlayan g\u00f6r\u00fcnmez, gezegensel bir animat\u00f6r olarak ortaya \u00e7\u0131k\u0131yor &#8211; ve rotam\u0131z\u0131 de\u011fi\u015ftirmezsek, insanl\u0131\u011f\u0131 bir evden \u00e7ok sava\u015f gibi hissettirecek f\u0131r\u0131n benzeri bir iklime g\u00f6t\u00fcrecek. Daha iyi, daha adil ve daha serin bir gelecek i\u00e7in yap\u0131lan bu yak\u0131c\u0131 savunma, bu oyunda pay\u0131 olan herkes taraf\u0131ndan okunmal\u0131 &#8211; ki bu her birimiziz.\u201d \u2014Naomi Klein, \u00e7ok-satan This Changes Everything kitab\u0131n\u0131n yazar\u0131   \u201cGoodell, iklim de\u011fi\u015fikli\u011fiyle ilgili h\u0131zl\u0131 tempolu yeni kitab\u0131nda. &#8230; Goodell, \u2018k\u00fcresel \u0131s\u0131nma\u2019 terimini \u2018nazik ve yat\u0131\u015ft\u0131r\u0131c\u0131\u2019 oldu\u011fu i\u00e7in k\u0131n\u0131yor.\u201d Bu deh\u015fet verici kitab\u0131n son derece a\u00e7\u0131k bir \u015fekilde ortaya koydu\u011fu gibi, sadece klimay\u0131 \u00e7al\u0131\u015ft\u0131rabilece\u011fimizi d\u00fc\u015f\u00fcnmek, ya\u015famak i\u00e7in tehlikeli bir yol&#8230; Bu, h\u0131zla okunmas\u0131 gereken itici bir kitap; gezegen yan\u0131yor ve zaman\u0131m\u0131z t\u00fckeniyor.\u201d \u2014Jennifer Szalai, The New York Times   \u201c\u0130klim krizi, \u00f6l\u00fcmc\u00fcl a\u015f\u0131r\u0131 s\u0131caklardan daha b\u00fcy\u00fck bir tehdidi beraberinde getirmiyor.\u201d Jeff Goodell, Seni \u00d6nce S\u0131cak \u00d6ld\u00fcrecek\u2019te iklim kriziyle kar\u015f\u0131 kar\u015f\u0131ya oldu\u011fumuz derin tehdidi ve bu konuda h\u00e2l\u00e2 neler yapabilece\u011fimizi anlat\u0131rken fantastik bir hik\u00e2ye anlat\u0131c\u0131l\u0131\u011f\u0131, anla\u015f\u0131l\u0131r bir bilim ileti\u015fimi ve sonsuz bir iyimserli\u011fi bir araya getiriyor. \u2014Michael Mann, University of Pennsylvania profes\u00f6r\u00fc ve The New Climate War kitab\u0131n\u0131n yazar\u0131   \u201c\u015eimdiden yeni bir d\u00fcnya, insanl\u0131k tarihinde daha \u00f6nce hi\u00e7 olmad\u0131\u011f\u0131 kadar s\u0131cak ve h\u0131zla daha da \u0131s\u0131n\u0131yor. Seni \u00d6nce S\u0131cak \u00d6ld\u00fcrecek, Goodell\u2019in yazd\u0131\u011f\u0131 gibi, derin ve ac\u0131mas\u0131z h\u00fck\u00fcmranl\u0131\u011f\u0131 alt\u0131nda y\u00fcr\u00fct\u00fclen t\u00fcm ya\u015fam\u0131 y\u00f6neten tanr\u0131sal bir g\u00fc\u00e7 olan bu \u0131s\u0131 taraf\u0131ndan kil gibi \u015fekillendirilece\u011fini bildi\u011fimiz gelece\u011fin ustaca, canland\u0131r\u0131c\u0131 ve canl\u0131 bir portresidir.\u201d \u2014David Wallace-Wells, \u00e7ok-satan The Uninhabitable Earth kitab\u0131n\u0131n yazar\u0131   \u201cBu korkutucu bir kitap.  K\u00fcresel \u0131s\u0131nmadan halihaz\u0131rda etkilenen bireylerin \u015fa\u015f\u0131rt\u0131c\u0131 hikayelerini anlatarak k\u00fcresel \u0131s\u0131nmay\u0131 insanile\u015ftiriyor ve kendimizi i\u00e7ine soktu\u011fumuz tehlikeyi \u00e7ok net bir \u015fekilde ortaya koyuyor.  Hepimizin kafas\u0131nda, umutlar\u0131m\u0131z ve korkular\u0131m\u0131zdan olu\u015fan, \u015fu anki haritam\u0131zdan daha kabataslak olan yak\u0131n bir gelece\u011fi i\u00e7eren bili\u015fsel bir harita vard\u0131r.  Bu kitap bu tasla\u011f\u0131 heyecan verici bir \u015fekilde keskinle\u015ftirecek.  Okuduktan sonra d\u00fcnyay\u0131 ayn\u0131 \u015fekilde g\u00f6rmeyeceksiniz.\u201d  \u2014Kim Stanley Robinson, \u00e7ok-satan The High Sierra ve The Ministry for the Future kitaplar\u0131n\u0131n yazar\u0131   \u201cE\u011fer bir s\u0131cak hava dalgas\u0131 boyunca terlediyseniz ve gezegende s\u0131cakl\u0131klar artmaya devam ettik\u00e7e i\u015flerin daha ne kadar k\u00f6t\u00fcye gidece\u011fini merak ettiyseniz, Jeff Goodell\u2019\u0131n Seni \u00d6nce S\u0131cak \u00d6ld\u00fcrecek kitab\u0131 tam size g\u00f6re&#8230; Titizlikle ara\u015ft\u0131r\u0131lm\u0131\u015f ama bir o kadar da okunabilir olan bu kitap, ayn\u0131 anda hem s\u0131caktan bunalm\u0131\u015f bir d\u00fcnyan\u0131n portresini \u00e7iziyor hem de buna nas\u0131l haz\u0131rlanaca\u011f\u0131n\u0131z\u0131 anlat\u0131yor.\u201d \u2014Amitav Ghosh, \u00e7ok-satan The Nutmeg\u2019s Curse ve The Great Derangement kitaplar\u0131n\u0131n yazar\u0131   \u201cGezegen \u0131s\u0131nd\u0131k\u00e7a, t\u00fcm varsay\u0131mlar\u0131m\u0131z alt \u00fcst olacak. Jeff Goodell bizden zihinlerimiz ve bedenlerimiz, toplumlar\u0131m\u0131z ve ekonomilerimiz \u00fczerindeki etkiyi hayal etmemizi istiyor. S\u0131cak \u00d6nce Sizi \u00d6ld\u00fcrecek, gelece\u011fi \u00f6nemseyen herkesin okumas\u0131 gereken bir kitap.\u201d  \u2014Elizabeth Kolbert, Alt\u0131nc\u0131 Yok Olu\u015f\u2019un Pulitzer \u00f6d\u00fcll\u00fc yazar\u0131   \u201c[Goodell] gezegenimizdeki \u0131s\u0131nman\u0131n bireysel ya\u015famlar \u00fczerindeki etkilerine samimi bir bak\u0131\u015f sunuyor&#8230; insanl\u0131\u011f\u0131 kurtarmak i\u00e7in zaman\u0131m\u0131z\u0131n t\u00fckenmekte oldu\u011funa dair \u00e7arp\u0131c\u0131 ve \u00f6nemli bir hat\u0131rlatma daha.\u201d \u2014Kirkus Reviews (Y\u0131ld\u0131zl\u0131 De\u011ferlendirme)   \u201cBu kitab\u0131 bir kez okuduktan sonra, s\u0131cak bir yaz g\u00fcn\u00fcn\u00fc bir daha asla ayn\u0131 \u015fekilde g\u00f6remeyebilirsiniz.  Jeff Goodell s\u0131ca\u011fa unutmakta zorlanaca\u011f\u0131n\u0131z isimler, y\u00fczler, hik\u00e2yeler ve duygular veriyor.\u201d \u2014Andrea Dutton, University of Wisconsin-Madison jeoloji profes\u00f6r\u00fc   \u201cGoodell, titiz ara\u015ft\u0131rma, canl\u0131 hik\u00e2ye anlat\u0131m\u0131 ve g\u00f6z\u00fc kara d\u00fcr\u00fcstl\u00fc\u011f\u00fcn kendine has kar\u0131\u015f\u0131m\u0131yla, a\u015f\u0131r\u0131 s\u0131caklar\u0131n halihaz\u0131rda d\u00fcnyan\u0131n d\u00f6rt bir yan\u0131ndaki topluluklara verdi\u011fi y\u0131k\u0131c\u0131 zarar\u0131 ve \u00e7\u00f6z\u00fcm bulmak i\u00e7in yorulmak bilmeden \u00e7al\u0131\u015fan bilim insanlar\u0131n\u0131n, aktivistlerin ve s\u0131radan insanlar\u0131n ilham verici \u00e7abalar\u0131n\u0131 g\u00f6zler \u00f6n\u00fcne seriyor. Acil, ilgi \u00e7ekici ve son derece bilgilendirici olan S\u0131cak \u00d6nce Sizi \u00d6ld\u00fcrecek, gezegenimizin gelece\u011fini \u00f6nemseyen herkesin mutlaka okumas\u0131 gereken bir kitap&#8230; Elimden b\u0131rakamad\u0131m.\u201d \u2014Eleni Myrivili, Birle\u015fmi\u015f Milletler-Habitat, K\u00fcresel Is\u0131 M\u00fcd\u00fcr\u00fc   \u201cUzun s\u00fcredir iklim gazetecili\u011fi yapan ve Rolling Stone\u2019a edit\u00f6r olarak katk\u0131da bulunan Goodell, kitab\u0131n\u0131n korkun\u00e7 ba\u015fl\u0131\u011f\u0131n\u0131 hak eden 14 b\u00f6l\u00fcmde Kuzey Kutup Dairesi\u2019nden tropik b\u00f6lgelere ve oradan da tekrar geri d\u00f6nerek, \u0131s\u0131n\u0131n eriyen buzlar ve ac\u0131 \u00e7eken mercanlar \u00fczerindeki etkilerinin yan\u0131 s\u0131ra, s\u0131cakl\u0131klar artt\u0131k\u00e7a menzilleri geni\u015fleyen co\u015fkulu sivrisinekler \u00fczerindeki etkilerinin de izini s\u00fcr\u00fcyor&#8230;. Goodell\u2019a g\u00f6re, \u0131s\u0131yla a\u015f\u0131lanm\u0131\u015f gelecekle ilgili en korkutucu \u015fey, ona hak etti\u011fi sayg\u0131 ve endi\u015feyle yakla\u015fmamam\u0131z.\u201d \u2014The Washington Post   \u201cArtan s\u0131cakl\u0131klar\u0131n \u00f6l\u00fcmc\u00fcl sonu\u00e7lar\u0131na dair dikkate de\u011fer bir ke\u015fif&#8230; Kitab\u0131n en b\u00fcy\u00fck \u00e7\u0131kar\u0131m\u0131, s\u0131cakl\u0131\u011f\u0131n zarar\u0131n\u0131n kendilerini en az koruyabilenlere adil olmayan bir \u015fekilde d\u00fc\u015ft\u00fc\u011f\u00fc&#8230;.Okuyucular\u0131 verilere bo\u011fan ve sadece di\u011fer aktivistler i\u00e7in yaz\u0131yormu\u015f gibi g\u00f6r\u00fcnen baz\u0131 iklim bilimi yazarlar\u0131n\u0131n aksine, Bay Goodell hikayesini renkli bir \u015fekilde anlat\u0131yor. Okuyucular, hangi a\u015f\u0131r\u0131 hava olaylar\u0131n\u0131n iklim de\u011fi\u015fikli\u011fine atfedilebilece\u011fini bularak iklim de\u011fi\u015fikli\u011fi konusunda fark\u0131ndal\u0131k yaratmaya \u00e7al\u0131\u015fan ve Arizona \u00e7\u00f6l\u00fcn\u00fc ge\u00e7en g\u00f6\u00e7menlere su b\u0131rakarak ya da tar\u0131m i\u015f\u00e7ileri i\u00e7in daha g\u00fcvenli ko\u015fullar i\u00e7in kampanya y\u00fcr\u00fcterek iklim de\u011fi\u015fikli\u011finin kurbanlar\u0131na yard\u0131m eden insanlarla tan\u0131\u015f\u0131yor&#8230;.Seni \u00d6nce S\u0131cak \u00d6ld\u00fcrecek daha g\u00fcncel olamazd\u0131.\u201d \u2014The Economist   Gazeteci Jeff Goodell son kitab\u0131 Seni \u00d6nce S\u0131cak \u00d6ld\u00fcrecek\u2019te \u201cHeat\u2019in bir halkla ili\u015fkiler sorunu var\u201d diyor: Kavrulmu\u015f Bir Gezegende Ya\u015fam ve \u00d6l\u00fcm. \u00c7o\u011fumuz gece haberlerinde g\u00f6rd\u00fc\u011f\u00fcm\u00fcz s\u0131cakl\u0131k de\u011ferlerine a\u015finay\u0131z; bunlar genellikle etraf\u0131m\u0131zdaki havan\u0131n s\u0131cakl\u0131\u011f\u0131 ya da hava s\u0131cakl\u0131\u011f\u0131 ve nemin bir g\u00f6stergesi olan \u0131s\u0131 endeksidir. Ancak ABD\u2019deki son s\u0131cak hava dalgas\u0131 s\u0131ras\u0131nda baz\u0131 b\u00f6lgelerde \u0131slak termometre s\u0131cakl\u0131\u011f\u0131 olarak bilinen ve suyun buharla\u015fmas\u0131n\u0131n havay\u0131 so\u011futabildi\u011fi en d\u00fc\u015f\u00fck s\u0131cakl\u0131\u011f\u0131n \u00f6l\u00e7\u00fcm\u00fc olan 94 derece rapor edilmi\u015ftir. Goodell kitab\u0131nda, ortam hava s\u0131cakl\u0131\u011f\u0131ndaki bu \u00f6l\u00e7\u00fcm\u00fcn bir\u00e7ok insan i\u00e7in \u00f6nemli bir \u015fey gibi g\u00f6r\u00fcnmeyebilece\u011fini, ancak \u0131slak termometre s\u0131cakl\u0131klar\u0131nda tehlikeli bir \u00f6l\u00e7\u00fcm oldu\u011funu a\u00e7\u0131kl\u0131yor. \u201cIslak termometre s\u0131cakl\u0131\u011f\u0131 ne kadar y\u00fcksekse, buharla\u015fma o kadar az etkili olur ve terimizin bizi serinletmesi o kadar zorla\u015f\u0131r.\u201d \u2014New Republic   \u201cBu kitab\u0131 okuyun ve sonra kuzey yar\u0131mk\u00fcredeki s\u0131cakl\u0131klara bak\u0131n. \u0130\u015fte Antroposen budur: \u00e7ok s\u0131cak, \u00fcrpertici.\u201d \u2014Jeff Sparrow, The Saturday Paper   \u201cGoodell\u2019in i\u015finin zirvesinde, ilgi \u00e7ekici bir yazar oldu\u011fu tart\u0131\u015f\u0131lmaz.  Ed Yong ve James Patterson\u2019\u0131n a\u015fk \u00e7ocu\u011fu gibi, i\u00e7ine biraz da Rachel Carson kat\u0131lm\u0131\u015f, yani bilim temelli distopik gerilimler yaz\u0131yor.\u201d \u2014Jennifer Graham, The Hippo   \u201cSeni \u00d6nce S\u0131cak \u00d6ld\u00fcrecek\u2019in de a\u00e7\u0131k\u00e7a ortaya koydu\u011fu gibi, artan s\u0131cakl\u0131klar\u0131n kaynaklar\u0131n\u0131 ve etkilerini azaltman\u0131n zaman\u0131 geldi.\u201c-Inside Higher Ed \u2018Goodell\u2019in zekice ve ay\u0131lt\u0131c\u0131 kitab\u0131, \u2019her \u015feyi yeniden hayal etmek\u201d ve ya\u015fanabilir bir gelecek yaratma m\u00fccadelesine kat\u0131lmak i\u00e7in kritik bir kitleye ilham vermeye yard\u0131mc\u0131 olabilir.\u201d \u2014Sierra Magazine   \u201c\u2018\u0130leri g\u00f6r\u00fc\u015fl\u00fc\u2019 ve \u2018s\u00fcr\u00fckleyici\u2019 Goodell\u2019in son kitab\u0131n\u0131 tan\u0131mlarken akla gelen iki kelime&#8230; Goodell a\u00e7\u0131k bir bilimsellik ve harika bir hik\u00e2ye anlat\u0131m\u0131yla bize yol g\u00f6steriyor.\u201d \u2014The Los Angeles Times   \u201cS\u0131cak \u00d6nce Seni \u00d6ld\u00fcrecek, muhtemelen d\u00fcnya kitap raflar\u0131nda yerini alan en etkili ve en deh\u015fet verici kitaplardan biri. \u00c7\u00fcnk\u00fc Heat, i\u00e7inde bulundu\u011fumuz an\u0131n tehlikeli aciliyetini ba\u015fka hi\u00e7bir kitapta olmad\u0131\u011f\u0131 kadar g\u00f6zler \u00f6n\u00fcne seriyor.\u201d \u201cGoodell\u2019in anlat\u0131m\u0131n\u0131n ola\u011fan\u00fcst\u00fc g\u00fcc\u00fc, bilimsel detaylar\u0131, ilgili istatistikleri ve bilim insanlar\u0131yla yapt\u0131\u011f\u0131 konu\u015fmalar\u0131, s\u0131radan bireylerin hikayeleriyle ustal\u0131kla i\u00e7 i\u00e7e ge\u00e7irerek, \u201cfosil yak\u0131tlar\u0131n yak\u0131lmas\u0131yla \u00fczerimize sal\u0131nan bu \u0131s\u0131 t\u00fcr\u00fcn\u00fcn\u201d g\u00f6r\u00fcnmez g\u00fcc\u00fcn\u00fc ortaya koymak i\u00e7in en ileri bilimi anla\u015f\u0131l\u0131r hale getirmesidir. \u2014Bron Sibree, Sunday Times   \u201cSeni \u00d6nce S\u0131cak \u00d6ld\u00fcrecek, Goodell\u2019\u0131n s\u00fcrekli g\u00f6revde oldu\u011fu, Antarktika\u2019da eriyen buzda\u011flar\u0131ndan Chennai\u2019nin kavurucu sokaklar\u0131na atlad\u0131\u011f\u0131 bir d\u00fcnyay\u0131 kaps\u0131yor. Goodell\u2019\u0131n hik\u00e2yeleri s\u0131ca\u011f\u0131 ve onun yol a\u00e7t\u0131\u011f\u0131 tehlikeleri yeni \u015fekillerde g\u00f6r\u00fcn\u00fcr k\u0131l\u0131yor.\u201d \u2014John Washington, New York Review of Books <\/p>\n","protected":false},"excerpt":{"rendered":"<p>NEW YORK TIMES EN \u00c7OK-SATANLAR L\u0130STES\u0130NDE &#8211; The New York Times, The Washington Post, Los Angeles Times taraf\u0131ndan y\u0131l\u0131n en \u00e7ok beklenen kitaplar\u0131 aras\u0131nda g\u00f6sterildi &#8211;<span class=\"excerpt-hellip\"> [\u2026]<\/span><\/p>\n","protected":false},"featured_media":0,"template":"","meta":{"_monsterinsights_skip_tracking":false,"_monsterinsights_sitenote_active":false,"_monsterinsights_sitenote_note":"","_monsterinsights_sitenote_category":0},"product_brand":[],"product_cat":[23323,12364],"product_tag":[],"class_list":{"0":"post-763603","1":"product","2":"type-product","3":"status-publish","5":"product_cat-ekoloji","6":"product_cat-genel-konular","7":"pa_cilt-ciltsiz","8":"pa_tur-kitap","9":"pa_yayinevi-serbest-kitaplar","10":"pa_yazar-jeff-goodell","12":"first","13":"instock","14":"sale","15":"shipping-taxable","16":"purchasable","17":"product-type-simple"},"_links":{"self":[{"href":"https:\/\/roveyayinevi.com.tr\/index.php\/wp-json\/wp\/v2\/product\/763603","targetHints":{"allow":["GET"]}}],"collection":[{"href":"https:\/\/roveyayinevi.com.tr\/index.php\/wp-json\/wp\/v2\/product"}],"about":[{"href":"https:\/\/roveyayinevi.com.tr\/index.php\/wp-json\/wp\/v2\/types\/product"}],"wp:attachment":[{"href":"https:\/\/roveyayinevi.com.tr\/index.php\/wp-json\/wp\/v2\/media?parent=763603"}],"wp:term":[{"taxonomy":"product_brand","embeddable":true,"href":"https:\/\/roveyayinevi.com.tr\/index.php\/wp-json\/wp\/v2\/product_brand?post=763603"},{"taxonomy":"product_cat","embeddable":true,"href":"https:\/\/roveyayinevi.com.tr\/index.php\/wp-json\/wp\/v2\/product_cat?post=763603"},{"taxonomy":"product_tag","embeddable":true,"href":"https:\/\/roveyayinevi.com.tr\/index.php\/wp-json\/wp\/v2\/product_tag?post=763603"}],"curies":[{"name":"wp","href":"https:\/\/api.w.org\/{rel}","templated":true}]}}