{"id":763602,"date":"2025-08-28T10:45:51","date_gmt":"2025-08-28T07:45:51","guid":{"rendered":"https:\/\/roveyayinevi.com.tr\/index.php\/urun\/egitimimizin-karsidevrimle-sinavi\/"},"modified":"2026-04-15T03:28:47","modified_gmt":"2026-04-15T00:28:47","slug":"egitimimizin-karsidevrimle-sinavi","status":"publish","type":"product","link":"https:\/\/roveyayinevi.com.tr\/index.php\/urun\/egitimimizin-karsidevrimle-sinavi\/","title":{"rendered":"E\u011fitimimizin Kar\u015f\u0131devrimle S\u0131nav\u0131"},"content":{"rendered":"<p>Bizdeki tarihsel ge\u00e7mi\u015fi Sel\u00e7uklu-Osmanl\u0131 \u0130mparatorluklar\u0131n\u0131n ard\u0131\u015f\u0131k ini\u015fli \u00e7\u0131k\u0131\u015fl\u0131 d\u00f6nemlerinde yatan kar\u015f\u0131devrim\/gericilik \u00f6\u011fretisinin, y\u00fcz y\u0131ll\u0131k Cumhuriyetimizin ilk \u00e7eyre\u011fi d\u0131\u015f\u0131nda, siyasal-toplumsal ya\u015fam\u0131 belirleyen ana akt\u00f6rlerden oldu\u011fu bilinen ger\u00e7eklerdendir. Ama kar\u015f\u0131devrimin \u2013b\u00fct\u00fcn alanlarda oldu\u011fu gibi- e\u011fitim alan\u0131nda artan etkisini bu toplumsal-k\u00fclt\u00fcrel yap\u0131n\u0131n g\u00fcn\u00fcm\u00fczdeki en g\u00fc\u00e7l\u00fc temsilcisi AKP\u2019nin uygulamalar\u0131yla s\u0131n\u0131rlamak, olguyu tarihsel s\u00fcre\u00e7lerden koparmak anlam\u0131 ta\u015f\u0131r.Di\u015f ge\u00e7irebildi\u011fi t\u00fcm zeminlerde ayd\u0131nlanmay\u0131-laikli\u011fi hedef alan y\u0131k\u0131m\u0131 aral\u0131ks\u0131z s\u00fcrd\u00fcren kar\u015f\u0131devrim iktidar\u0131n\u0131n y\u00fczlerce y\u0131ll\u0131 devrim-kar\u015f\u0131devrim \u00e7at\u0131\u015fmas\u0131nda \u00fcstlendi\u011fi rol\u00fcn eksik anla\u015f\u0131lmas\u0131, 21. Y\u00fczy\u0131l\u0131n ilk \u00e7eyre\u011findeki durumun do\u011fru kavranmas\u0131na ket vurmas\u0131 bir yana, gelece\u011fe d\u00f6n\u00fck devrimci toplumsal tara\u015f\u0131mlar a\u00e7\u0131s\u0131ndan da \u00f6nemli bir engeldir. Bu nedenle E\u011fitimimizin Kar\u015f\u0131devrimle S\u0131nav\u0131, y\u00fcz y\u0131l \u00f6nce emperyalizme kar\u015f\u0131 verilen Kurtulu\u015f Sava\u015f\u0131m\u0131zla ba\u015flay\u0131p Cumhuriyet Devrimi\u2019yle a\u00e7\u0131lan yolun \u00e7eyrek y\u00fczy\u0131l sonra giderek t\u0131kanmas\u0131n\u0131, g\u00fcn\u00fcm\u00fcze dek kar\u015f\u0131devrimci iktidarlarca s\u00fcrd\u00fcr\u00fclen uygulamalar\u0131 bir b\u00fct\u00fcn olarak g\u00f6rme amac\u0131 ta\u015f\u0131maktad\u0131r. Ancak bu yolla e\u011fitimimizi y\u00fczlerce y\u0131l\u0131n hurafelerinden ar\u0131nd\u0131r\u0131p bilimsel temellere oturtabilir, toplumsal ya\u015fam\u0131m\u0131z\u0131 karanl\u0131\u011f\u0131n pen\u00e7esinden kurtarabiliriz. Kitab\u0131n bu amaca sa\u011flayabilece\u011fi en k\u00fc\u00e7\u00fck katk\u0131, yazar\u0131n mutlulu\u011fu olacakt\u0131r. <\/p>\n","protected":false},"excerpt":{"rendered":"<p>Bizdeki tarihsel ge\u00e7mi\u015fi Sel\u00e7uklu-Osmanl\u0131 \u0130mparatorluklar\u0131n\u0131n ard\u0131\u015f\u0131k ini\u015fli \u00e7\u0131k\u0131\u015fl\u0131 d\u00f6nemlerinde yatan kar\u015f\u0131devrim\/gericilik \u00f6\u011fretisinin, y\u00fcz y\u0131ll\u0131k Cumhuriyetimizin ilk \u00e7eyre\u011fi d\u0131\u015f\u0131nda, siyasal-toplumsal ya\u015fam\u0131 belirleyen ana akt\u00f6rlerden oldu\u011fu bilinen ger\u00e7eklerdendir.<span class=\"excerpt-hellip\"> [\u2026]<\/span><\/p>\n","protected":false},"featured_media":0,"template":"","meta":{"_monsterinsights_skip_tracking":false,"_monsterinsights_sitenote_active":false,"_monsterinsights_sitenote_note":"","_monsterinsights_sitenote_category":0},"product_brand":[],"product_cat":[13590,12337],"product_tag":[],"class_list":{"0":"post-763602","1":"product","2":"type-product","3":"status-publish","5":"product_cat-arastirma-inceleme-politika-siyaset","6":"product_cat-politika-siyaset","7":"pa_cilt-ciltsiz","8":"pa_tur-kitap","9":"pa_yayinevi-cumhuriyet-kitaplari","10":"pa_yazar-nazim-mutlu","12":"first","13":"instock","14":"sale","15":"shipping-taxable","16":"purchasable","17":"product-type-simple"},"_links":{"self":[{"href":"https:\/\/roveyayinevi.com.tr\/index.php\/wp-json\/wp\/v2\/product\/763602","targetHints":{"allow":["GET"]}}],"collection":[{"href":"https:\/\/roveyayinevi.com.tr\/index.php\/wp-json\/wp\/v2\/product"}],"about":[{"href":"https:\/\/roveyayinevi.com.tr\/index.php\/wp-json\/wp\/v2\/types\/product"}],"wp:attachment":[{"href":"https:\/\/roveyayinevi.com.tr\/index.php\/wp-json\/wp\/v2\/media?parent=763602"}],"wp:term":[{"taxonomy":"product_brand","embeddable":true,"href":"https:\/\/roveyayinevi.com.tr\/index.php\/wp-json\/wp\/v2\/product_brand?post=763602"},{"taxonomy":"product_cat","embeddable":true,"href":"https:\/\/roveyayinevi.com.tr\/index.php\/wp-json\/wp\/v2\/product_cat?post=763602"},{"taxonomy":"product_tag","embeddable":true,"href":"https:\/\/roveyayinevi.com.tr\/index.php\/wp-json\/wp\/v2\/product_tag?post=763602"}],"curies":[{"name":"wp","href":"https:\/\/api.w.org\/{rel}","templated":true}]}}