{"id":763595,"date":"2025-08-28T10:45:38","date_gmt":"2025-08-28T07:45:38","guid":{"rendered":"https:\/\/roveyayinevi.com.tr\/index.php\/urun\/anaokulumuz-resimli-sozlugum-dunyayi-ogreniyorum\/"},"modified":"2026-04-15T03:28:47","modified_gmt":"2026-04-15T00:28:47","slug":"anaokulumuz-resimli-sozlugum-dunyayi-ogreniyorum","status":"publish","type":"product","link":"https:\/\/roveyayinevi.com.tr\/index.php\/urun\/anaokulumuz-resimli-sozlugum-dunyayi-ogreniyorum\/","title":{"rendered":"Anaokulumuz Resimli S\u00f6zl\u00fc\u011f\u00fcm D\u00fcnyay\u0131 \u00d6\u011freniyorum"},"content":{"rendered":"<p>Ece\u2019nin anaokulundaki ilk g\u00fcn\u00fcne e\u015flik etmek ister misin? Anaokuluna ba\u015flayaca\u011f\u0131 i\u00e7in biraz endi\u015feli olan Ece, arkada\u015f\u0131 Emir ve \u00f6\u011fretmeninin yard\u0131m\u0131yla mutlu bir g\u00fcn ge\u00e7irdi. Oyun odas\u0131nda istedi\u011fi bir kost\u00fcm\u00fc se\u00e7ti, bah\u00e7edeki oyun park\u0131nda t\u0131rmand\u0131, \u00f6\u011fle yeme\u011fi yedi, \u00e7e\u015fitli etkinliklere kat\u0131ld\u0131. Ve \u00e7abucak ak\u015fam oldu. <\/p>\n","protected":false},"excerpt":{"rendered":"<p>Ece\u2019nin anaokulundaki ilk g\u00fcn\u00fcne e\u015flik etmek ister misin? Anaokuluna ba\u015flayaca\u011f\u0131 i\u00e7in biraz endi\u015feli olan Ece, arkada\u015f\u0131 Emir ve \u00f6\u011fretmeninin yard\u0131m\u0131yla mutlu bir g\u00fcn ge\u00e7irdi. Oyun odas\u0131nda<span class=\"excerpt-hellip\"> [\u2026]<\/span><\/p>\n","protected":false},"featured_media":0,"template":"","meta":{"_monsterinsights_skip_tracking":false,"_monsterinsights_sitenote_active":false,"_monsterinsights_sitenote_note":"","_monsterinsights_sitenote_category":0},"product_brand":[],"product_cat":[12274,12518],"product_tag":[],"class_list":{"0":"post-763595","1":"product","2":"type-product","3":"status-publish","5":"product_cat-cocuk-ve-genclik-kitaplari","6":"product_cat-okul-oncesi-kitaplar","7":"pa_cilt-ciltsiz","8":"pa_tur-kitap","9":"pa_yayinevi-is-bankasi-kultur-yayinlari","10":"pa_yazar-annette-neubauer","12":"first","13":"instock","14":"sale","15":"shipping-taxable","16":"purchasable","17":"product-type-simple"},"_links":{"self":[{"href":"https:\/\/roveyayinevi.com.tr\/index.php\/wp-json\/wp\/v2\/product\/763595","targetHints":{"allow":["GET"]}}],"collection":[{"href":"https:\/\/roveyayinevi.com.tr\/index.php\/wp-json\/wp\/v2\/product"}],"about":[{"href":"https:\/\/roveyayinevi.com.tr\/index.php\/wp-json\/wp\/v2\/types\/product"}],"wp:attachment":[{"href":"https:\/\/roveyayinevi.com.tr\/index.php\/wp-json\/wp\/v2\/media?parent=763595"}],"wp:term":[{"taxonomy":"product_brand","embeddable":true,"href":"https:\/\/roveyayinevi.com.tr\/index.php\/wp-json\/wp\/v2\/product_brand?post=763595"},{"taxonomy":"product_cat","embeddable":true,"href":"https:\/\/roveyayinevi.com.tr\/index.php\/wp-json\/wp\/v2\/product_cat?post=763595"},{"taxonomy":"product_tag","embeddable":true,"href":"https:\/\/roveyayinevi.com.tr\/index.php\/wp-json\/wp\/v2\/product_tag?post=763595"}],"curies":[{"name":"wp","href":"https:\/\/api.w.org\/{rel}","templated":true}]}}