{"id":763590,"date":"2025-08-28T10:45:29","date_gmt":"2025-08-28T07:45:29","guid":{"rendered":"https:\/\/roveyayinevi.com.tr\/index.php\/urun\/din\/"},"modified":"2026-04-15T03:28:47","modified_gmt":"2026-04-15T00:28:47","slug":"din","status":"publish","type":"product","link":"https:\/\/roveyayinevi.com.tr\/index.php\/urun\/din\/","title":{"rendered":"Din"},"content":{"rendered":"<p>\u00c7a\u011fda\u015f d\u00fcnyada dinin k\u00fcresel varl\u0131\u011f\u0131 nedir? Din g\u00fcn\u00fcm\u00fczde neye kar\u015f\u0131l\u0131k gelmektedir? Dinin toplumsal rol\u00fcne dair farkl\u0131 bak\u0131\u015f a\u00e7\u0131lar\u0131 nelerdir? Din d\u00fcnyan\u0131n g\u00fcncel sorunlar\u0131na ve bunlar\u0131n \u00e7\u00f6z\u00fcmlerine nas\u0131l bir yakla\u015f\u0131m sergiler? Din, insanlar\u0131n ya\u015fam\u0131nda \u00f6nde gelen bir role sahip. D\u00fcnyan\u0131n d\u00f6rt bir yan\u0131nda milyarlarca insan bir inanc\u0131 benimseyip ya\u015famlar\u0131n\u0131 buna g\u00f6re s\u00fcrd\u00fcr\u00fcr. Din, insanlar\u0131n bir\u00e7o\u011funun kim olduklar\u0131na ve kim olmak istediklerine dair tav\u0131rlar\u0131n\u0131 \u015fekillendirir. Ayr\u0131ca kimlerin \u00f6zel bir n\u00fcfuza sahip olup olmayaca\u011f\u0131na, kimlerin iktidara gelip gelmeyece\u011fine etki edebilir. Yahut bir yandan adaletsizli\u011fi kutsay\u0131p bir yandan da adaletsizlikle sava\u015f\u0131yor olabilir. Hukuku ve ekonomiyi etki alt\u0131na alabilir. \u00c7evreye zarar verilmesinde veya onun eski haline getirilmesinde pay sahibi olabilir. Dinler milyarlarca insan\u0131n ya\u015fama \u015fekli \u00fczerinde belirleyici bir rol oynar. Dolay\u0131s\u0131yla g\u00fcn\u00fcm\u00fczde insan ya\u015fam\u0131na dair bu \u00f6nemli etkeni anlamak daha b\u00fcy\u00fck bir \u00f6nem arz etmektedir. Yazar Thomas A. Tweed toplumdaki bu etkili ve kal\u0131c\u0131 g\u00fcc\u00fc incelerken eski insan topluluklar\u0131 aras\u0131nda dinin ilk i\u015faretleriyle ba\u015flay\u0131p modern bireylere ve g\u00fcn\u00fcm\u00fcz\u00fcn k\u00fcresel e\u011filimlerine dek ilerliyor. Thomas A. Tweed, d\u00fcnya \u00e7ap\u0131nda varl\u0131k g\u00f6steren din olgusunu ustal\u0131kla incelerken, onun silahl\u0131 \u00e7at\u0131\u015fmalardan iklim de\u011fi\u015fikli\u011fine kadar \u00e7a\u011fda\u015f siyasi ve \u00e7evresel sorunlar\u0131 hem \u015fiddetlendiren hem de yat\u0131\u015ft\u0131ran rol\u00fcn\u00fc ele al\u0131yor. Yazar, dinin tarihi rol\u00fc ve g\u00fcn\u00fcm\u00fcz d\u00fcnyas\u0131ndaki karma\u015f\u0131k i\u015flevi hakk\u0131nda tarafs\u0131z, \u00f6zl\u00fc bir genel bak\u0131\u015f sunuyor. <\/p>\n","protected":false},"excerpt":{"rendered":"<p>\u00c7a\u011fda\u015f d\u00fcnyada dinin k\u00fcresel varl\u0131\u011f\u0131 nedir? Din g\u00fcn\u00fcm\u00fczde neye kar\u015f\u0131l\u0131k gelmektedir? Dinin toplumsal rol\u00fcne dair farkl\u0131 bak\u0131\u015f a\u00e7\u0131lar\u0131 nelerdir? Din d\u00fcnyan\u0131n g\u00fcncel sorunlar\u0131na ve bunlar\u0131n \u00e7\u00f6z\u00fcmlerine<span class=\"excerpt-hellip\"> [\u2026]<\/span><\/p>\n","protected":false},"featured_media":0,"template":"","meta":{"_monsterinsights_skip_tracking":false,"_monsterinsights_sitenote_active":false,"_monsterinsights_sitenote_note":"","_monsterinsights_sitenote_category":0},"product_brand":[],"product_cat":[12718],"product_tag":[],"class_list":{"0":"post-763590","1":"product","2":"type-product","3":"status-publish","5":"product_cat-din","6":"pa_cilt-ciltsiz","7":"pa_tur-kitap","8":"pa_yayinevi-is-bankasi-kultur-yayinlari","9":"pa_yazar-thomas-a-tweed","11":"first","12":"instock","13":"sale","14":"shipping-taxable","15":"purchasable","16":"product-type-simple"},"_links":{"self":[{"href":"https:\/\/roveyayinevi.com.tr\/index.php\/wp-json\/wp\/v2\/product\/763590","targetHints":{"allow":["GET"]}}],"collection":[{"href":"https:\/\/roveyayinevi.com.tr\/index.php\/wp-json\/wp\/v2\/product"}],"about":[{"href":"https:\/\/roveyayinevi.com.tr\/index.php\/wp-json\/wp\/v2\/types\/product"}],"wp:attachment":[{"href":"https:\/\/roveyayinevi.com.tr\/index.php\/wp-json\/wp\/v2\/media?parent=763590"}],"wp:term":[{"taxonomy":"product_brand","embeddable":true,"href":"https:\/\/roveyayinevi.com.tr\/index.php\/wp-json\/wp\/v2\/product_brand?post=763590"},{"taxonomy":"product_cat","embeddable":true,"href":"https:\/\/roveyayinevi.com.tr\/index.php\/wp-json\/wp\/v2\/product_cat?post=763590"},{"taxonomy":"product_tag","embeddable":true,"href":"https:\/\/roveyayinevi.com.tr\/index.php\/wp-json\/wp\/v2\/product_tag?post=763590"}],"curies":[{"name":"wp","href":"https:\/\/api.w.org\/{rel}","templated":true}]}}