{"id":763584,"date":"2025-08-28T10:45:18","date_gmt":"2025-08-28T07:45:18","guid":{"rendered":"https:\/\/roveyayinevi.com.tr\/index.php\/urun\/feng-shui-2\/"},"modified":"2025-11-21T10:47:54","modified_gmt":"2025-11-21T07:47:54","slug":"feng-shui-2","status":"publish","type":"product","link":"https:\/\/roveyayinevi.com.tr\/index.php\/urun\/feng-shui-2\/","title":{"rendered":"Feng Shui"},"content":{"rendered":"<p>\u0130nsanlar ve do\u011fa aras\u0131ndaki i\u015fbirli\u011fi ilkelerine dayanan feng-shui, binalar\u0131n \u00e7ekicili\u011fini ve sakinlerinin refah\u0131n\u0131 art\u0131rd\u0131\u011f\u0131 bilinen peyzajla uyum i\u00e7inde bir ya\u015fam bi\u00e7imini te\u015fvik eder. \u00c7in\u2019de \u00e7al\u0131\u015fan bir misyoner olan Ernest J. Eitel, bu eski s\u00f6zl\u00fc gelene\u011fi ve onun Taoizm ve Budizm\u2019den antik k\u0131rsal b\u00fcy\u00fcye kadar geni\u015f bir d\u00fc\u015f\u00fcnce yelpazesini kapsayan felsefi k\u00f6kenlerini ilk elden \u00f6\u011frendi. 1873\u2019te Eitel, feng-shui \u00fczerine ilk kitab\u0131 yay\u0131mlad\u0131 ve Bat\u0131l\u0131lara, zihin ve beden i\u00e7in en uygun konforu elde etmek amac\u0131yla ya\u015fam alanlar\u0131n\u0131 d\u00fczenlemeye y\u00f6nelik ilkeli ama son derece esnek kurallar\u0131 tan\u0131tt\u0131. D\u00fcnyan\u0131n en \u00f6nemli denge ve yerle\u015ftirme sanat\u0131 \u201cFeng \u015eui\u201dnin eski \u00c7in\u2019deki geleneksel yorumunu bu e\u015fsiz eserde okuyacaks\u0131n\u0131z. Bu kitap, t\u00fcr\u00fcn\u00fcn ilk \u00f6rneklerinden biridir. <\/p>\n","protected":false},"excerpt":{"rendered":"<p>\u0130nsanlar ve do\u011fa aras\u0131ndaki i\u015fbirli\u011fi ilkelerine dayanan feng-shui, binalar\u0131n \u00e7ekicili\u011fini ve sakinlerinin refah\u0131n\u0131 art\u0131rd\u0131\u011f\u0131 bilinen peyzajla uyum i\u00e7inde bir ya\u015fam bi\u00e7imini te\u015fvik eder. \u00c7in\u2019de \u00e7al\u0131\u015fan bir<span class=\"excerpt-hellip\"> [\u2026]<\/span><\/p>\n","protected":false},"featured_media":0,"template":"","meta":{"_monsterinsights_skip_tracking":false,"_monsterinsights_sitenote_active":false,"_monsterinsights_sitenote_note":"","_monsterinsights_sitenote_category":0},"product_brand":[],"product_cat":[12364,12376],"product_tag":[],"class_list":{"0":"post-763584","1":"product","2":"type-product","3":"status-publish","5":"product_cat-genel-konular","6":"product_cat-kisisel-gelisim","7":"pa_cilt-ciltsiz","8":"pa_tur-kitap","9":"pa_yayinevi-yitik-ulke-yayinlari","10":"pa_yazar-ernest-j-eitel","12":"first","13":"instock","14":"sale","15":"shipping-taxable","16":"purchasable","17":"product-type-simple"},"_links":{"self":[{"href":"https:\/\/roveyayinevi.com.tr\/index.php\/wp-json\/wp\/v2\/product\/763584","targetHints":{"allow":["GET"]}}],"collection":[{"href":"https:\/\/roveyayinevi.com.tr\/index.php\/wp-json\/wp\/v2\/product"}],"about":[{"href":"https:\/\/roveyayinevi.com.tr\/index.php\/wp-json\/wp\/v2\/types\/product"}],"wp:attachment":[{"href":"https:\/\/roveyayinevi.com.tr\/index.php\/wp-json\/wp\/v2\/media?parent=763584"}],"wp:term":[{"taxonomy":"product_brand","embeddable":true,"href":"https:\/\/roveyayinevi.com.tr\/index.php\/wp-json\/wp\/v2\/product_brand?post=763584"},{"taxonomy":"product_cat","embeddable":true,"href":"https:\/\/roveyayinevi.com.tr\/index.php\/wp-json\/wp\/v2\/product_cat?post=763584"},{"taxonomy":"product_tag","embeddable":true,"href":"https:\/\/roveyayinevi.com.tr\/index.php\/wp-json\/wp\/v2\/product_tag?post=763584"}],"curies":[{"name":"wp","href":"https:\/\/api.w.org\/{rel}","templated":true}]}}