{"id":763583,"date":"2025-08-28T10:45:15","date_gmt":"2025-08-28T07:45:15","guid":{"rendered":"https:\/\/roveyayinevi.com.tr\/index.php\/urun\/hayat-imkansiz\/"},"modified":"2026-04-15T03:28:47","modified_gmt":"2026-04-15T00:28:47","slug":"hayat-imkansiz","status":"publish","type":"product","link":"https:\/\/roveyayinevi.com.tr\/index.php\/urun\/hayat-imkansiz\/","title":{"rendered":"Hayat \u0130mkans\u0131z"},"content":{"rendered":"<p>GECE YARISI K\u00dcT\u00dcPHANES\u0130\u2019N\u0130N YAZARINDAN   Bazen bize sihir gibi g\u00f6r\u00fcnen \u015fey, ya\u015fam\u0131n hen\u00fcz anlayamad\u0131\u011f\u0131m\u0131z bir par\u00e7as\u0131d\u0131r\u2026 Grace Winters hayata k\u00fcsm\u00fc\u015f emekli bir matematik \u00f6\u011fretmeni. G\u00fcnlerini televizyon izleyip kitap okuyarak, beyninin k\u00f6relmemesi i\u00e7in bulmaca \u00e7\u00f6zerek ge\u00e7iriyor. Bir zamanlar \u00fcst\u00fcne titredi\u011fi bah\u00e7esine bile ilgisini kaybetmi\u015f. Yaln\u0131z, yapayaln\u0131z hissediyor. Y\u0131llard\u0131r g\u00f6rmedi\u011fi ve haber almay\u0131 beklemedi\u011fi bir arkada\u015f\u0131n\u0131n ona bir Akdeniz adas\u0131ndaki k\u00f6hne evini miras b\u0131rakt\u0131\u011f\u0131n\u0131 \u00f6\u011frenince, Grace bir plan\u0131 ya da cebinde bir ada rehberi olmadan, akl\u0131nda sorular ve tek y\u00f6n u\u00e7ak biletiyle, kendini \u0130biza\u2019da buluyor. &#8220;Neden ben? Neden bu ev?&#8221; Arkada\u015f\u0131n\u0131n hayat\u0131na \u2212ve \u00f6l\u00fcm\u00fcne\u2212 dair cevaplar \u0130biza\u2019n\u0131n engebeli tepeleri ile alt\u0131n kumsallar\u0131 aras\u0131nda gizli. Par\u00e7a par\u00e7a bulabildikleri ise en u\u00e7uk hayal g\u00fcc\u00fcn\u00fcn s\u0131n\u0131rlar\u0131n\u0131 zorlayacak kadar tuhaf. Ve imk\u00e2ns\u0131z gibi duran b\u00fct\u00fcn\u00fc g\u00f6rebilmek i\u00e7in Grace, \u00f6nce kendi ge\u00e7mi\u015fiyle y\u00fczle\u015fmek zorunda. D\u00fcnya \u00e7ap\u0131nda bir yay\u0131nc\u0131l\u0131k hadisesine d\u00f6n\u00fc\u015fen Gece Yar\u0131s\u0131 K\u00fct\u00fcphanesi\u2019nin yazar\u0131ndan umudun ve yeni ba\u015flang\u0131\u00e7lar\u0131n d\u00f6n\u00fc\u015ft\u00fcr\u00fcc\u00fc g\u00fcc\u00fcne dair enfes bir roman.   &#8220;\u0130nsan olman\u0131n en g\u00fczel yanlar\u0131na n\u00fcktedan ve \u015fefkatli bir a\u015fk mektubu.&#8221; \u2013Benedict Cumberbatch   &#8220;Haig\u2019in fantastik bir d\u00fcnyan\u0131n kap\u0131lar\u0131n\u0131 aralad\u0131\u011f\u0131 ak\u0131l dolu ve dokunakl\u0131 roman\u0131, hem bir gizem hem bir a\u015fk hik\u00e2yesi. Hayat\u0131 t\u00fcm zenginli\u011fiyle takdir etmenin m\u00fcmk\u00fcn oldu\u011funu g\u00f6steriyor.&#8221; \u2013Guardian <\/p>\n","protected":false},"excerpt":{"rendered":"<p>GECE YARISI K\u00dcT\u00dcPHANES\u0130\u2019N\u0130N YAZARINDAN Bazen bize sihir gibi g\u00f6r\u00fcnen \u015fey, ya\u015fam\u0131n hen\u00fcz anlayamad\u0131\u011f\u0131m\u0131z bir par\u00e7as\u0131d\u0131r\u2026 Grace Winters hayata k\u00fcsm\u00fc\u015f emekli bir matematik \u00f6\u011fretmeni. G\u00fcnlerini televizyon izleyip<span class=\"excerpt-hellip\"> [\u2026]<\/span><\/p>\n","protected":false},"featured_media":0,"template":"","meta":{"_monsterinsights_skip_tracking":false,"_monsterinsights_sitenote_active":false,"_monsterinsights_sitenote_note":"","_monsterinsights_sitenote_category":0},"product_brand":[],"product_cat":[12291,12711],"product_tag":[],"class_list":{"0":"post-763583","1":"product","2":"type-product","3":"status-publish","5":"product_cat-edebiyat","6":"product_cat-roman-oyku","7":"pa_cilt-ciltsiz","8":"pa_tur-kitap","9":"pa_yayinevi-domingo-yayinevi","10":"pa_yazar-matt-haig","12":"first","13":"instock","14":"sale","15":"shipping-taxable","16":"purchasable","17":"product-type-simple"},"_links":{"self":[{"href":"https:\/\/roveyayinevi.com.tr\/index.php\/wp-json\/wp\/v2\/product\/763583","targetHints":{"allow":["GET"]}}],"collection":[{"href":"https:\/\/roveyayinevi.com.tr\/index.php\/wp-json\/wp\/v2\/product"}],"about":[{"href":"https:\/\/roveyayinevi.com.tr\/index.php\/wp-json\/wp\/v2\/types\/product"}],"wp:attachment":[{"href":"https:\/\/roveyayinevi.com.tr\/index.php\/wp-json\/wp\/v2\/media?parent=763583"}],"wp:term":[{"taxonomy":"product_brand","embeddable":true,"href":"https:\/\/roveyayinevi.com.tr\/index.php\/wp-json\/wp\/v2\/product_brand?post=763583"},{"taxonomy":"product_cat","embeddable":true,"href":"https:\/\/roveyayinevi.com.tr\/index.php\/wp-json\/wp\/v2\/product_cat?post=763583"},{"taxonomy":"product_tag","embeddable":true,"href":"https:\/\/roveyayinevi.com.tr\/index.php\/wp-json\/wp\/v2\/product_tag?post=763583"}],"curies":[{"name":"wp","href":"https:\/\/api.w.org\/{rel}","templated":true}]}}