{"id":763578,"date":"2025-08-28T10:45:08","date_gmt":"2025-08-28T07:45:08","guid":{"rendered":"https:\/\/roveyayinevi.com.tr\/index.php\/urun\/tepetaklak-2\/"},"modified":"2026-04-15T03:28:47","modified_gmt":"2026-04-15T00:28:47","slug":"tepetaklak-2","status":"publish","type":"product","link":"https:\/\/roveyayinevi.com.tr\/index.php\/urun\/tepetaklak-2\/","title":{"rendered":"Tepetaklak"},"content":{"rendered":"<p>Bir hata yapma rehberinizin olmas\u0131n\u0131 ister miydiniz? Sizi daha mutlu, daha az kayg\u0131l\u0131, daha ba\u015far\u0131l\u0131 ve kendinizle daha bar\u0131\u015f\u0131k k\u0131lacak bir rehber. \u00dcstelik bu i\u015fin anahtar\u0131 da BA\u015eARISIZLIK olacak! TEPETAKLAK Gen\u00e7ler i\u00e7in Hata Yapma Sanat\u0131, hayat\u0131n planland\u0131\u011f\u0131 gibi gitmedi\u011fi anlara ilham ve gu\u0308\u00e7 veren bir rehberdir. \u00d6du\u0308llu\u0308 podcast&#8217;i How to Fail&#8217;da konuklar\u0131n\u0131n payla\u015ft\u0131\u011f\u0131 ki\u015fisel deneyimleri ve hik\u00e2yeleri anlatan ELIZABETH DAY\u2019in kitab\u0131 ba\u015far\u0131s\u0131zl\u0131k hakk\u0131nda a\u00e7\u0131k\u00e7a konu\u015fman\u0131z\u0131, ba\u015far\u0131s\u0131zl\u0131\u011f\u0131 ba\u015far\u0131ya d\u00f6nu\u0308\u015ftu\u0308rmenizi, hayat size ters k\u00f6\u015fe yapt\u0131\u011f\u0131nda dayan\u0131kl\u0131 olman\u0131z\u0131 ve&#8230; kendinizle ilgili olumsuz du\u0308\u015fu\u0308nceleri yeniden de\u011ferlendirmenizi sa\u011fl\u0131yor.   Elizabeth Day\u2019in yeti\u015fkin bask\u0131s\u0131ndan uyarlanan ve yeniden bas\u0131lan bu kitapta kendinizi yeniden HAR\u0130KA bir insan olarak sevmenin anahtar\u0131n\u0131 bulacaks\u0131n\u0131z. <\/p>\n","protected":false},"excerpt":{"rendered":"<p>Bir hata yapma rehberinizin olmas\u0131n\u0131 ister miydiniz? Sizi daha mutlu, daha az kayg\u0131l\u0131, daha ba\u015far\u0131l\u0131 ve kendinizle daha bar\u0131\u015f\u0131k k\u0131lacak bir rehber. \u00dcstelik bu i\u015fin anahtar\u0131<span class=\"excerpt-hellip\"> [\u2026]<\/span><\/p>\n","protected":false},"featured_media":0,"template":"","meta":{"_monsterinsights_skip_tracking":false,"_monsterinsights_sitenote_active":false,"_monsterinsights_sitenote_note":"","_monsterinsights_sitenote_category":0},"product_brand":[],"product_cat":[12364,12376],"product_tag":[],"class_list":{"0":"post-763578","1":"product","2":"type-product","3":"status-publish","5":"product_cat-genel-konular","6":"product_cat-kisisel-gelisim","7":"pa_cilt-ciltsiz","8":"pa_tur-kitap","9":"pa_yayinevi-dinozor-cocuk","10":"pa_yazar-elizabeth-day","12":"first","13":"instock","14":"sale","15":"shipping-taxable","16":"purchasable","17":"product-type-simple"},"_links":{"self":[{"href":"https:\/\/roveyayinevi.com.tr\/index.php\/wp-json\/wp\/v2\/product\/763578","targetHints":{"allow":["GET"]}}],"collection":[{"href":"https:\/\/roveyayinevi.com.tr\/index.php\/wp-json\/wp\/v2\/product"}],"about":[{"href":"https:\/\/roveyayinevi.com.tr\/index.php\/wp-json\/wp\/v2\/types\/product"}],"wp:attachment":[{"href":"https:\/\/roveyayinevi.com.tr\/index.php\/wp-json\/wp\/v2\/media?parent=763578"}],"wp:term":[{"taxonomy":"product_brand","embeddable":true,"href":"https:\/\/roveyayinevi.com.tr\/index.php\/wp-json\/wp\/v2\/product_brand?post=763578"},{"taxonomy":"product_cat","embeddable":true,"href":"https:\/\/roveyayinevi.com.tr\/index.php\/wp-json\/wp\/v2\/product_cat?post=763578"},{"taxonomy":"product_tag","embeddable":true,"href":"https:\/\/roveyayinevi.com.tr\/index.php\/wp-json\/wp\/v2\/product_tag?post=763578"}],"curies":[{"name":"wp","href":"https:\/\/api.w.org\/{rel}","templated":true}]}}