{"id":763574,"date":"2025-08-28T10:45:03","date_gmt":"2025-08-28T07:45:03","guid":{"rendered":"https:\/\/roveyayinevi.com.tr\/index.php\/urun\/hayat-kisa\/"},"modified":"2026-04-08T03:26:02","modified_gmt":"2026-04-08T00:26:02","slug":"hayat-kisa","status":"publish","type":"product","link":"https:\/\/roveyayinevi.com.tr\/index.php\/urun\/hayat-kisa\/","title":{"rendered":"Hayat K\u0131sa"},"content":{"rendered":"<p>Zaman\u0131n en b\u00fcy\u00fck para birimi oldu\u011fu ve ald\u0131\u011f\u0131m\u0131z her nefesin bizi ka\u00e7\u0131n\u0131lmaz sona yakla\u015ft\u0131rd\u0131\u011f\u0131 bir d\u00fcnyada anlaml\u0131 bir hayat ya\u015famak m\u00fcmk\u00fcn m\u00fc?   Dean Rickles, bu k\u0131sa ve \u00f6z kitab\u0131nda, her nefesimizin bizi kendi sonlulu\u011fumuzla y\u00fczle\u015ftirmesine ra\u011fmen h\u00e2l\u00e2 nas\u0131l devam etmeye de\u011fer bir ya\u015fam in\u015fa edebilece\u011fimizin izlerini s\u00fcr\u00fcyor. Ya\u015fam\u0131n b\u00fct\u00fcn ge\u00e7icili\u011fiyle kucaklanabilmesinin yolunun \u00f6l\u00fcm fikrini ondan ay\u0131rmamakla m\u00fcmk\u00fcn oldu\u011funu ileri s\u00fcren Rickles, hepimizin kayg\u0131land\u0131\u011f\u0131 hayat\u0131n anlam\u0131 sorusunu, tam da onun s\u0131n\u0131rl\u0131l\u0131\u011f\u0131 ve sonlulu\u011fuyla cevapl\u0131yor. Hayat K\u0131sa, otantik bir anlam\u0131n ise buradan do\u011facak bir zaman kavray\u0131\u015f\u0131yla nas\u0131l \u015fekillenece\u011finin anahtar\u0131n\u0131 sunuyor okuruna. Kendi \u00f6l\u00fcml\u00fcl\u00fc\u011f\u00fcn\u00fcn fark\u0131nda canl\u0131lar olarak ya\u015fad\u0131\u011f\u0131m\u0131z kayg\u0131lar\u0131n, modern d\u00fcnyan\u0131n h\u0131z\u0131yla iyice ivme kazand\u0131\u011f\u0131 bir zaman\u0131n kitab\u0131d\u0131r Hayat K\u0131sa. Yazar, se\u00e7im yapman\u0131n da t\u0131pk\u0131 \u00f6lmek gibi, ya\u015fayaca\u011f\u0131m\u0131z ba\u015fka senaryolar\u0131n ortadan kald\u0131r\u0131lmas\u0131 s\u0131ras\u0131nda deneyimledi\u011fimiz karars\u0131zl\u0131k oldu\u011funa odaklan\u0131yor. \u00d6l\u00fcm korkusuna benzer bir kayg\u0131yla hi\u00e7bir se\u00e7enekten vazge\u00e7meyerek s\u00f6z konusu olanaklar\u0131 b\u00fct\u00fcn hayatlar\u0131na yayabilmek i\u00e7in s\u00fcrekli bir karars\u0131zl\u0131k i\u00e7erisinde ya\u015fama e\u011filimi kar\u015f\u0131s\u0131nda, nas\u0131l bu tuzaklara d\u00fc\u015fmeden anlaml\u0131 bir hayat in\u015fa edebilece\u011fimizin yollar\u0131n\u0131 ar\u0131yor. Rickles bu tuzaklardan ka\u00e7arken yer yer Stoa felsefesinin kavramlar\u0131ndan ve d\u00fc\u015f\u00fcnme bi\u00e7imlerinden de yararlan\u0131yor.   Hayat K\u0131sa, ne kadar az vaktimizin kald\u0131\u011f\u0131n\u0131 de\u011fil de hayatlar\u0131m\u0131z\u0131 anlamland\u0131rmak i\u00e7in asl\u0131nda hi\u00e7 vaktimizin olmad\u0131\u011f\u0131n\u0131 bize g\u00f6stererek her an\u0131n yarat\u0131c\u0131 g\u00fcc\u00fcn\u00fc hat\u0131rlamam\u0131z\u0131 sa\u011fl\u0131yor. <\/p>\n","protected":false},"excerpt":{"rendered":"<p>Zaman\u0131n en b\u00fcy\u00fck para birimi oldu\u011fu ve ald\u0131\u011f\u0131m\u0131z her nefesin bizi ka\u00e7\u0131n\u0131lmaz sona yakla\u015ft\u0131rd\u0131\u011f\u0131 bir d\u00fcnyada anlaml\u0131 bir hayat ya\u015famak m\u00fcmk\u00fcn m\u00fc? Dean Rickles, bu k\u0131sa<span class=\"excerpt-hellip\"> [\u2026]<\/span><\/p>\n","protected":false},"featured_media":0,"template":"","meta":{"_monsterinsights_skip_tracking":false,"_monsterinsights_sitenote_active":false,"_monsterinsights_sitenote_note":"","_monsterinsights_sitenote_category":0},"product_brand":[],"product_cat":[12364,12376],"product_tag":[],"class_list":{"0":"post-763574","1":"product","2":"type-product","3":"status-publish","5":"product_cat-genel-konular","6":"product_cat-kisisel-gelisim","7":"pa_cilt-ciltsiz","8":"pa_tur-kitap","9":"pa_yayinevi-ayrinti-yayinlari","10":"pa_yazar-dean-rickles","12":"first","13":"instock","14":"sale","15":"shipping-taxable","16":"purchasable","17":"product-type-simple"},"_links":{"self":[{"href":"https:\/\/roveyayinevi.com.tr\/index.php\/wp-json\/wp\/v2\/product\/763574","targetHints":{"allow":["GET"]}}],"collection":[{"href":"https:\/\/roveyayinevi.com.tr\/index.php\/wp-json\/wp\/v2\/product"}],"about":[{"href":"https:\/\/roveyayinevi.com.tr\/index.php\/wp-json\/wp\/v2\/types\/product"}],"wp:attachment":[{"href":"https:\/\/roveyayinevi.com.tr\/index.php\/wp-json\/wp\/v2\/media?parent=763574"}],"wp:term":[{"taxonomy":"product_brand","embeddable":true,"href":"https:\/\/roveyayinevi.com.tr\/index.php\/wp-json\/wp\/v2\/product_brand?post=763574"},{"taxonomy":"product_cat","embeddable":true,"href":"https:\/\/roveyayinevi.com.tr\/index.php\/wp-json\/wp\/v2\/product_cat?post=763574"},{"taxonomy":"product_tag","embeddable":true,"href":"https:\/\/roveyayinevi.com.tr\/index.php\/wp-json\/wp\/v2\/product_tag?post=763574"}],"curies":[{"name":"wp","href":"https:\/\/api.w.org\/{rel}","templated":true}]}}