{"id":763571,"date":"2025-08-28T10:44:58","date_gmt":"2025-08-28T07:44:58","guid":{"rendered":"https:\/\/roveyayinevi.com.tr\/index.php\/urun\/21-gunde-ustalas-para-miknatisi\/"},"modified":"2026-04-15T03:28:46","modified_gmt":"2026-04-15T00:28:46","slug":"21-gunde-ustalas-para-miknatisi","status":"publish","type":"product","link":"https:\/\/roveyayinevi.com.tr\/index.php\/urun\/21-gunde-ustalas-para-miknatisi\/","title":{"rendered":"21 Gu\u0308nde Ustala\u015f &#8211; Para M\u0131knat\u0131s\u0131"},"content":{"rendered":"<p>21 G\u00fcndeYepyeniBilgilerleKendiniziDaha\u0130yi Tan\u0131mayaHaz\u0131rm\u0131s\u0131n\u0131z? Ara\u015ft\u0131rmalar, hayat\u0131m\u0131zda yeni olan bir \u015feyin al\u0131\u015fkanl\u0131\u011fa d\u00f6n\u00fc\u015fmesi i\u00e7in 21 g\u00fcne ihtiya\u00e7 duydu\u011fumuzu g\u00f6steriyor. Merak etti\u011finiz konularla ilgili her g\u00fcn yeni bir bilgi \u00f6\u011frenerek spirit\u00fcel ilgi alanlar\u0131n\u0131z\u0131 geni\u015fletmeye ne dersiniz? Bolluk ile ilgili \u015fans\u0131n\u0131z\u0131n d\u00f6nmesini ve paraya dair olumsuz kal\u0131plar\u0131 k\u0131rabilmeyi ister miydiniz? Hepimiz bolluk i\u00e7inde ve g\u00fcvende hissederek ya\u015famak istiyoruz ancak \u00e7o\u011fumuz i\u00e7in bu, ula\u015f\u0131lmas\u0131 g\u00fc\u00e7 bir hayal olarak kal\u0131yor. Marie-Claire Carlyle\u2019\u0131n haz\u0131rlad\u0131\u011f\u0131 bu rehber ile finansal \u00f6zg\u00fcrl\u00fc\u011fe giden yolu ke\u015ffedebilir ve bir para m\u0131knat\u0131s\u0131na d\u00f6n\u00fc\u015febilirsiniz! 21 G\u00fcnde Ustala\u015f Serisi\u2019nin ikinci kitab\u0131 Para M\u0131knat\u0131s\u0131, hayat\u0131n\u0131zda bolluk ve para ile ilgili negatif inan\u00e7lar\u0131n\u0131z\u0131 ke\u015ffetmeniz ve d\u00f6n\u00fc\u015ft\u00fcrmeniz, ad\u0131m ad\u0131m kendiniz i\u00e7in yeni kaynaklar yaratman\u0131z ve hayalinizdeki hayat\u0131 ya\u015famaya ba\u015flaman\u0131z i\u00e7in harika bir yol arkada\u015f\u0131. Para zaten orada. Sizi zengin olmaktan al\u0131koyan tek \u015fey S\u0130ZS\u0130N\u0130Z. Yeterince iyi olmad\u0131\u011f\u0131n\u0131z inanc\u0131ndan vazge\u00e7mek, hayallerinizdeki ya\u015fama a\u00e7\u0131lan kap\u0131d\u0131r. Marie-Claire Carlyle <\/p>\n","protected":false},"excerpt":{"rendered":"<p>21 G\u00fcndeYepyeniBilgilerleKendiniziDaha\u0130yi Tan\u0131mayaHaz\u0131rm\u0131s\u0131n\u0131z? Ara\u015ft\u0131rmalar, hayat\u0131m\u0131zda yeni olan bir \u015feyin al\u0131\u015fkanl\u0131\u011fa d\u00f6n\u00fc\u015fmesi i\u00e7in 21 g\u00fcne ihtiya\u00e7 duydu\u011fumuzu g\u00f6steriyor. Merak etti\u011finiz konularla ilgili her g\u00fcn yeni bir bilgi<span class=\"excerpt-hellip\"> [\u2026]<\/span><\/p>\n","protected":false},"featured_media":0,"template":"","meta":{"_monsterinsights_skip_tracking":false,"_monsterinsights_sitenote_active":false,"_monsterinsights_sitenote_note":"","_monsterinsights_sitenote_category":0},"product_brand":[],"product_cat":[12364,12376],"product_tag":[],"class_list":{"0":"post-763571","1":"product","2":"type-product","3":"status-publish","5":"product_cat-genel-konular","6":"product_cat-kisisel-gelisim","7":"pa_cilt-ciltsiz","8":"pa_tur-kitap","9":"pa_yayinevi-omega","10":"pa_yazar-marie-claire-carlyle","12":"first","13":"instock","14":"sale","15":"shipping-taxable","16":"purchasable","17":"product-type-simple"},"_links":{"self":[{"href":"https:\/\/roveyayinevi.com.tr\/index.php\/wp-json\/wp\/v2\/product\/763571","targetHints":{"allow":["GET"]}}],"collection":[{"href":"https:\/\/roveyayinevi.com.tr\/index.php\/wp-json\/wp\/v2\/product"}],"about":[{"href":"https:\/\/roveyayinevi.com.tr\/index.php\/wp-json\/wp\/v2\/types\/product"}],"wp:attachment":[{"href":"https:\/\/roveyayinevi.com.tr\/index.php\/wp-json\/wp\/v2\/media?parent=763571"}],"wp:term":[{"taxonomy":"product_brand","embeddable":true,"href":"https:\/\/roveyayinevi.com.tr\/index.php\/wp-json\/wp\/v2\/product_brand?post=763571"},{"taxonomy":"product_cat","embeddable":true,"href":"https:\/\/roveyayinevi.com.tr\/index.php\/wp-json\/wp\/v2\/product_cat?post=763571"},{"taxonomy":"product_tag","embeddable":true,"href":"https:\/\/roveyayinevi.com.tr\/index.php\/wp-json\/wp\/v2\/product_tag?post=763571"}],"curies":[{"name":"wp","href":"https:\/\/api.w.org\/{rel}","templated":true}]}}