{"id":763569,"date":"2025-08-28T10:44:56","date_gmt":"2025-08-28T07:44:56","guid":{"rendered":"https:\/\/roveyayinevi.com.tr\/index.php\/urun\/adan-zye-anatomi\/"},"modified":"2026-04-15T03:28:46","modified_gmt":"2026-04-15T00:28:46","slug":"adan-zye-anatomi","status":"publish","type":"product","link":"https:\/\/roveyayinevi.com.tr\/index.php\/urun\/adan-zye-anatomi\/","title":{"rendered":"A\u2019dan Z\u2019ye Anatomi"},"content":{"rendered":"<p>Hepimizde bir tane var. \u0130nsan v\u00fccudu. Ancak onun t\u00fcm par\u00e7alar\u0131n\u0131 ve nas\u0131l \u00e7al\u0131\u015ft\u0131\u011f\u0131n\u0131 ger\u00e7ekten biliyor muyuz? Anatomi bilgisi, yaln\u0131zca sa\u011fl\u0131k profesyonelleri i\u00e7in de\u011fil, hepimiz i\u00e7in vazge\u00e7ilmez bir yerdedir. Organ sistemlerinin b\u00fcy\u00fcleyici labirentini takip ederken, v\u00fccudumuzun hareket etme, nefes alma, yemek yeme ve hastal\u0131klarla sava\u015fma gibi en temel ve rutin \u015feyler i\u00e7in bile ne kadar \u00e7ok \u015fey yapt\u0131\u011f\u0131n\u0131 anatomi bilgisi sayesinde anlar\u0131z. A\u2019dan Z\u2019ye Anatomi\u2019nin detayl\u0131 yap\u0131s\u0131, v\u00fccudunuzun t\u00fcm bu karma\u015f\u0131k i\u015fleyi\u015fine \u0131\u015f\u0131k tutuyor. \u0130skelet, kas, sinir, duyu, endokrin, solunum, idrar ve \u00fcreme sistemleri \u00fczerine kapsaml\u0131 b\u00f6l\u00fcmler sunarken, ciddi ger\u00e7eklerle birlikte b\u00fcy\u00fcleyici bilgileri de bir araya getirerek, insan v\u00fccudu hakk\u0131nda 1.200\u2019den fazla soruya yan\u0131t veriyor: \u2022 Hipokrat ve Galen kimlerdi? \u2022 Bilinen en eski a\u015f\u0131 neydi? \u2022 \u0130nsan v\u00fccudundaki \u00e7e\u015fitli h\u00fccrelerin ortalama \u00f6mr\u00fc nedir? \u2022 Damarlardaki kan neden mavi g\u00f6r\u00fcn\u00fcr? \u2022 Ba\u015fka bir kemi\u011fe dokunmayan tek kemik hangisidir? \u2022 \u201cGluten intolerans\u0131\u201d nedir? \u2022 Bir bireyin ne kadar uykuya ihtiyac\u0131 vard\u0131r? 120\u2019ye yak\u0131n ill\u00fcstrasyon, ayr\u0131nt\u0131l\u0131 t\u0131bbi \u00e7izelgeler ve foto\u011fraflarla birlikte A\u2019dan Z\u2019ye Anatomi, konuya, bilimin tarihsel geli\u015fimine, ara\u015ft\u0131rmalar\u0131n arkas\u0131ndaki ki\u015filiklere, en son tart\u0131\u015fmalara ve bilimsel ilerlemelere ilgi \u00e7ekici bir bak\u0131\u015f sunarken; v\u00fccudunu anlamak, anatominin derin ve detayl\u0131 d\u00fcnyas\u0131na girmek isteyenler i\u00e7in kesinlikle do\u011fru bir tercih. <\/p>\n","protected":false},"excerpt":{"rendered":"<p>Hepimizde bir tane var. \u0130nsan v\u00fccudu. Ancak onun t\u00fcm par\u00e7alar\u0131n\u0131 ve nas\u0131l \u00e7al\u0131\u015ft\u0131\u011f\u0131n\u0131 ger\u00e7ekten biliyor muyuz? Anatomi bilgisi, yaln\u0131zca sa\u011fl\u0131k profesyonelleri i\u00e7in de\u011fil, hepimiz i\u00e7in vazge\u00e7ilmez<span class=\"excerpt-hellip\"> [\u2026]<\/span><\/p>\n","protected":false},"featured_media":0,"template":"","meta":{"_monsterinsights_skip_tracking":false,"_monsterinsights_sitenote_active":false,"_monsterinsights_sitenote_note":"","_monsterinsights_sitenote_category":0},"product_brand":[],"product_cat":[13005],"product_tag":[],"class_list":{"0":"post-763569","1":"product","2":"type-product","3":"status-publish","5":"product_cat-bilim-muhendislik","6":"pa_cilt-ciltsiz","7":"pa_tur-kitap","8":"pa_yayinevi-say-yayinlari","9":"pa_yazar-patricia-barnes-svarney-thomas-e-svarney","11":"first","12":"instock","13":"sale","14":"shipping-taxable","15":"purchasable","16":"product-type-simple"},"_links":{"self":[{"href":"https:\/\/roveyayinevi.com.tr\/index.php\/wp-json\/wp\/v2\/product\/763569","targetHints":{"allow":["GET"]}}],"collection":[{"href":"https:\/\/roveyayinevi.com.tr\/index.php\/wp-json\/wp\/v2\/product"}],"about":[{"href":"https:\/\/roveyayinevi.com.tr\/index.php\/wp-json\/wp\/v2\/types\/product"}],"wp:attachment":[{"href":"https:\/\/roveyayinevi.com.tr\/index.php\/wp-json\/wp\/v2\/media?parent=763569"}],"wp:term":[{"taxonomy":"product_brand","embeddable":true,"href":"https:\/\/roveyayinevi.com.tr\/index.php\/wp-json\/wp\/v2\/product_brand?post=763569"},{"taxonomy":"product_cat","embeddable":true,"href":"https:\/\/roveyayinevi.com.tr\/index.php\/wp-json\/wp\/v2\/product_cat?post=763569"},{"taxonomy":"product_tag","embeddable":true,"href":"https:\/\/roveyayinevi.com.tr\/index.php\/wp-json\/wp\/v2\/product_tag?post=763569"}],"curies":[{"name":"wp","href":"https:\/\/api.w.org\/{rel}","templated":true}]}}