{"id":763566,"date":"2025-08-28T10:44:50","date_gmt":"2025-08-28T07:44:50","guid":{"rendered":"https:\/\/roveyayinevi.com.tr\/index.php\/urun\/kodlamada-ilk-adimlar-ayristirma-nedir\/"},"modified":"2026-04-15T03:28:46","modified_gmt":"2026-04-15T00:28:46","slug":"kodlamada-ilk-adimlar-ayristirma-nedir","status":"publish","type":"product","link":"https:\/\/roveyayinevi.com.tr\/index.php\/urun\/kodlamada-ilk-adimlar-ayristirma-nedir\/","title":{"rendered":"Kodlamada \u0130lk Ad\u0131mlar &#8211; Ayr\u0131\u015ft\u0131rma Nedir?"},"content":{"rendered":"<p>STEM K\u00dcT\u00dcPHANES\u0130Hey, s\u00fcper kodlay\u0131c\u0131lar!   \u015eimdi ayr\u0131\u015ft\u0131rmada bir maceraya at\u0131lman\u0131n tam s\u0131ras\u0131 ve i\u015fin en g\u00fczel taraf\u0131 da bunu ekran ba\u015f\u0131nda oturmadan yapacaks\u0131n\u0131z! Siz de rock m\u00fczik maceras\u0131nda Volt ve grubuna kat\u0131l\u0131n.Kodlamada \u0130lk Ad\u0131mlar kitaplar\u0131 kodlama kavramlar\u0131na giri\u015f niteli\u011findedir. Ayr\u0131\u015ft\u0131rma ve hata ay\u0131klama gibi temel becerilerin yan\u0131 s\u0131ra ele\u015ftirel d\u00fc\u015f\u00fcnme al\u0131\u015fkanl\u0131\u011f\u0131n\u0131 kazanan \u00e7ocuklar uzman birer kodlay\u0131c\u0131 olma yolculuklar\u0131nda ilk ad\u0131mlar\u0131n\u0131 atacakt\u0131r. <\/p>\n","protected":false},"excerpt":{"rendered":"<p>STEM K\u00dcT\u00dcPHANES\u0130Hey, s\u00fcper kodlay\u0131c\u0131lar! \u015eimdi ayr\u0131\u015ft\u0131rmada bir maceraya at\u0131lman\u0131n tam s\u0131ras\u0131 ve i\u015fin en g\u00fczel taraf\u0131 da bunu ekran ba\u015f\u0131nda oturmadan yapacaks\u0131n\u0131z! Siz de rock m\u00fczik<span class=\"excerpt-hellip\"> [\u2026]<\/span><\/p>\n","protected":false},"featured_media":0,"template":"","meta":{"_monsterinsights_skip_tracking":false,"_monsterinsights_sitenote_active":false,"_monsterinsights_sitenote_note":"","_monsterinsights_sitenote_category":0},"product_brand":[],"product_cat":[13829,12274],"product_tag":[],"class_list":{"0":"post-763566","1":"product","2":"type-product","3":"status-publish","5":"product_cat-bilimsel-kitaplar","6":"product_cat-cocuk-ve-genclik-kitaplari","7":"pa_cilt-ciltsiz","8":"pa_tur-kitap","9":"pa_yayinevi-koc-universitesi-yayinlari","10":"pa_yazar-kaitlyn-siu","12":"first","13":"instock","14":"sale","15":"shipping-taxable","16":"purchasable","17":"product-type-simple"},"_links":{"self":[{"href":"https:\/\/roveyayinevi.com.tr\/index.php\/wp-json\/wp\/v2\/product\/763566","targetHints":{"allow":["GET"]}}],"collection":[{"href":"https:\/\/roveyayinevi.com.tr\/index.php\/wp-json\/wp\/v2\/product"}],"about":[{"href":"https:\/\/roveyayinevi.com.tr\/index.php\/wp-json\/wp\/v2\/types\/product"}],"wp:attachment":[{"href":"https:\/\/roveyayinevi.com.tr\/index.php\/wp-json\/wp\/v2\/media?parent=763566"}],"wp:term":[{"taxonomy":"product_brand","embeddable":true,"href":"https:\/\/roveyayinevi.com.tr\/index.php\/wp-json\/wp\/v2\/product_brand?post=763566"},{"taxonomy":"product_cat","embeddable":true,"href":"https:\/\/roveyayinevi.com.tr\/index.php\/wp-json\/wp\/v2\/product_cat?post=763566"},{"taxonomy":"product_tag","embeddable":true,"href":"https:\/\/roveyayinevi.com.tr\/index.php\/wp-json\/wp\/v2\/product_tag?post=763566"}],"curies":[{"name":"wp","href":"https:\/\/api.w.org\/{rel}","templated":true}]}}