{"id":763565,"date":"2025-08-28T10:44:47","date_gmt":"2025-08-28T07:44:47","guid":{"rendered":"https:\/\/roveyayinevi.com.tr\/index.php\/urun\/kodlamada-ilk-adimlar-dongu-nedir\/"},"modified":"2026-04-15T03:28:46","modified_gmt":"2026-04-15T00:28:46","slug":"kodlamada-ilk-adimlar-dongu-nedir","status":"publish","type":"product","link":"https:\/\/roveyayinevi.com.tr\/index.php\/urun\/kodlamada-ilk-adimlar-dongu-nedir\/","title":{"rendered":"Kodlamada \u0130lk Ad\u0131mlar &#8211; D\u00f6ng\u00fc Nedir?"},"content":{"rendered":"<p>STEM K\u00dcT\u00dcPHANES\u0130Hey, s\u00fcper kodlay\u0131c\u0131lar!   \u015eimdi d\u00f6ng\u00fclerde bir maceraya at\u0131lman\u0131n tam s\u0131ras\u0131 ve i\u015fin en g\u00fczel taraf\u0131 da bunu ekran ba\u015f\u0131nda oturmadan yapacaks\u0131n\u0131z! A\u011fa\u00e7 ev maceras\u0131nda Flash ve arkada\u015flar\u0131na siz de kat\u0131l\u0131n.   Kodlamada \u0130lk Ad\u0131mlar kitaplar\u0131 kodlama kavramlar\u0131na giri\u015f niteli\u011findedir. Algoritma olu\u015fturma ve hata ay\u0131klama gibi temel becerilerin yan\u0131 s\u0131ra ele\u015ftirel d\u00fc\u015f\u00fcnme al\u0131\u015fkanl\u0131\u011f\u0131n\u0131 kazanan \u00e7ocuklar uzman birer kodlay\u0131c\u0131 olma yolculuklar\u0131nda ilk ad\u0131mlar\u0131n\u0131 atacakt\u0131r. <\/p>\n","protected":false},"excerpt":{"rendered":"<p>STEM K\u00dcT\u00dcPHANES\u0130Hey, s\u00fcper kodlay\u0131c\u0131lar! \u015eimdi d\u00f6ng\u00fclerde bir maceraya at\u0131lman\u0131n tam s\u0131ras\u0131 ve i\u015fin en g\u00fczel taraf\u0131 da bunu ekran ba\u015f\u0131nda oturmadan yapacaks\u0131n\u0131z! A\u011fa\u00e7 ev maceras\u0131nda Flash<span class=\"excerpt-hellip\"> [\u2026]<\/span><\/p>\n","protected":false},"featured_media":0,"template":"","meta":{"_monsterinsights_skip_tracking":false,"_monsterinsights_sitenote_active":false,"_monsterinsights_sitenote_note":"","_monsterinsights_sitenote_category":0},"product_brand":[],"product_cat":[13829,12274],"product_tag":[],"class_list":{"0":"post-763565","1":"product","2":"type-product","3":"status-publish","5":"product_cat-bilimsel-kitaplar","6":"product_cat-cocuk-ve-genclik-kitaplari","7":"pa_cilt-ciltsiz","8":"pa_tur-kitap","9":"pa_yayinevi-koc-universitesi-yayinlari","10":"pa_yazar-kaitlyn-siu","12":"first","13":"instock","14":"sale","15":"shipping-taxable","16":"purchasable","17":"product-type-simple"},"_links":{"self":[{"href":"https:\/\/roveyayinevi.com.tr\/index.php\/wp-json\/wp\/v2\/product\/763565","targetHints":{"allow":["GET"]}}],"collection":[{"href":"https:\/\/roveyayinevi.com.tr\/index.php\/wp-json\/wp\/v2\/product"}],"about":[{"href":"https:\/\/roveyayinevi.com.tr\/index.php\/wp-json\/wp\/v2\/types\/product"}],"wp:attachment":[{"href":"https:\/\/roveyayinevi.com.tr\/index.php\/wp-json\/wp\/v2\/media?parent=763565"}],"wp:term":[{"taxonomy":"product_brand","embeddable":true,"href":"https:\/\/roveyayinevi.com.tr\/index.php\/wp-json\/wp\/v2\/product_brand?post=763565"},{"taxonomy":"product_cat","embeddable":true,"href":"https:\/\/roveyayinevi.com.tr\/index.php\/wp-json\/wp\/v2\/product_cat?post=763565"},{"taxonomy":"product_tag","embeddable":true,"href":"https:\/\/roveyayinevi.com.tr\/index.php\/wp-json\/wp\/v2\/product_tag?post=763565"}],"curies":[{"name":"wp","href":"https:\/\/api.w.org\/{rel}","templated":true}]}}