{"id":763561,"date":"2025-08-28T10:44:39","date_gmt":"2025-08-28T07:44:39","guid":{"rendered":"https:\/\/roveyayinevi.com.tr\/index.php\/urun\/bahis-ve-kumar-nasil-birakilir-bagimlilar-ve-aileleri-icin-rehber\/"},"modified":"2026-04-15T03:28:46","modified_gmt":"2026-04-15T00:28:46","slug":"bahis-ve-kumar-nasil-birakilir-bagimlilar-ve-aileleri-icin-rehber","status":"publish","type":"product","link":"https:\/\/roveyayinevi.com.tr\/index.php\/urun\/bahis-ve-kumar-nasil-birakilir-bagimlilar-ve-aileleri-icin-rehber\/","title":{"rendered":"Bahis ve Kumar Nas\u0131l B\u0131rak\u0131l\u0131r? Ba\u011f\u0131ml\u0131lar ve Aileleri I\u00e7in Rehber"},"content":{"rendered":"<p>\u0130nternetin ve cep telefonlar\u0131n\u0131n geli\u015fimi sayesinde her an, her yerden bahis ve kumar oynanabilmesi, kumar ba\u011f\u0131ml\u0131l\u0131\u011f\u0131n\u0131 da evrensel bir sorun haline getirdi. H\u0131zla yay\u0131lan bu sorunla ba\u015fetmek i\u00e7in \u0130ngiltere Ulusal Sa\u011fl\u0131k Sistemi alt\u0131ndaki ilk ve tek kumar oynama bozuklu\u011fu klini\u011fi National Problem Gambling Clinic (Ulusal Sorunlu Kumar Oynama Klini\u011fi) 2008 y\u0131l\u0131nda Profes\u00f6r Henrietta Bowden-Jones taraf\u0131ndan kuruldu. Ba\u015fta kumar olmak \u00fczere ba\u011f\u0131ml\u0131l\u0131k konusunda Prof. Bowden-Jones ba\u015fkanl\u0131\u011f\u0131nda uzman bir ekip taraf\u0131ndan haz\u0131rlanan ve Cambridge \u00dcniversitesi Yay\u0131nlar\u0131 taraf\u0131ndan yay\u0131nlanan Bahis ve Kumar Nas\u0131l B\u0131rak\u0131l\u0131r? kitab\u0131 size kumar sorununuzun boyutunu daha iyi de\u011ferlendirmenizde yard\u0131mc\u0131 olacak, bu sorunla nas\u0131l ba\u015fa \u00e7\u0131kman\u0131z gerekti\u011fi konusunda yol g\u00f6sterecektir. Kitapta hayat\u0131n\u0131z\u0131n kontrol\u00fcn\u00fc yeniden elinize alman\u0131z\u0131 sa\u011flayacak y\u00f6ntemler ve teknikler, herkesin anlayabilece\u011fi \u015fekilde ad\u0131m ad\u0131m anlat\u0131lmaktad\u0131r. Ba\u011f\u0131ml\u0131 yak\u0131nlar\u0131n\u0131n da rehber edinebilece\u011fi bu kitap ayn\u0131 zamanda, kumar ba\u011f\u0131ml\u0131l\u0131\u011f\u0131 alan\u0131nda \u00e7al\u0131\u015fan uzmanlar\u0131n, kliniklerin ve rehabilitasyon merkezlerinin de ba\u015fvuru kayna\u011f\u0131 olabilecek niteliktedir. <\/p>\n","protected":false},"excerpt":{"rendered":"<p>\u0130nternetin ve cep telefonlar\u0131n\u0131n geli\u015fimi sayesinde her an, her yerden bahis ve kumar oynanabilmesi, kumar ba\u011f\u0131ml\u0131l\u0131\u011f\u0131n\u0131 da evrensel bir sorun haline getirdi. H\u0131zla yay\u0131lan bu sorunla<span class=\"excerpt-hellip\"> [\u2026]<\/span><\/p>\n","protected":false},"featured_media":0,"template":"","meta":{"_monsterinsights_skip_tracking":false,"_monsterinsights_sitenote_active":false,"_monsterinsights_sitenote_note":"","_monsterinsights_sitenote_category":0},"product_brand":[],"product_cat":[12357],"product_tag":[],"class_list":{"0":"post-763561","1":"product","2":"type-product","3":"status-publish","5":"product_cat-psikoloji","6":"pa_cilt-ciltsiz","7":"pa_tur-kitap","8":"pa_yayinevi-koc-universitesi-yayinlari","9":"pa_yazar-kolektif","11":"first","12":"instock","13":"sale","14":"shipping-taxable","15":"purchasable","16":"product-type-simple"},"_links":{"self":[{"href":"https:\/\/roveyayinevi.com.tr\/index.php\/wp-json\/wp\/v2\/product\/763561","targetHints":{"allow":["GET"]}}],"collection":[{"href":"https:\/\/roveyayinevi.com.tr\/index.php\/wp-json\/wp\/v2\/product"}],"about":[{"href":"https:\/\/roveyayinevi.com.tr\/index.php\/wp-json\/wp\/v2\/types\/product"}],"wp:attachment":[{"href":"https:\/\/roveyayinevi.com.tr\/index.php\/wp-json\/wp\/v2\/media?parent=763561"}],"wp:term":[{"taxonomy":"product_brand","embeddable":true,"href":"https:\/\/roveyayinevi.com.tr\/index.php\/wp-json\/wp\/v2\/product_brand?post=763561"},{"taxonomy":"product_cat","embeddable":true,"href":"https:\/\/roveyayinevi.com.tr\/index.php\/wp-json\/wp\/v2\/product_cat?post=763561"},{"taxonomy":"product_tag","embeddable":true,"href":"https:\/\/roveyayinevi.com.tr\/index.php\/wp-json\/wp\/v2\/product_tag?post=763561"}],"curies":[{"name":"wp","href":"https:\/\/api.w.org\/{rel}","templated":true}]}}