{"id":763560,"date":"2025-08-28T10:44:37","date_gmt":"2025-08-28T07:44:37","guid":{"rendered":"https:\/\/roveyayinevi.com.tr\/index.php\/urun\/napoleon-2\/"},"modified":"2026-04-15T03:28:46","modified_gmt":"2026-04-15T00:28:46","slug":"napoleon-2","status":"publish","type":"product","link":"https:\/\/roveyayinevi.com.tr\/index.php\/urun\/napoleon-2\/","title":{"rendered":"Napoleon"},"content":{"rendered":"<p>Napol\u00e9on Bonaparte\u2019\u0131n iki y\u00fczy\u0131ld\u0131r pek \u00e7ok biyografi yazar\u0131n\u0131n ilgisini \u00e7ekmi\u015f olmas\u0131 \u015fa\u015f\u0131rt\u0131c\u0131 de\u011fildir. Hayat\u0131 ola\u011fan\u00fcst\u00fc \u00f6nemli, \u00e7ok ama \u00e7ok b\u00fcy\u00fcleyiciydi; ba\u015fta Frans\u0131z Devrimi olmak \u00fczere d\u00fcnya tarihindeki en tart\u0131\u015fmal\u0131 ve s\u00fcrekli yeniden yorumlanan olaylardan baz\u0131lar\u0131yla da ba\u011flant\u0131l\u0131yd\u0131. David A. Bell, kitab\u0131n\u0131n giri\u015finde mevcut biyografilerin bir\u00e7ok olumlu \u00f6zellik ta\u015f\u0131mas\u0131n\u0131n yan\u0131nda, her okuyucunun bu hacimli kitaplar\u0131 okuyabilecek vakti ve sabr\u0131n\u0131n olmayabilece\u011fini s\u00f6yl\u00fcyor. Okurun ayr\u0131nt\u0131lar deryas\u0131nda kaybolmas\u0131na neden olmaktansa, Napol\u00e9on\u2019un ger\u00e7e\u011fe sad\u0131k, okunabilir bir portresini sunmaya, uzmanl\u0131k sahibi olmayanlara da hitap eden \u00f6zl\u00fc bir eser ortaya koymaya gayret etti\u011fini belirtiyor. 1769\u2019da Korsika\u2019da do\u011fan Napol\u00e9on, 1821\u2019de \u00e7ok daha k\u00fc\u00e7\u00fck bir adada, Saint Helena\u2019da s\u00fcrg\u00fcnde hayata g\u00f6zlerini yummu\u015f olsa da \u00f6l\u00fcm\u00fcnden sonra da ad\u0131 ve \u015f\u00f6hreti etraf\u0131nda m\u00fccadeleler y\u00fcr\u00fct\u00fclmeye devam etmi\u015ftir; asl\u0131nda bunlar\u0131 da onun hik\u00e2yesinin bir par\u00e7as\u0131 saymak gerekir. Bu hik\u00e2yede, Fransa\u2019da ve ba\u015fka \u00fclkelerde bug\u00fcn bile muazzam etkisini koruyan kurumlar\u0131n in\u015fas\u0131n\u0131n yan\u0131 s\u0131ra, inan\u0131lmaz bir seviyeye varan can kay\u0131plar\u0131 ve y\u0131k\u0131mlar da vard\u0131r. <\/p>\n","protected":false},"excerpt":{"rendered":"<p>Napol\u00e9on Bonaparte\u2019\u0131n iki y\u00fczy\u0131ld\u0131r pek \u00e7ok biyografi yazar\u0131n\u0131n ilgisini \u00e7ekmi\u015f olmas\u0131 \u015fa\u015f\u0131rt\u0131c\u0131 de\u011fildir. Hayat\u0131 ola\u011fan\u00fcst\u00fc \u00f6nemli, \u00e7ok ama \u00e7ok b\u00fcy\u00fcleyiciydi; ba\u015fta Frans\u0131z Devrimi olmak \u00fczere d\u00fcnya<span class=\"excerpt-hellip\"> [\u2026]<\/span><\/p>\n","protected":false},"featured_media":0,"template":"","meta":{"_monsterinsights_skip_tracking":false,"_monsterinsights_sitenote_active":false,"_monsterinsights_sitenote_note":"","_monsterinsights_sitenote_category":0},"product_brand":[],"product_cat":[14009,12291],"product_tag":[],"class_list":{"0":"post-763560","1":"product","2":"type-product","3":"status-publish","5":"product_cat-biyografi-otobiyografi-edebiyat","6":"product_cat-edebiyat","7":"pa_cilt-ciltsiz","8":"pa_tur-kitap","9":"pa_yayinevi-koc-universitesi-yayinlari","10":"pa_yazar-david-a-bell","12":"first","13":"instock","14":"sale","15":"shipping-taxable","16":"purchasable","17":"product-type-simple"},"_links":{"self":[{"href":"https:\/\/roveyayinevi.com.tr\/index.php\/wp-json\/wp\/v2\/product\/763560","targetHints":{"allow":["GET"]}}],"collection":[{"href":"https:\/\/roveyayinevi.com.tr\/index.php\/wp-json\/wp\/v2\/product"}],"about":[{"href":"https:\/\/roveyayinevi.com.tr\/index.php\/wp-json\/wp\/v2\/types\/product"}],"wp:attachment":[{"href":"https:\/\/roveyayinevi.com.tr\/index.php\/wp-json\/wp\/v2\/media?parent=763560"}],"wp:term":[{"taxonomy":"product_brand","embeddable":true,"href":"https:\/\/roveyayinevi.com.tr\/index.php\/wp-json\/wp\/v2\/product_brand?post=763560"},{"taxonomy":"product_cat","embeddable":true,"href":"https:\/\/roveyayinevi.com.tr\/index.php\/wp-json\/wp\/v2\/product_cat?post=763560"},{"taxonomy":"product_tag","embeddable":true,"href":"https:\/\/roveyayinevi.com.tr\/index.php\/wp-json\/wp\/v2\/product_tag?post=763560"}],"curies":[{"name":"wp","href":"https:\/\/api.w.org\/{rel}","templated":true}]}}