{"id":763559,"date":"2025-08-28T10:44:35","date_gmt":"2025-08-28T07:44:35","guid":{"rendered":"https:\/\/roveyayinevi.com.tr\/index.php\/urun\/filistin-atlasi\/"},"modified":"2026-04-15T03:28:46","modified_gmt":"2026-04-15T00:28:46","slug":"filistin-atlasi","status":"publish","type":"product","link":"https:\/\/roveyayinevi.com.tr\/index.php\/urun\/filistin-atlasi\/","title":{"rendered":"Filistin Atlas\u0131"},"content":{"rendered":"<p>Okula gitmek ve e\u011fitim alman\u0131n \u00e7ocuk haklar\u0131 i\u00e7inde yer ald\u0131\u011f\u0131n\u0131 \u00f6\u011frenen Ya\u011f\u0131z, eve b\u00fcy\u00fck bir \u015fa\u015fk\u0131nl\u0131kla d\u00f6n\u00fcyor. \u00c7\u00fcnk\u00fc d\u00fcnyan\u0131n pek \u00e7ok yerinde \u00e7ocuklar \u00e7e\u015fitli sebeplerle okullar\u0131na gidemiyor ve e\u011fitim haklar\u0131na ula\u015fam\u0131yor. K\u00fc\u00e7\u00fck karde\u015fi Kerime\u2019yle birlikte okula gidemeyen Filistinli \u00e7ocuklara bir hediye paketi haz\u0131rlamaya ba\u015flayan iki karde\u015fin g\u00fcn\u00fc, konu\u015fan atlas\u0131n sayfalar\u0131n\u0131 aralarken birden b\u00fcy\u00fck bir maceraya d\u00f6n\u00fc\u015f\u00fcyor. Gazze, Kud\u00fcs, Hayfa, Yafa&#8230; Her sayfada farkl\u0131 bir Filistin \u015fehrine giden iki karde\u015fin e\u011flendiren, \u00f6\u011freten ve d\u00fc\u015f\u00fcnd\u00fcren gezisi, P4C etkinlikleriyle unutulmaz bir deneyime d\u00f6n\u00fc\u015f\u00fcyor. Filistin\u2019in m\u00fccadelesini \u00e7ocuk haklar\u0131 temelinde felsefi bir bak\u0131\u015f a\u00e7\u0131s\u0131yla ele alan bu kitap, \u00e7ocuklar\u0131 Filistin \u00fczerine d\u00fc\u015f\u00fcnmeye ve konu\u015fmaya davet niteli\u011finde.<\/p>\n","protected":false},"excerpt":{"rendered":"<p>Okula gitmek ve e\u011fitim alman\u0131n \u00e7ocuk haklar\u0131 i\u00e7inde yer ald\u0131\u011f\u0131n\u0131 \u00f6\u011frenen Ya\u011f\u0131z, eve b\u00fcy\u00fck bir \u015fa\u015fk\u0131nl\u0131kla d\u00f6n\u00fcyor. \u00c7\u00fcnk\u00fc d\u00fcnyan\u0131n pek \u00e7ok yerinde \u00e7ocuklar \u00e7e\u015fitli sebeplerle okullar\u0131na<span class=\"excerpt-hellip\"> [\u2026]<\/span><\/p>\n","protected":false},"featured_media":0,"template":"","meta":{"_monsterinsights_skip_tracking":false,"_monsterinsights_sitenote_active":false,"_monsterinsights_sitenote_note":"","_monsterinsights_sitenote_category":0},"product_brand":[],"product_cat":[12274,12284],"product_tag":[],"class_list":{"0":"post-763559","1":"product","2":"type-product","3":"status-publish","5":"product_cat-cocuk-ve-genclik-kitaplari","6":"product_cat-hikayeler","7":"pa_cilt-ciltsiz","8":"pa_tur-kitap","9":"pa_yayinevi-erdem-cocuk","10":"pa_yazar-ayse-cam","12":"first","13":"instock","14":"sale","15":"shipping-taxable","16":"purchasable","17":"product-type-simple"},"_links":{"self":[{"href":"https:\/\/roveyayinevi.com.tr\/index.php\/wp-json\/wp\/v2\/product\/763559","targetHints":{"allow":["GET"]}}],"collection":[{"href":"https:\/\/roveyayinevi.com.tr\/index.php\/wp-json\/wp\/v2\/product"}],"about":[{"href":"https:\/\/roveyayinevi.com.tr\/index.php\/wp-json\/wp\/v2\/types\/product"}],"wp:attachment":[{"href":"https:\/\/roveyayinevi.com.tr\/index.php\/wp-json\/wp\/v2\/media?parent=763559"}],"wp:term":[{"taxonomy":"product_brand","embeddable":true,"href":"https:\/\/roveyayinevi.com.tr\/index.php\/wp-json\/wp\/v2\/product_brand?post=763559"},{"taxonomy":"product_cat","embeddable":true,"href":"https:\/\/roveyayinevi.com.tr\/index.php\/wp-json\/wp\/v2\/product_cat?post=763559"},{"taxonomy":"product_tag","embeddable":true,"href":"https:\/\/roveyayinevi.com.tr\/index.php\/wp-json\/wp\/v2\/product_tag?post=763559"}],"curies":[{"name":"wp","href":"https:\/\/api.w.org\/{rel}","templated":true}]}}