{"id":763558,"date":"2025-08-28T10:44:33","date_gmt":"2025-08-28T07:44:33","guid":{"rendered":"https:\/\/roveyayinevi.com.tr\/index.php\/urun\/esma-ile-husna-2-bahcedeki-uzaylilar\/"},"modified":"2026-04-15T03:28:46","modified_gmt":"2026-04-15T00:28:46","slug":"esma-ile-husna-2-bahcedeki-uzaylilar","status":"publish","type":"product","link":"https:\/\/roveyayinevi.com.tr\/index.php\/urun\/esma-ile-husna-2-bahcedeki-uzaylilar\/","title":{"rendered":"Esma ile H\u00fcsna 2 &#8211; Bah\u00e7edeki Uzayl\u0131lar"},"content":{"rendered":"<p>Esma ile H\u00fcsna, merakl\u0131, e\u011flenceli ve biraz da fazla hareketli ikiz karde\u015fler&#8230; Babalar\u0131n\u0131n kurdu\u011fu ev laboratuvar\u0131na ge\u00e7i\u015f izni almaya \u00e7al\u0131\u015f\u0131rken dedeleri Nusret Kaptan onlara beklenmedik bir kap\u0131 aralar. Allah\u2019\u0131n 99 ismini, bilim ve g\u00fcnl\u00fck hayat i\u00e7inden \u00f6rneklerle anlatmaya ba\u015flar. \u0130ki karde\u015f bir yandan kar\u0131ncalar\u0131n hangi dili konu\u015ftu\u011funu bulmaya \u00e7al\u0131\u015f\u0131rken di\u011fer yandan arkada\u015flar\u0131 \u00c2mine\u2019yle birlikle bah\u00e7eye indi\u011fine inand\u0131klar\u0131 uzayl\u0131lar\u0131n pe\u015fine d\u00fc\u015fer. \u00dc\u00e7 kafadar, bu maceran\u0131n sonunda Esma-i H\u00fcsna\u2019dan Adl, Af\u00fcv, Al\u00eem, Gafur, Hasib, Kerim, Muhsi, Rahim, Rahman, Rauf, Re\u015fid, Rezzak, Sabur, Selam, \u015eekur, Vedud, Vehhab ve Veli isimlerini \u00f6\u011freniyor.<\/p>\n","protected":false},"excerpt":{"rendered":"<p>Esma ile H\u00fcsna, merakl\u0131, e\u011flenceli ve biraz da fazla hareketli ikiz karde\u015fler&#8230; Babalar\u0131n\u0131n kurdu\u011fu ev laboratuvar\u0131na ge\u00e7i\u015f izni almaya \u00e7al\u0131\u015f\u0131rken dedeleri Nusret Kaptan onlara beklenmedik bir<span class=\"excerpt-hellip\"> [\u2026]<\/span><\/p>\n","protected":false},"featured_media":0,"template":"","meta":{"_monsterinsights_skip_tracking":false,"_monsterinsights_sitenote_active":false,"_monsterinsights_sitenote_note":"","_monsterinsights_sitenote_category":0},"product_brand":[],"product_cat":[12274,12284],"product_tag":[],"class_list":{"0":"post-763558","1":"product","2":"type-product","3":"status-publish","5":"product_cat-cocuk-ve-genclik-kitaplari","6":"product_cat-hikayeler","7":"pa_cilt-ciltsiz","8":"pa_tur-kitap","9":"pa_yayinevi-erdem-cocuk","10":"pa_yazar-ali-soyler","12":"first","13":"instock","14":"sale","15":"shipping-taxable","16":"purchasable","17":"product-type-simple"},"_links":{"self":[{"href":"https:\/\/roveyayinevi.com.tr\/index.php\/wp-json\/wp\/v2\/product\/763558","targetHints":{"allow":["GET"]}}],"collection":[{"href":"https:\/\/roveyayinevi.com.tr\/index.php\/wp-json\/wp\/v2\/product"}],"about":[{"href":"https:\/\/roveyayinevi.com.tr\/index.php\/wp-json\/wp\/v2\/types\/product"}],"wp:attachment":[{"href":"https:\/\/roveyayinevi.com.tr\/index.php\/wp-json\/wp\/v2\/media?parent=763558"}],"wp:term":[{"taxonomy":"product_brand","embeddable":true,"href":"https:\/\/roveyayinevi.com.tr\/index.php\/wp-json\/wp\/v2\/product_brand?post=763558"},{"taxonomy":"product_cat","embeddable":true,"href":"https:\/\/roveyayinevi.com.tr\/index.php\/wp-json\/wp\/v2\/product_cat?post=763558"},{"taxonomy":"product_tag","embeddable":true,"href":"https:\/\/roveyayinevi.com.tr\/index.php\/wp-json\/wp\/v2\/product_tag?post=763558"}],"curies":[{"name":"wp","href":"https:\/\/api.w.org\/{rel}","templated":true}]}}