{"id":763557,"date":"2025-08-28T10:44:31","date_gmt":"2025-08-28T07:44:31","guid":{"rendered":"https:\/\/roveyayinevi.com.tr\/index.php\/urun\/robi-kurtar-bizi\/"},"modified":"2026-04-14T03:25:40","modified_gmt":"2026-04-14T00:25:40","slug":"robi-kurtar-bizi","status":"publish","type":"product","link":"https:\/\/roveyayinevi.com.tr\/index.php\/urun\/robi-kurtar-bizi\/","title":{"rendered":"Robi Kurtar Bizi"},"content":{"rendered":"<p>Arda, bozuk olan her \u015feyi tamir etmeyi seviyor. Dostu \u00d6mer de yaz\u0131l\u0131m konusunda uzman. \u0130ki dost, teknolojinin do\u011fay\u0131 korumakta kullan\u0131lmas\u0131n\u0131 sa\u011flamak amac\u0131yla d\u00fczenlenen yar\u0131\u015fmada finale kal\u0131r. Arda ve \u00d6mer\u2019in, final i\u00e7in yeni bir robot tasarlamas\u0131 gerekmektedir. Ne yapacaklar\u0131n\u0131 d\u00fc\u015f\u00fcn\u00fcrlerken Teknoloji Yaz Kamp\u0131\u2019na davet edilirler. Kampta teknoloji ve do\u011fa merakl\u0131s\u0131 Ay\u015fe\u2019yle tan\u0131\u015f\u0131nca kamp heyecanl\u0131 bir h\u00e2l al\u0131r.  \u00dc\u00e7 arkada\u015f, D\u00fcnya\u2019n\u0131n kaderini de\u011fi\u015ftirecek bir plan\u0131n pe\u015findedir. Bakal\u0131m, Robi plan\u0131n neresinde yer alacak?<\/p>\n","protected":false},"excerpt":{"rendered":"<p>Arda, bozuk olan her \u015feyi tamir etmeyi seviyor. Dostu \u00d6mer de yaz\u0131l\u0131m konusunda uzman. \u0130ki dost, teknolojinin do\u011fay\u0131 korumakta kullan\u0131lmas\u0131n\u0131 sa\u011flamak amac\u0131yla d\u00fczenlenen yar\u0131\u015fmada finale kal\u0131r.<span class=\"excerpt-hellip\"> [\u2026]<\/span><\/p>\n","protected":false},"featured_media":0,"template":"","meta":{"_monsterinsights_skip_tracking":false,"_monsterinsights_sitenote_active":false,"_monsterinsights_sitenote_note":"","_monsterinsights_sitenote_category":0},"product_brand":[],"product_cat":[12274,12284],"product_tag":[],"class_list":{"0":"post-763557","1":"product","2":"type-product","3":"status-publish","5":"product_cat-cocuk-ve-genclik-kitaplari","6":"product_cat-hikayeler","7":"pa_cilt-ciltsiz","8":"pa_tur-kitap","9":"pa_yayinevi-erdem-cocuk","10":"pa_yazar-faruk-yildiz","12":"first","13":"instock","14":"sale","15":"shipping-taxable","16":"purchasable","17":"product-type-simple"},"_links":{"self":[{"href":"https:\/\/roveyayinevi.com.tr\/index.php\/wp-json\/wp\/v2\/product\/763557","targetHints":{"allow":["GET"]}}],"collection":[{"href":"https:\/\/roveyayinevi.com.tr\/index.php\/wp-json\/wp\/v2\/product"}],"about":[{"href":"https:\/\/roveyayinevi.com.tr\/index.php\/wp-json\/wp\/v2\/types\/product"}],"wp:attachment":[{"href":"https:\/\/roveyayinevi.com.tr\/index.php\/wp-json\/wp\/v2\/media?parent=763557"}],"wp:term":[{"taxonomy":"product_brand","embeddable":true,"href":"https:\/\/roveyayinevi.com.tr\/index.php\/wp-json\/wp\/v2\/product_brand?post=763557"},{"taxonomy":"product_cat","embeddable":true,"href":"https:\/\/roveyayinevi.com.tr\/index.php\/wp-json\/wp\/v2\/product_cat?post=763557"},{"taxonomy":"product_tag","embeddable":true,"href":"https:\/\/roveyayinevi.com.tr\/index.php\/wp-json\/wp\/v2\/product_tag?post=763557"}],"curies":[{"name":"wp","href":"https:\/\/api.w.org\/{rel}","templated":true}]}}