{"id":763556,"date":"2025-08-28T10:44:29","date_gmt":"2025-08-28T07:44:29","guid":{"rendered":"https:\/\/roveyayinevi.com.tr\/index.php\/urun\/emanetdar-ayasofyada\/"},"modified":"2026-04-15T03:28:46","modified_gmt":"2026-04-15T00:28:46","slug":"emanetdar-ayasofyada","status":"publish","type":"product","link":"https:\/\/roveyayinevi.com.tr\/index.php\/urun\/emanetdar-ayasofyada\/","title":{"rendered":"Emanetdar Ayasofya\u2019da"},"content":{"rendered":"<p>Yama\u00e7\u2019\u0131n gizemlerle dolu g\u00f6revini ger\u00e7ekle\u015ftirmesinin \u00fcst\u00fcnden bir y\u0131ldan fazla zaman ge\u00e7mi\u015ftir. Yama\u00e7, Mehmet dedeyle ilgili bir iz ararken eline gizemli bir mektup ge\u00e7er. \u201cEmanetdar\u2019\u0131n zaman\u0131 yakla\u015ft\u0131. Haz\u0131rl\u0131k yap.\u201d diye bir mesaj al\u0131r. Yola \u00e7\u0131kt\u0131\u011f\u0131nda gizemli bir adamla kar\u015f\u0131la\u015f\u0131r ve kendini bir anda bir denizalt\u0131nda bulur. Kar\u015f\u0131s\u0131nda, hi\u00e7 g\u00f6rmeyi beklemedi\u011fi ki\u015filer vard\u0131r. Yama\u00e7, Mehmet dedeye ula\u015f\u0131p g\u00f6revini yerine getirebilecek mi?  D\u00fcnyada ger\u00e7ekle\u015fen s\u0131ra d\u0131\u015f\u0131 do\u011fa olaylar\u0131 ile ilgili cevab\u0131n\u0131 arad\u0131\u011f\u0131 sorular, onu Ayasofya\u2019ya y\u00f6nlendirmektedir. M\u00fcntehab adl\u0131 bir z\u00fcmreye ait ipu\u00e7lar\u0131, onu Ayasofya\u2019n\u0131n mozaiklerini incelemeye y\u00f6neltir. Yama\u00e7, mozaikler aras\u0131na saklanan gizemi \u00e7\u00f6zebilecek mi? M\u00fcntehablar\u0131n D\u00fcnya i\u00e7in yapt\u0131\u011f\u0131 planlara engel olabilecek mi? Bu kitapla gen\u00e7ler, Ayasofya\u2019n\u0131n gizemlerini ke\u015ffedip \u00e7e\u015fitli uygarl\u0131klar hakk\u0131nda bilgi sahibi olman\u0131n yan\u0131 s\u0131ra \u00e7evreye kar\u015f\u0131 fark\u0131ndal\u0131k geli\u015ftirecekler. Tarih, sanat tarihi, mimari ve teknolojinin bir arada oldu\u011fu heyecan dolu bir macera okurlar\u0131n\u0131 bekliyor. <\/p>\n","protected":false},"excerpt":{"rendered":"<p>Yama\u00e7\u2019\u0131n gizemlerle dolu g\u00f6revini ger\u00e7ekle\u015ftirmesinin \u00fcst\u00fcnden bir y\u0131ldan fazla zaman ge\u00e7mi\u015ftir. Yama\u00e7, Mehmet dedeyle ilgili bir iz ararken eline gizemli bir mektup ge\u00e7er. \u201cEmanetdar\u2019\u0131n zaman\u0131 yakla\u015ft\u0131.<span class=\"excerpt-hellip\"> [\u2026]<\/span><\/p>\n","protected":false},"featured_media":0,"template":"","meta":{"_monsterinsights_skip_tracking":false,"_monsterinsights_sitenote_active":false,"_monsterinsights_sitenote_note":"","_monsterinsights_sitenote_category":0},"product_brand":[],"product_cat":[12291,12711],"product_tag":[],"class_list":{"0":"post-763556","1":"product","2":"type-product","3":"status-publish","5":"product_cat-edebiyat","6":"product_cat-roman-oyku","7":"pa_cilt-ciltsiz","8":"pa_tur-kitap","9":"pa_yayinevi-erdem-yayinlari","10":"pa_yazar-esra-bahadir-cesar","12":"first","13":"instock","14":"sale","15":"shipping-taxable","16":"purchasable","17":"product-type-simple"},"_links":{"self":[{"href":"https:\/\/roveyayinevi.com.tr\/index.php\/wp-json\/wp\/v2\/product\/763556","targetHints":{"allow":["GET"]}}],"collection":[{"href":"https:\/\/roveyayinevi.com.tr\/index.php\/wp-json\/wp\/v2\/product"}],"about":[{"href":"https:\/\/roveyayinevi.com.tr\/index.php\/wp-json\/wp\/v2\/types\/product"}],"wp:attachment":[{"href":"https:\/\/roveyayinevi.com.tr\/index.php\/wp-json\/wp\/v2\/media?parent=763556"}],"wp:term":[{"taxonomy":"product_brand","embeddable":true,"href":"https:\/\/roveyayinevi.com.tr\/index.php\/wp-json\/wp\/v2\/product_brand?post=763556"},{"taxonomy":"product_cat","embeddable":true,"href":"https:\/\/roveyayinevi.com.tr\/index.php\/wp-json\/wp\/v2\/product_cat?post=763556"},{"taxonomy":"product_tag","embeddable":true,"href":"https:\/\/roveyayinevi.com.tr\/index.php\/wp-json\/wp\/v2\/product_tag?post=763556"}],"curies":[{"name":"wp","href":"https:\/\/api.w.org\/{rel}","templated":true}]}}